{"id":1199,"date":"2019-09-05T19:46:29","date_gmt":"2019-09-05T19:46:29","guid":{"rendered":"https:\/\/www.sanantonioaccidentlawyer.com\/car-accident-causes\/"},"modified":"2020-11-27T22:14:04","modified_gmt":"2020-11-27T22:14:04","slug":"causas-de-accidentes-automovilisticos","status":"publish","type":"page","link":"https:\/\/www.sanantonioaccidentlawyer.com\/es\/accidentes-de-auto\/causas-de-accidentes-automovilisticos\/","title":{"rendered":"12 de las Causas M\u00e1s Comunes de Accidentes Automovil\u00edsticos"},"content":{"rendered":"<p>[et_pb_section fb_built=\u00bb1&#8243; fullwidth=\u00bbon\u00bb custom_padding_last_edited=\u00bbon|phone\u00bb _builder_version=\u00bb3.26.5&#8243; use_background_color_gradient=\u00bbon\u00bb background_color_gradient_start=\u00bbrgba(9,19,46,0.9)\u00bb background_color_gradient_end=\u00bbrgba(9,19,46,0.81)\u00bb background_color_gradient_start_position=\u00bb6%\u00bb background_color_gradient_overlays_image=\u00bbon\u00bb background_image=\u00bbhttps:\/\/www.sanantonioaccidentlawyer.com\/wp-content\/uploads\/2019\/08\/car-accidents-attorney.jpg\u00bb custom_margin=\u00bb-63px||||false|false\u00bb custom_padding=\u00bb200px||300px||false|false\u00bb custom_padding_tablet=\u00bb170px||260px||false|false\u00bb custom_padding_phone=\u00bb150px||230px||false|false\u00bb][et_pb_fullwidth_code module_class=\u00bbbreadcrumb\u00bb _builder_version=\u00bb3.26.5&#8243;][flexy_breadcrumb][\/et_pb_fullwidth_code][et_pb_fullwidth_header title=\u00bb12 de las Causas M\u00e1s Comunes de Accidentes Automovil\u00edsticos\u00bb admin_label=\u00bbFullwidth Header\u00bb _builder_version=\u00bb3.26.5&#8243; title_font=\u00bb|600|||||||\u00bb title_text_align=\u00bbcenter\u00bb title_font_size=\u00bb45px\u00bb background_enable_color=\u00bboff\u00bb background_enable_image=\u00bboff\u00bb custom_margin=\u00bb|0px|||false|false\u00bb custom_padding=\u00bb0px||0px||false|false\u00bb title_font_size_tablet=\u00bb38px\u00bb title_font_size_phone=\u00bb28px\u00bb title_font_size_last_edited=\u00bbon|phone\u00bb background__hover_enabled=\u00bboff\u00bb][\/et_pb_fullwidth_header][\/et_pb_section][et_pb_section fb_built=\u00bb1&#8243; use_custom_gutter=\u00bbon\u00bb gutter_width=\u00bb2&#8243; specialty=\u00bbon\u00bb custom_padding_last_edited=\u00bbon|phone\u00bb padding_top_bottom_link_2=\u00bbfalse\u00bb padding_left_right_link_2=\u00bbfalse\u00bb padding_top_2=\u00bb35px\u00bb padding_right_2=\u00bb15px\u00bb padding_bottom_2=\u00bb15px\u00bb padding_left_2=\u00bb15px\u00bb module_id_2=\u00bbsidebar-sticky\u00bb module_class_1=\u00bbleft_section\u00bb module_class_2=\u00bbsingle_column_section fixedsticky\u00bb module_class=\u00bbmain_row\u00bb _builder_version=\u00bb3.26.5&#8243; width_tablet=\u00bb\u00bb width_phone=\u00bb\u00bb width_last_edited=\u00bbon|phone\u00bb max_width_tablet=\u00bb\u00bb max_width_phone=\u00bb\u00bb max_width_last_edited=\u00bbon|phone\u00bb inner_max_width=\u00bb1200px\u00bb inner_max_width_tablet=\u00bb100%\u00bb inner_max_width_phone=\u00bb\u00bb inner_max_width_last_edited=\u00bbon|phone\u00bb custom_padding=\u00bb0px||||false|false\u00bb custom_padding_tablet=\u00bb|15px|20px|15px|false|false\u00bb custom_padding_phone=\u00bb\u00bb][et_pb_column type=\u00bb2_3&#8243; specialty_columns=\u00bb2&#8243; _builder_version=\u00bb3.25&#8243; custom_padding=\u00bb|||\u00bb custom_padding__hover=\u00bb|||\u00bb][et_pb_row_inner custom_padding_last_edited=\u00bbon|phone\u00bb module_class=\u00bbinner_row\u00bb _builder_version=\u00bb3.26.5&#8243; background_color=\u00bb#fff\u00bb width=\u00bb100%\u00bb max_width=\u00bb1200px\u00bb custom_padding=\u00bb35px|35px|35px|35px|false|false\u00bb custom_padding_tablet=\u00bb25px|25px|25px|25px|true|true\u00bb custom_padding_phone=\u00bb20px|20px|20px|20px|true|true\u00bb collapsed=\u00bboff\u00bb][et_pb_column_inner saved_specialty_column_type=\u00bb2_3&#8243; _builder_version=\u00bb3.26.5&#8243;][et_pb_text _builder_version=\u00bb3.27.4&#8243; header_2_font=\u00bb|600|||||||\u00bb header_2_font_size=\u00bb30px\u00bb text_font_size_tablet=\u00bb16px\u00bb text_font_size_phone=\u00bb15px\u00bb text_font_size_last_edited=\u00bbon|phone\u00bb text_line_height_tablet=\u00bb1.5em\u00bb text_line_height_phone=\u00bb1.5em\u00bb text_line_height_last_edited=\u00bbon|phone\u00bb header_2_font_size_tablet=\u00bb26px\u00bb header_2_font_size_phone=\u00bb20px\u00bb header_2_font_size_last_edited=\u00bbon|phone\u00bb header_2_font_size__hover_enabled=\u00bboff\u00bb]<\/p>\n<p>M\u00e1s del 99% de las veces, los conductores del centro de Texas viajan de un lugar a otro sin ning\u00fan incidente. Sin embargo, en ocasiones, estos conductores se ven involucrados en accidentes automovil\u00edsticos. Debido a que pasan con tan poca frecuencia, los conductores tienden a culpar al clima, la mala calidad de las v\u00edas o mal funcionamiento del veh\u00edculo por estas colisiones.<\/p>\n<p>El hecho es que la gran mayor\u00eda de los\u00a0<a title=\"Car Accidents\" href=\"https:\/\/www.sanantonioaccidentlawyer.com\/accidentes-de-carros.html\">accidentes de tr\u00e1nsito<\/a>\u00a0son ocasionados por errores del conductor. Esto significa que puede culparse del accidente a uno o m\u00e1s de los conductores involucrados en el mismo.<\/p>\n<p><strong class=\"heading4\">Por Qu\u00e9 Ocurren los Accidentes de Tr\u00e1nsito<\/strong><\/p>\n<p>He aqu\u00ed doce de las causas m\u00e1s comunes de accidentes de tr\u00e1nsito en el centro del estado de Texas:<\/p>\n<ol>\n<li>Conducir por encima del l\u00edmite de velocidad o demasiado r\u00e1pido para las condiciones clim\u00e1ticas o de la v\u00eda<\/li>\n<li>No ceder el paso en una zona se\u00f1alizada o al cruzar a la derecha en una intersecci\u00f3n<\/li>\n<li>No detenerse en una se\u00f1al de pare o un sem\u00e1foro con luz roja<\/li>\n<li>Cambiar de canal o cruzar sin usar las luces de cruce<\/li>\n<li>Cambiar de canal de manera no segura o no poder permanecer dentro de un s\u00f3lo canal<\/li>\n<li>Acercarse demasiado a otro veh\u00edculo al punto de ser incapaz de frenar a tiempo para evitar un choque<\/li>\n<li>No ceder el paso al salir de una entrada privada<\/li>\n<li>No ceder el paso a un peat\u00f3n en un cruce peatonal o estacionamiento<\/li>\n<li>P\u00e9rdida de control sobre el veh\u00edculo<\/li>\n<li>Tratar de efectuar un giro no seguro<\/li>\n<li>Enviar mensajes, hablar por tel\u00e9fono o distraerse de otra manera mientras maneja<\/li>\n<li>Operar un veh\u00edculo bajo los efectos de drogas o alcohol<\/li>\n<\/ol>\n<p><strong class=\"heading4\">Asignaci\u00f3n de Responsabilidad en un Accidente de Tr\u00e1nsito en San Antonio<\/strong><\/p>\n<p>Es frecuente que una o varias personas resulten lesionadas cuando ocurre un accidente de tr\u00e1nsito. Las leyes del estado de Texas establecen que la parte responsable por el accidente automovil\u00edstico ser\u00e1 responsable por cualquier lesi\u00f3n o lesiones que ocurran como resultado del incidente. En accidentes de un s\u00f3lo veh\u00edculo, los pasajeros lesionados pueden responsabilizar al conductor por los gastos relacionados a sus lesiones.<\/p>\n<p>Los abogados de accidentes automovil\u00edsticos de\u00a0<a title=\"San Antonio, TX Personal Injury Lawyer\" href=\"https:\/\/www.sanantonioaccidentlawyer.com\/es\/\">Las Oficinas Jur\u00eddicas de Ronald A. Ramos<\/a>\u00a0pueden ayudar a las v\u00edctimas a recibir el reembolso por sus gastos m\u00e9dicos, compensaci\u00f3n por salarios no cobrados debido a inasistencia laboral, y posiblemente idemnizaci\u00f3n por dolor y sufrimiento. Nuestros abogados pueden adem\u00e1s ayudar a las v\u00edctimas cuando se ven involucradas compa\u00f1\u00edas aseguradoras o cuando existe una disputa sobre la causa del accidente.<\/p>\n<p>Si usted ha resultado herido o lastimado en un accidente de tr\u00e1nsito en San Antonio que fue ocasionado por un tercero, aprenda ahora cu\u00e1les son sus derechos legales de un abogado personal y con experiencia en lesiones personales en San Antonio, TX, ahora mismo llamando al n\u00famero (210) 308-8811 o llenando un\u00a0<a title=\"Contact Us\" href=\"https:\/\/www.sanantonioaccidentlawyer.com\/contact-us\/\">formulario de contacto<\/a>\u00a0en l\u00ednea, sin compromiso, para hacer una consulta y discutir su caso.<\/p>\n<p>[\/et_pb_text][\/et_pb_column_inner][\/et_pb_row_inner][\/et_pb_column][et_pb_column type=\u00bb1_3&#8243; _builder_version=\u00bb3.25&#8243; custom_padding=\u00bb|||\u00bb custom_padding__hover=\u00bb|||\u00bb][et_pb_text module_class=\u00bbright-column-1 \u00bb _builder_version=\u00bb3.27.4&#8243; header_2_font=\u00bb|600|||||||\u00bb header_2_font_size=\u00bb30px\u00bb header_2_line_height=\u00bb1.2em\u00bb header_2_font_size_tablet=\u00bb26px\u00bb header_2_font_size_phone=\u00bb22px\u00bb header_2_font_size_last_edited=\u00bbon|phone\u00bb]<\/p>\n<h2>Lorem Ipsum\u00a0is simply<\/h2>\n<p>[\/et_pb_text][et_pb_accordion module_class=\u00bbinner-accordion\u00bb _builder_version=\u00bb3.26.5&#8243; toggle_font=\u00bb|600|||||||\u00bb toggle_font_size=\u00bb18px\u00bb toggle_line_height=\u00bb1.3em\u00bb closed_toggle_font=\u00bb|600|||||||\u00bb closed_toggle_font_size=\u00bb18px\u00bb closed_toggle_line_height=\u00bb1.3em\u00bb body_font_size=\u00bb16px\u00bb body_line_height=\u00bb1.5em\u00bb custom_padding_tablet=\u00bb\u00bb custom_padding_phone=\u00bb|||0px|false|false\u00bb custom_padding_last_edited=\u00bbon|tablet\u00bb border_width_all=\u00bb0px\u00bb border_style_all=\u00bbnone\u00bb icon_font_size__hover_enabled=\u00bboff\u00bb body_text_color__hover_enabled=\u00bbon\u00bb body_text_color__hover=\u00bb#16264E\u00bb][et_pb_accordion_item title=\u00bbThere are many variations of passages\u00bb open=\u00bbon\u00bb _builder_version=\u00bb3.26.5&#8243;]<\/p>\n<ul>\n<li><a href=\"#\">There are many variations of passages<\/a><\/li>\n<li><a href=\"#\">There are many variations of passages<\/a><\/li>\n<li><a href=\"#\">There are many variations of passages<\/a><\/li>\n<li><a href=\"#\">There are many variations of passages<\/a><\/li>\n<li><a href=\"#\">There are many variations of passages<\/a><\/li>\n<\/ul>\n<p>[\/et_pb_accordion_item][et_pb_accordion_item title=\u00bbLorem Ipsum is simply dummy text\u00bb _builder_version=\u00bb3.26.5&#8243; open=\u00bboff\u00bb]<\/p>\n<ul>\n<li><a href=\"#\">There are many variations of passages<\/a><\/li>\n<li><a href=\"#\">There are many variations of passages<\/a><\/li>\n<li><a href=\"#\">There are many variations of passages<\/a><\/li>\n<li><a href=\"#\">There are many variations of passages<\/a><\/li>\n<li><a href=\"#\">There are many variations of passages<\/a><\/li>\n<\/ul>\n<p>[\/et_pb_accordion_item][et_pb_accordion_item title=\u00bbContrary to popular belief\u00bb _builder_version=\u00bb3.26.5&#8243; open=\u00bboff\u00bb]<\/p>\n<ul>\n<li><a href=\"#\">There are many variations of passages<\/a><\/li>\n<li><a href=\"#\">There are many variations of passages<\/a><\/li>\n<li><a href=\"#\">There are many variations of passages<\/a><\/li>\n<li><a href=\"#\">There are many variations of passages<\/a><\/li>\n<li><a href=\"#\">There are many variations of passages<\/a><\/li>\n<\/ul>\n<p>[\/et_pb_accordion_item][\/et_pb_accordion][\/et_pb_column][\/et_pb_section]<\/p>\n","protected":false},"excerpt":{"rendered":"<p>[flexy_breadcrumb]M\u00e1s del 99% de las veces, los conductores del centro de Texas viajan de un lugar a otro sin ning\u00fan incidente. Sin embargo, en ocasiones, estos conductores se ven involucrados en accidentes automovil\u00edsticos. Debido a que pasan con tan poca frecuencia, los conductores tienden a culpar al clima, la mala calidad de las v\u00edas o [&hellip;]<\/p>\n","protected":false},"author":5,"featured_media":0,"parent":1182,"menu_order":0,"comment_status":"closed","ping_status":"closed","template":"","meta":{"_et_pb_use_builder":"on","_et_pb_old_content":"","_et_gb_content_width":"","footnotes":""},"class_list":["post-1199","page","type-page","status-publish","hentry"],"_links":{"self":[{"href":"https:\/\/www.sanantonioaccidentlawyer.com\/es\/wp-json\/wp\/v2\/pages\/1199","targetHints":{"allow":["GET"]}}],"collection":[{"href":"https:\/\/www.sanantonioaccidentlawyer.com\/es\/wp-json\/wp\/v2\/pages"}],"about":[{"href":"https:\/\/www.sanantonioaccidentlawyer.com\/es\/wp-json\/wp\/v2\/types\/page"}],"author":[{"embeddable":true,"href":"https:\/\/www.sanantonioaccidentlawyer.com\/es\/wp-json\/wp\/v2\/users\/5"}],"replies":[{"embeddable":true,"href":"https:\/\/www.sanantonioaccidentlawyer.com\/es\/wp-json\/wp\/v2\/comments?post=1199"}],"version-history":[{"count":0,"href":"https:\/\/www.sanantonioaccidentlawyer.com\/es\/wp-json\/wp\/v2\/pages\/1199\/revisions"}],"up":[{"embeddable":true,"href":"https:\/\/www.sanantonioaccidentlawyer.com\/es\/wp-json\/wp\/v2\/pages\/1182"}],"wp:attachment":[{"href":"https:\/\/www.sanantonioaccidentlawyer.com\/es\/wp-json\/wp\/v2\/media?parent=1199"}],"curies":[{"name":"wp","href":"https:\/\/api.w.org\/{rel}","templated":true}]}}