{"id":1208,"date":"2019-09-05T13:59:27","date_gmt":"2019-09-05T13:59:27","guid":{"rendered":"https:\/\/www.sanantonioaccidentlawyer.com\/work-injury\/"},"modified":"2026-03-14T19:42:46","modified_gmt":"2026-03-14T19:42:46","slug":"accidentes-de-trabajo","status":"publish","type":"page","link":"https:\/\/www.sanantonioaccidentlawyer.com\/es\/accidentes-de-trabajo\/","title":{"rendered":"Accidentes de Trabajo"},"content":{"rendered":"<p>[et_pb_section fb_built=\u00bb1&#8243; fullwidth=\u00bbon\u00bb custom_padding_last_edited=\u00bbon|phone\u00bb _builder_version=\u00bb4.16&#8243; use_background_color_gradient=\u00bbon\u00bb background_color_gradient_stops=\u00bbrgba(9,19,46,0.9) 6%|rgba(9,19,46,0.81) 100%\u00bb background_color_gradient_overlays_image=\u00bbon\u00bb background_color_gradient_start=\u00bbrgba(9,19,46,0.9)\u00bb background_color_gradient_start_position=\u00bb6%\u00bb background_color_gradient_end=\u00bbrgba(9,19,46,0.81)\u00bb background_image=\u00bbhttps:\/\/www.sanantonioaccidentlawyer.com\/wp-content\/uploads\/2019\/08\/car-accidents-attorney.jpg\u00bb custom_margin=\u00bb-63px||||false|false\u00bb custom_padding=\u00bb200px||300px||false|false\u00bb custom_padding_tablet=\u00bb170px||260px||false|false\u00bb custom_padding_phone=\u00bb150px||230px||false|false\u00bb global_colors_info=\u00bb{}\u00bb][et_pb_fullwidth_header title=\u00bbAccidentes de Trabajo\u00bb _builder_version=\u00bb4.16&#8243; title_level=\u00bbh2&#8243; title_font=\u00bb|600|||||||\u00bb title_text_align=\u00bbcenter\u00bb title_font_size=\u00bb45px\u00bb background_enable_color=\u00bboff\u00bb background_enable_image=\u00bboff\u00bb custom_margin=\u00bb|0px|||false|false\u00bb custom_padding=\u00bb0px||0px||false|false\u00bb title_font_size_tablet=\u00bb38px\u00bb title_font_size_phone=\u00bb28px\u00bb title_font_size_last_edited=\u00bbon|phone\u00bb global_colors_info=\u00bb{}\u00bb background__hover_enabled=\u00bboff\u00bb][\/et_pb_fullwidth_header][\/et_pb_section][et_pb_section fb_built=\u00bb1&#8243; use_custom_gutter=\u00bbon\u00bb gutter_width=\u00bb2&#8243; specialty=\u00bbon\u00bb custom_padding_last_edited=\u00bbon|phone\u00bb padding_top_2=\u00bb35px\u00bb padding_right_2=\u00bb15px\u00bb padding_bottom_2=\u00bb15px\u00bb padding_left_2=\u00bb15px\u00bb padding_top_bottom_link_2=\u00bbfalse\u00bb padding_left_right_link_2=\u00bbfalse\u00bb module_id_2=\u00bbsidebar-sticky\u00bb module_class_1=\u00bbleft_section\u00bb module_class_2=\u00bbsingle_column_section fixedsticky\u00bb module_class=\u00bbmain_row\u00bb _builder_version=\u00bb4.16&#8243; width_tablet=\u00bb\u00bb width_phone=\u00bb\u00bb width_last_edited=\u00bbon|phone\u00bb max_width_tablet=\u00bb\u00bb max_width_phone=\u00bb\u00bb max_width_last_edited=\u00bbon|phone\u00bb inner_max_width=\u00bb1200px\u00bb inner_max_width_tablet=\u00bb100%\u00bb inner_max_width_phone=\u00bb\u00bb inner_max_width_last_edited=\u00bbon|phone\u00bb custom_padding=\u00bb0px||||false|false\u00bb custom_padding_tablet=\u00bb|15px|20px|15px|false|false\u00bb custom_padding_phone=\u00bb\u00bb hover_enabled=\u00bb0&#8243; locked=\u00bboff\u00bb global_colors_info=\u00bb{}\u00bb sticky_enabled=\u00bb0&#8243;][et_pb_column type=\u00bb2_3&#8243; specialty_columns=\u00bb2&#8243; _builder_version=\u00bb4.16&#8243; custom_padding=\u00bb|||\u00bb global_colors_info=\u00bb{}\u00bb custom_padding__hover=\u00bb|||\u00bb][et_pb_row_inner custom_padding_last_edited=\u00bbon|phone\u00bb module_class=\u00bbinner_row\u00bb _builder_version=\u00bb4.16&#8243; background_color=\u00bb#fff\u00bb width=\u00bb100%\u00bb max_width=\u00bb1200px\u00bb custom_padding=\u00bb35px|35px|35px|35px|false|false\u00bb custom_padding_tablet=\u00bb25px|25px|25px|25px|true|true\u00bb custom_padding_phone=\u00bb20px|20px|20px|20px|true|true\u00bb collapsed=\u00bboff\u00bb global_colors_info=\u00bb{}\u00bb][et_pb_column_inner saved_specialty_column_type=\u00bb2_3&#8243; _builder_version=\u00bb4.16&#8243; global_colors_info=\u00bb{}\u00bb][et_pb_text admin_label=\u00bbText\u00bb _builder_version=\u00bb4.16&#8243; header_2_font=\u00bb|600|||||||\u00bb header_2_font_size=\u00bb30px\u00bb text_font_size_tablet=\u00bb16px\u00bb text_font_size_phone=\u00bb15px\u00bb text_font_size_last_edited=\u00bbon|phone\u00bb text_line_height_tablet=\u00bb1.5em\u00bb text_line_height_phone=\u00bb1.5em\u00bb text_line_height_last_edited=\u00bbon|phone\u00bb header_2_font_size_tablet=\u00bb26px\u00bb header_2_font_size_phone=\u00bb20px\u00bb header_2_font_size_last_edited=\u00bbon|phone\u00bb global_colors_info=\u00bb{}\u00bb header_2_font_size__hover_enabled=\u00bboff\u00bb]<\/p>\n<div class=\"description\">\n<div class=\"description\">\n<h1>Abogado de lesiones en el lugar de trabajo de San Antonio<img loading=\"lazy\" decoding=\"async\" class=\"wp-image-1213 size-medium alignright\" src=\"https:\/\/www.sanantonioaccidentlawyer.com\/wp-content\/uploads\/2019\/09\/man-with-injured-back-1-300x215.jpg\" alt=\"\" width=\"300\" height=\"215\" \/><\/h1>\n<p>\u00bfLesionado en el trabajo? Recupere la compensaci\u00f3n que se merece con la ayuda de un abogado con experiencia en lesiones laborales en San Antonio.<br \/>Si se lesion\u00f3 en el trabajo en San Antonio, no est\u00e1 solo. Cada a\u00f1o, se informan al gobierno federal aproximadamente tres millones de accidentes laborales no mortales, y casi la mitad de estos accidentes resultan en tiempo perdido en el trabajo. Se cree ampliamente que muchos m\u00e1s accidentes laborales no se denuncian. El abogado de lesiones laborales de San Antonio, Ronald Ramos, est\u00e1 comprometido a ayudar a los trabajadores lesionados a recuperar sus p\u00e9rdidas; y, si se lesion\u00f3 en el trabajo, \u00e9l luchar\u00e1 para ganar la compensaci\u00f3n que usted merece.<br \/>Los accidentes en el trabajo pueden provocar la p\u00e9rdida de salarios, facturas m\u00e9dicas y otras p\u00e9rdidas financieras. Muchos trabajadores lesionados tambi\u00e9n experimentan dolor cr\u00f3nico y otros efectos a largo plazo. Independientemente de la gravedad de su lesi\u00f3n laboral, es importante que busque ayuda y debe confiar en el asesoramiento y la representaci\u00f3n de un abogado con experiencia para asegurarse de obtener una compensaci\u00f3n justa.<\/p>\n<h3>7 preguntas importantes para trabajadores lesionados en San Antonio<\/h3>\n<p>Cuando se lesiona en el trabajo, hay varios factores que determinar\u00e1n tanto (i) cu\u00e1nto tiene derecho a recuperar como (ii) qui\u00e9n (o qu\u00e9 empresa) es responsable de sus p\u00e9rdidas. Ambos son piezas de informaci\u00f3n fundamentales, y su abogado deber\u00e1 ponerse a trabajar para recopilar esta informaci\u00f3n lo antes posible. Teniendo esto en cuenta, algunas de las preguntas clave que deben responderse despu\u00e9s de un accidente laboral en San Antonio incluyen:<\/p>\n<p><strong>1. \u00bfQu\u00e9 caus\u00f3 su accidente laboral?<\/strong><br \/>Para determinar qui\u00e9n es responsable de su lesi\u00f3n laboral, primero es necesario determinar qu\u00e9 caus\u00f3 su accidente laboral. Si bien el estatuto de compensaci\u00f3n para trabajadores de Texas brinda a los empleados lesionados acceso a beneficios \u00absin culpa\u00bb, no todos los trabajadores califican y estos beneficios no cubren todas las p\u00e9rdidas relacionadas con accidentes.<\/p>\n<p><strong>2. \u00bfSu empleador tom\u00f3 las precauciones de seguridad adecuadas?<\/strong><br \/>A pesar de los riesgos obvios involucrados, muchos empleadores no toman las precauciones de seguridad necesarias para proteger a sus trabajadores. Si su empleador prioriz\u00f3 las ganancias sobre la seguridad, esto puede ser suficiente para establecer su reclamo por una compensaci\u00f3n justa.<\/p>\n<p><strong>3. \u00bfEs elegible para los beneficios de compensaci\u00f3n para trabajadores?<\/strong><br \/>Si es elegible para los beneficios de compensaci\u00f3n para trabajadores, esto significa que no necesita probar la causa de su accidente para recibir el pago. Pero tambi\u00e9n significa que no puede demandar a su empleador para recuperar todas sus p\u00e9rdidas relacionadas con el accidente. Afortunadamente, en muchos casos, los trabajadores lesionados podr\u00e1n presentar reclamos fuera de la compensaci\u00f3n para trabajadores.<\/p>\n<p><strong>4. \u00bfHay alguien que no sea su empleador responsable de su lesi\u00f3n laboral?<\/strong><br \/>Si bien su empleador puede ser responsable de su lesi\u00f3n laboral, es posible que otra persona (u otra empresa) tambi\u00e9n sea responsable. En las Oficinas Legales de Ronald A. Ramos, tambi\u00e9n perseguimos este tipo de reclamos de \u00abterceros\u00bb en nombre de nuestros clientes.<\/p>\n<p><strong>5. \u00bfSu lesi\u00f3n afectar\u00e1 su capacidad para trabajar en el futuro?<\/strong><br \/>Al calcular sus p\u00e9rdidas, uno de los factores m\u00e1s importantes a considerar es c\u00f3mo su lesi\u00f3n afectar\u00e1 su capacidad para trabajar en el futuro. Si su m\u00e9dico indica que es probable que sufra una discapacidad permanente, esto podr\u00eda aumentar significativamente la cantidad de compensaci\u00f3n que tiene derecho a recuperar.<\/p>\n<p><strong>6. \u00bfCu\u00e1nto tiene derecho a recuperar por sus p\u00e9rdidas?<\/strong><br \/>Si tiene un reclamo fuera de la compensaci\u00f3n para trabajadores, puede buscar recuperar todas sus otras p\u00e9rdidas relacionadas con lesiones. Adem\u00e1s de la p\u00e9rdida de salario, la p\u00e9rdida de la capacidad de generar ingresos y los gastos m\u00e9dicos, esto incluye p\u00e9rdidas no financieras como dolor y sufrimiento, trauma emocional y p\u00e9rdida del disfrute de la vida.<\/p>\n<p><strong>7. \u00bfCu\u00e1nto tiempo ha pasado desde su accidente laboral?<\/strong><br \/>Independientemente de si tiene un reclamo por lesiones personales contra su empleador, un reclamo de un tercero, un reclamo de compensaci\u00f3n para trabajadores o todo lo anterior, solo tiene una cantidad limitada de tiempo para hacer valer sus derechos legales. Como resultado, le recomendamos encarecidamente que programe una consulta gratuita lo antes posible.<\/p>\n<blockquote>\n<p>\u00a0Si no conoce las respuestas a algunas de estas preguntas, est\u00e1 bien. De hecho, no esperamos que tenga mucha de la informaci\u00f3n que necesitamos para continuar con su reclamo. Una vez que elija nuestra firma para que lo represente, comenzaremos a trabajar de inmediato para investigar su accidente, comprender los efectos de su lesi\u00f3n y calcular sus p\u00e9rdidas financieras y no financieras.<\/p>\n<\/blockquote>\n<h3>\u00a0Lesionado en el trabajo? No ignore ning\u00fan s\u00edntoma que pueda requerir tratamiento<\/h3>\n<p>Incluso una lesi\u00f3n aparentemente \u00abmenor\u00bb puede volverse debilitante con el tiempo; y, como resultado, es extremadamente importante que no ignore ning\u00fan s\u00edntoma despu\u00e9s de un accidente relacionado con el trabajo. En las Oficinas Legales de Ronald A. Ramos, ayudamos a nuestros clientes a garantizar que est\u00e9n recibiendo todo el tratamiento m\u00e9dico necesario, y luchamos por una compensaci\u00f3n justa basada en sus p\u00e9rdidas reales, no en lo que las compa\u00f1\u00edas de seguros deciden que est\u00e1n dispuestas a pagar. Si bien resolvemos la mayor\u00eda de los casos de lesiones laborales de nuestros clientes mediante un acuerdo, no dudamos en acudir a los tribunales cuando sea necesario.<\/p>\n<h3>Manejamos todo tipo de reclamos por lesiones laborales<\/h3>\n<p>El abogado de lesiones laborales de San Antonio, Ronald Ramos, aporta casi 40 a\u00f1os de experiencia en la representaci\u00f3n de trabajadores lesionados. Ha representado a clientes que han sufrido todo tipo de lesiones laborales, y ha recuperado millones de d\u00f3lares en indemnizaciones en casos de todo tipo de accidentes laborales.<\/p>\n<h3>Tipos comunes de lesiones laborales<\/h3>\n<p>\u00a0En Texas, todo tipo de lesiones laborales pueden respaldar las reclamaciones de compensaci\u00f3n. Esto es cierto si est\u00e1 limitado a buscar cobertura de compensaci\u00f3n para trabajadores o si tiene un reclamo por lesiones personales contra su empleador o un tercero. Algunos de los tipos m\u00e1s comunes de lesiones laborales incluyen:<\/p>\n<p>\u2022 Lesiones de espalda y cuello<\/p>\n<p>\u2022 Lesiones de espalda y cuello\u2022 Lesiones Cerebrales<\/p>\n<p>\u2022 Fracturas de hueso<\/p>\n<p>\u2022 Quemaduras<\/p>\n<p>\u2022 S\u00edndrome del t\u00fanel carpiano<\/p>\n<p>\u2022 Lesiones de codo, hombro y mu\u00f1eca<\/p>\n<p>\u2022 Lesiones que resulten en amputaci\u00f3n o p\u00e9rdida del uso de una extremidad<\/p>\n<p>\u2022 Lesiones de rodilla, tobillo y pie<\/p>\n<p>\u2022 P\u00e9rdida de la audici\u00f3n\u2022 P\u00e9rdida de visi\u00f3n<\/p>\n<p>\u2022 Da\u00f1o en el nervio<\/p>\n<p>\u2022 Lesiones que dejan cicatrices y desfiguran<\/p>\n<p>\u2022 Lesiones de tejidos blandos<\/p>\n<p>\u2022 Otras lesiones por estr\u00e9s traum\u00e1tico y repetitivo<\/p>\n<p>Tr\u00e1gicamente, los accidentes laborales tambi\u00e9n pueden resultar en lesiones fatales. Si ha perdido a un ser querido por un accidente en el trabajo en San Antonio, el abogado Ronald Ramos puede ayudarlo a presentar una demanda por homicidio culposo.<\/p>\n<h3>Tipos comunes de accidentes laborales<\/h3>\n<p>Si bien identificar la causa de su accidente es importante para determinar qui\u00e9n es responsable de su lesi\u00f3n laboral, puede buscar una indemnizaci\u00f3n independientemente del tipo de accidente en el que result\u00f3 lesionado. En las Oficinas Legales de Ronald A. Ramos, manejamos casos que involucran todo tipo de accidentes laborales, incluyendo:<\/p>\n<p>\u2022 Colisiones de camiones comerciales<br \/>\u2022 Accidentes de veh\u00edculos de la empresa<br \/>\u2022 Accidentes de construcci\u00f3n<br \/>\u2022 Accidentes de carga y descarga<br \/>\u2022 Electrocuciones<br \/>\u2022 Ca\u00edda de objetos o escombros<br \/>\u2022 Accidentes de montacargas y otros accidentes de camiones industriales<br \/>\u2022 Accidentes con herramientas manuales y el\u00e9ctricas<br \/>\u2022 Accidentes de maquinaria pesada<br \/>\u2022 Accidentes de escaleras y andamios<br \/>\u2022 Accidentes de levantamiento<br \/>\u2022 Accidentes en campos petroleros<br \/>\u2022 Accidentes al sentarse, torcerse y doblarse<br \/>\u2022 Resbalones y ca\u00eddas<\/p>\n<p>\u00bfNo ve su tipo de accidente en la lista? A\u00fan as\u00ed, debe contactarnos para una consulta gratuita. Esta es solo una peque\u00f1a muestra de los numerosos tipos de casos de accidentes laborales que manejamos en nombre de los trabajadores lesionados en San Antonio.<\/p>\n<h3>\u00bfQu\u00e9 debe hacer despu\u00e9s de sufrir una lesi\u00f3n laboral en San Antonio?<\/h3>\n<p>\u00a0\u2022 <strong>Informe el accidente<\/strong>. Llame o visite a su supervisor inmediato o al departamento de recursos humanos de su empresa para informar del accidente. Si tiene un reclamo de compensaci\u00f3n para trabajadores, esto ayudar\u00e1 a garantizar que siga siendo elegible para recibir beneficios m\u00e9dicos y por discapacidad.<br \/>\u2022 <strong>Obtenga atenci\u00f3n m\u00e9dica<\/strong>. Si necesita atenci\u00f3n de emergencia, llame al 911 y permita que una ambulancia lo transporte al centro m\u00e9dico m\u00e1s cercano. Si no necesita atenci\u00f3n de emergencia, no es necesario que llame al 911, pero debe consultar a un m\u00e9dico lo antes posible.<br \/>\u2022 <strong>Comun\u00edquese con un abogado de lesiones laborales de San Antonio<\/strong>. Para proteger sus derechos legales, debe consultar con un abogado de inmediato. Cualquier retraso podr\u00eda potencialmente dificultar la recuperaci\u00f3n de la compensaci\u00f3n total por las p\u00e9rdidas relacionadas con las lesiones.<\/p>\n<h3>Why Should You Choose the Law Offices of Ronald A. Ramos?<\/h3>\n<p>Entonces, se lesion\u00f3 en el trabajo en San Antonio, y necesita hablar con un abogado. \u00bfPor qu\u00e9 deber\u00eda elegir las Oficinas Legales de Ronald A. Ramos?<strong class=\"heading4\" style=\"font-size: 18px;\"><\/strong><\/p>\n<p>\u00a0\u2022 <strong>Nos apasiona representar a los trabajadores lesionados<\/strong>. Representar a los trabajadores lesionados es el n\u00facleo de nuestra pr\u00e1ctica, y estamos comprometidos a garantizar que cada uno de nuestros clientes reciba la compensaci\u00f3n completa que se merece.<br \/>\u2022 <strong>Tenemos d\u00e9cadas de experiencia y hemos recuperado millones de d\u00f3lares en compensaci\u00f3n<\/strong>. Cuando su futuro est\u00e1 en juego, la experiencia importa. Tenemos la experiencia que necesita para recuperar la compensaci\u00f3n que se merece.<br \/>\u2022 <strong>Estamos aqu\u00ed para usted de d\u00eda o de noche<\/strong>. Sabemos que no todo el mundo puede reunirse con un abogado durante el horario laboral. Puede comunicarse con nosotros las 24 horas del d\u00eda, los 7 d\u00edas de la semana, y siempre puede esperar recibir respuestas claras y directas sobre su caso.<\/p>\n<p><span style=\"color: #000000; font-family: Lato, Helvetica, Arial, Lucida, sans-serif; font-size: 23px;\">Programe una consulta gratuita sobre lesiones laborales en San Antonio, TX<\/span><\/p>\n<p><span style=\"color: #000000; font-family: Lato, Helvetica, Arial, Lucida, sans-serif; font-size: 23px;\"><\/span><\/p>\n<h3><span style=\"font-size: 18px; color: #262626; font-family: 'Open Sans', Arial, sans-serif;\">\u00bfLesionado en el trabajo? Obtenga la representaci\u00f3n legal que necesita para recuperar la compensaci\u00f3n m\u00e1xima por sus p\u00e9rdidas relacionadas con lesiones. Para hablar confidencialmente con el abogado de lesiones laborales de San Antonio, Ronald Ramos, llame al (210) 308-8811 o solicite una consulta gratuita en l\u00ednea ahora.<\/span><\/h3>\n<\/div>\n<div class=\"subpageslist\"><strong class=\"heading4 widget-title\"><a href=\"https:\/\/www.sanantonioaccidentlawyer.com\/lesiones-en-campos-petroleros.html\"><\/a><\/strong><\/div>\n<\/div>\n<p>[\/et_pb_text][\/et_pb_column_inner][\/et_pb_row_inner][\/et_pb_column][et_pb_column type=\u00bb1_3&#8243; _builder_version=\u00bb4.16&#8243; custom_padding=\u00bb|||\u00bb global_colors_info=\u00bb{}\u00bb custom_padding__hover=\u00bb|||\u00bb][et_pb_text module_class=\u00bbright-column-1 \u00bb _builder_version=\u00bb4.16&#8243; text_font_size=\u00bb28px\u00bb header_2_font=\u00bb|600|||||||\u00bb header_2_font_size=\u00bb30px\u00bb header_2_line_height=\u00bb1.2em\u00bb header_2_font_size_tablet=\u00bb26px\u00bb header_2_font_size_phone=\u00bb22px\u00bb header_2_font_size_last_edited=\u00bbon|phone\u00bb saved_tabs=\u00bball\u00bb global_colors_info=\u00bb{}\u00bb]<\/p>\n<p style=\"text-align: center;\"><strong>Contact Us Today<\/strong><\/p>\n<p>[\/et_pb_text][et_pb_image src=\u00bbhttps:\/\/www.sanantonioaccidentlawyer.com\/wp-content\/uploads\/2019\/09\/photo__2836231_attorney-ronald-ramos.jpg\u00bb align=\u00bbcenter\u00bb _builder_version=\u00bb4.16&#8243; saved_tabs=\u00bball\u00bb global_colors_info=\u00bb{}\u00bb][\/et_pb_image][et_pb_text _builder_version=\u00bb4.16&#8243; width=\u00bb97.4%\u00bb custom_margin=\u00bb28px|||||\u00bb saved_tabs=\u00bball\u00bb global_colors_info=\u00bb{}\u00bb]<\/p>\n<div class=\"wpforms-container wpforms-container-full\" id=\"wpforms-1433\"><form id=\"wpforms-form-1433\" class=\"wpforms-validate wpforms-form\" data-formid=\"1433\" method=\"post\" enctype=\"multipart\/form-data\" action=\"\/es\/wp-json\/wp\/v2\/pages\/1208\" data-token=\"fb6d76170ab667c01979158ba48e68fd\" data-token-time=\"1776500377\"><noscript class=\"wpforms-error-noscript\">Por favor, activa JavaScript en tu navegador para completar este formulario.<\/noscript><div class=\"wpforms-field-container\"><div id=\"wpforms-1433-field_0-container\" class=\"wpforms-field wpforms-field-name\" data-field-id=\"0\"><label class=\"wpforms-field-label wpforms-label-hide\" for=\"wpforms-1433-field_0\">Name <span class=\"wpforms-required-label\">*<\/span><\/label><input type=\"text\" id=\"wpforms-1433-field_0\" class=\"wpforms-field-large wpforms-field-required\" name=\"wpforms[fields][0]\" placeholder=\"Name (Required)\" required><\/div><div id=\"wpforms-1433-field_1-container\" class=\"wpforms-field wpforms-field-email\" data-field-id=\"1\"><label class=\"wpforms-field-label wpforms-label-hide\" for=\"wpforms-1433-field_1\">Email <span class=\"wpforms-required-label\">*<\/span><\/label><input type=\"email\" id=\"wpforms-1433-field_1\" class=\"wpforms-field-large wpforms-field-required\" name=\"wpforms[fields][1]\" placeholder=\"Email (Required)\" spellcheck=\"false\" required><\/div><div id=\"wpforms-1433-field_3-container\" class=\"wpforms-field wpforms-field-text\" data-field-id=\"3\"><label class=\"wpforms-field-label wpforms-label-hide\" for=\"wpforms-1433-field_3\">Phone <span class=\"wpforms-required-label\">*<\/span><\/label><input type=\"text\" id=\"wpforms-1433-field_3\" class=\"wpforms-field-large wpforms-field-required\" name=\"wpforms[fields][3]\" placeholder=\"Phone (Required)\" required><\/div><div id=\"wpforms-1433-field_5-container\" class=\"wpforms-field wpforms-field-select wpforms-field-select-style-classic\" data-field-id=\"5\"><label class=\"wpforms-field-label wpforms-label-hide\" for=\"wpforms-1433-field_5\">Preferred Contact Method<\/label><select id=\"wpforms-1433-field_5\" class=\"wpforms-field-large\" name=\"wpforms[fields][5]\"><option value=\"\" class=\"placeholder\" disabled  selected='selected'>Preferred Contact Method<\/option><option value=\"Call\"  class=\"choice-1 depth-1\"  >Call<\/option><option value=\"Text\"  class=\"choice-2 depth-1\"  >Text<\/option><option value=\"Email\"  class=\"choice-3 depth-1\"  >Email<\/option><\/select><\/div><div id=\"wpforms-1433-field_2-container\" class=\"wpforms-field wpforms-field-textarea\" data-field-id=\"2\"><label class=\"wpforms-field-label wpforms-label-hide\" for=\"wpforms-1433-field_2\">Comment or Message<\/label><textarea id=\"wpforms-1433-field_2\" class=\"wpforms-field-medium\" name=\"wpforms[fields][2]\" placeholder=\"Briefly Describe Your Legal Issue\" ><\/textarea><\/div><div id=\"wpforms-1433-field_6-container\" class=\"wpforms-field wpforms-field-captcha\" data-field-id=\"6\"><label class=\"wpforms-field-label\" for=\"wpforms-1433-field_6\">Captcha <span class=\"wpforms-required-label\">*<\/span><\/label><p id=\"wpforms-1433-field_6-question\" class=\"wpforms-captcha-question\">What is 7+3?<\/p>\n\t\t<input type=\"text\" id=\"wpforms-1433-field_6\" class=\"wpforms-field-medium wpforms-field-required a\" data-rule-wpf-captcha=\"qa\" data-is-wrapped-field=\"1\" data-a=\"10\" name=\"wpforms[fields][6][a]\" aria-describedby=\"wpforms-1433-field_6-question\" required>\n\t\t<input type=\"hidden\" name=\"wpforms[fields][6][q]\" value=\"2\">\n\n\t\t<\/div><\/div><!-- .wpforms-field-container --><div class=\"wpforms-recaptcha-container wpforms-is-recaptcha wpforms-is-recaptcha-type-v3\" ><input type=\"hidden\" name=\"wpforms[recaptcha]\" value=\"\"><\/div><div class=\"wpforms-submit-container\" ><input type=\"hidden\" name=\"wpforms[id]\" value=\"1433\"><input type=\"hidden\" name=\"page_title\" value=\"\"><input type=\"hidden\" name=\"page_url\" value=\"https:\/\/www.sanantonioaccidentlawyer.com\/es\/wp-json\/wp\/v2\/pages\/1208\"><input type=\"hidden\" name=\"url_referer\" value=\"\"><button type=\"submit\" name=\"wpforms[submit]\" id=\"wpforms-submit-1433\" class=\"wpforms-submit\" data-alt-text=\"Sending...\" data-submit-text=\"GET YOUR FREE CASE REVIEW\" aria-live=\"assertive\" value=\"wpforms-submit\">GET YOUR FREE CASE REVIEW<\/button><\/div><\/form><\/div>  <!-- .wpforms-container -->\n<p>[\/et_pb_text][\/et_pb_column][\/et_pb_section]<\/p>\n","protected":false},"excerpt":{"rendered":"<p>Abogado de lesiones en el lugar de trabajo de San Antonio \u00bfLesionado en el trabajo? Recupere la compensaci\u00f3n que se merece con la ayuda de un abogado con experiencia en lesiones laborales en San Antonio.Si se lesion\u00f3 en el trabajo en San Antonio, no est\u00e1 solo. Cada a\u00f1o, se informan al gobierno federal aproximadamente tres [&hellip;]<\/p>\n","protected":false},"author":5,"featured_media":0,"parent":0,"menu_order":0,"comment_status":"closed","ping_status":"closed","template":"","meta":{"_et_pb_use_builder":"on","_et_pb_old_content":"","_et_gb_content_width":"","footnotes":""},"class_list":["post-1208","page","type-page","status-publish","hentry"],"_links":{"self":[{"href":"https:\/\/www.sanantonioaccidentlawyer.com\/es\/wp-json\/wp\/v2\/pages\/1208","targetHints":{"allow":["GET"]}}],"collection":[{"href":"https:\/\/www.sanantonioaccidentlawyer.com\/es\/wp-json\/wp\/v2\/pages"}],"about":[{"href":"https:\/\/www.sanantonioaccidentlawyer.com\/es\/wp-json\/wp\/v2\/types\/page"}],"author":[{"embeddable":true,"href":"https:\/\/www.sanantonioaccidentlawyer.com\/es\/wp-json\/wp\/v2\/users\/5"}],"replies":[{"embeddable":true,"href":"https:\/\/www.sanantonioaccidentlawyer.com\/es\/wp-json\/wp\/v2\/comments?post=1208"}],"version-history":[{"count":0,"href":"https:\/\/www.sanantonioaccidentlawyer.com\/es\/wp-json\/wp\/v2\/pages\/1208\/revisions"}],"wp:attachment":[{"href":"https:\/\/www.sanantonioaccidentlawyer.com\/es\/wp-json\/wp\/v2\/media?parent=1208"}],"curies":[{"name":"wp","href":"https:\/\/api.w.org\/{rel}","templated":true}]}}