{"id":90541,"date":"2026-03-14T02:39:47","date_gmt":"2026-03-14T02:39:47","guid":{"rendered":"https:\/\/www.sanantonioaccidentlawyer.com\/accidentes-de-camiones\/responsabilidad-de-la-empresa-de-transporte\/"},"modified":"2026-03-14T02:40:29","modified_gmt":"2026-03-14T02:40:29","slug":"responsabilidad-de-la-empresa-de-transporte","status":"publish","type":"page","link":"https:\/\/www.sanantonioaccidentlawyer.com\/es\/accidentes-de-camiones\/responsabilidad-de-la-empresa-de-transporte\/","title":{"rendered":"Responsabilidad de la empresa de transporte"},"content":{"rendered":"<p>[et_pb_section fb_built=\u00bb1&#8243; fullwidth=\u00bbon\u00bb custom_padding_last_edited=\u00bbon|phone\u00bb _builder_version=\u00bb4.16&#8243; use_background_color_gradient=\u00bbon\u00bb background_color_gradient_stops=\u00bbrgba(9,19,46,0.9) 6%|rgba(9,19,46,0.81) 100%\u00bb background_color_gradient_overlays_image=\u00bbon\u00bb background_color_gradient_start=\u00bbrgba(9,19,46,0.9)\u00bb background_color_gradient_start_position=\u00bb6%\u00bb background_color_gradient_end=\u00bbrgba(9,19,46,0.81)\u00bb background_image=\u00bbhttps:\/\/www.sanantonioaccidentlawyer.com\/wp-content\/uploads\/2019\/08\/car-accidents-attorney.jpg\u00bb custom_margin=\u00bb-63px||||false|false\u00bb custom_padding=\u00bb200px||300px||false|false\u00bb custom_padding_tablet=\u00bb170px||260px||false|false\u00bb custom_padding_phone=\u00bb150px||230px||false|false\u00bb global_colors_info=\u00bb{}\u00bb][et_pb_fullwidth_code module_class=\u00bbbreadcrumb\u00bb _builder_version=\u00bb4.16&#8243; global_colors_info=\u00bb{}\u00bb][\/et_pb_fullwidth_code][et_pb_fullwidth_header title=\u00bbResponsabilidad de la empresa de transporte\u00bb admin_label=\u00bbFullwidth Header\u00bb _builder_version=\u00bb4.16&#8243; title_level=\u00bbh2&#8243; title_font=\u00bb|600|||||||\u00bb title_text_align=\u00bbcenter\u00bb title_font_size=\u00bb45px\u00bb background_enable_color=\u00bboff\u00bb background_enable_image=\u00bboff\u00bb custom_margin=\u00bb|0px|||false|false\u00bb custom_padding=\u00bb0px||0px||false|false\u00bb title_font_size_tablet=\u00bb38px\u00bb title_font_size_phone=\u00bb28px\u00bb title_font_size_last_edited=\u00bbon|phone\u00bb global_colors_info=\u00bb{}\u00bb background__hover_enabled=\u00bboff\u00bb][\/et_pb_fullwidth_header][\/et_pb_section][et_pb_section fb_built=\u00bb1&#8243; use_custom_gutter=\u00bbon\u00bb gutter_width=\u00bb2&#8243; specialty=\u00bbon\u00bb custom_padding_last_edited=\u00bbon|phone\u00bb padding_top_2=\u00bb35px\u00bb padding_right_2=\u00bb15px\u00bb padding_bottom_2=\u00bb15px\u00bb padding_left_2=\u00bb15px\u00bb padding_top_bottom_link_2=\u00bbfalse\u00bb padding_left_right_link_2=\u00bbfalse\u00bb module_id_2=\u00bbsidebar-sticky\u00bb module_class_1=\u00bbleft_section\u00bb module_class_2=\u00bbsingle_column_section fixedsticky\u00bb module_class=\u00bbmain_row\u00bb _builder_version=\u00bb4.16&#8243; width_tablet=\u00bb\u00bb width_phone=\u00bb\u00bb width_last_edited=\u00bbon|phone\u00bb max_width_tablet=\u00bb\u00bb max_width_phone=\u00bb\u00bb max_width_last_edited=\u00bbon|phone\u00bb inner_max_width=\u00bb1200px\u00bb inner_max_width_tablet=\u00bb100%\u00bb inner_max_width_phone=\u00bb\u00bb inner_max_width_last_edited=\u00bbon|phone\u00bb custom_padding=\u00bb0px||||false|false\u00bb custom_padding_tablet=\u00bb|15px|20px|15px|false|false\u00bb custom_padding_phone=\u00bb\u00bb locked=\u00bboff\u00bb global_colors_info=\u00bb{}\u00bb][et_pb_column type=\u00bb2_3&#8243; specialty_columns=\u00bb2&#8243; _builder_version=\u00bb4.16&#8243; custom_padding=\u00bb|||\u00bb global_colors_info=\u00bb{}\u00bb custom_padding__hover=\u00bb|||\u00bb][et_pb_row_inner custom_padding_last_edited=\u00bbon|phone\u00bb module_class=\u00bbinner_row\u00bb _builder_version=\u00bb4.16&#8243; background_color=\u00bb#fff\u00bb width=\u00bb100%\u00bb max_width=\u00bb1200px\u00bb custom_padding=\u00bb35px|35px|35px|35px|false|false\u00bb custom_padding_tablet=\u00bb25px|25px|25px|25px|true|true\u00bb custom_padding_phone=\u00bb20px|20px|20px|20px|true|true\u00bb collapsed=\u00bboff\u00bb global_colors_info=\u00bb{}\u00bb][et_pb_column_inner saved_specialty_column_type=\u00bb2_3&#8243; _builder_version=\u00bb4.16&#8243; global_colors_info=\u00bb{}\u00bb][et_pb_text _builder_version=\u00bb4.27.6&#8243; header_2_font=\u00bb|600|||||||\u00bb header_2_font_size=\u00bb30px\u00bb text_font_size_tablet=\u00bb16px\u00bb text_font_size_phone=\u00bb15px\u00bb text_font_size_last_edited=\u00bbon|phone\u00bb text_line_height_tablet=\u00bb1.5em\u00bb text_line_height_phone=\u00bb1.5em\u00bb text_line_height_last_edited=\u00bbon|phone\u00bb header_2_font_size_tablet=\u00bb26px\u00bb header_2_font_size_phone=\u00bb20px\u00bb header_2_font_size_last_edited=\u00bbon|phone\u00bb global_colors_info=\u00bb{}\u00bb header_2_font_size__hover_enabled=\u00bboff\u00bb]<\/p>\n<h1>Abogado de responsabilidad de empresas de transporte en San Antonio<\/h1>\n<p>Cuando un cami\u00f3n comercial provoca un accidente grave, el conductor al volante rara vez es la \u00fanica parte responsable. En la mayor\u00eda de los casos, la <strong>empresa de transporte que emplea o contrata a ese conductor<\/strong> asume una responsabilidad legal significativa por el choque. La legislaci\u00f3n de Texas y las normativas federales de transporte crean m\u00faltiples v\u00edas para exigir responsabilidades a los transportistas, desde la responsabilidad objetiva del empleador (respondeat superior) hasta teor\u00edas de negligencia directa que se centran en los propios fallos de la empresa en materia de contrataci\u00f3n, formaci\u00f3n y gesti\u00f3n de la flota.  <\/p>\n<p>En las Oficinas Legales de Ronald A. Ramos, P.C., nos centramos en identificar a cada parte responsable en los casos de accidentes de camiones, con especial atenci\u00f3n a las entidades corporativas cuyas decisiones de reducci\u00f3n de costes y atajos en materia de seguridad ponen camiones peligrosos y conductores no cualificados en las carreteras de San Antonio. Las reclamaciones de responsabilidad contra empresas de transporte suelen dar lugar a indemnizaciones significativamente m\u00e1s altas porque acceden a las p\u00f3lizas de seguro comercial del transportista en lugar de a la limitada cobertura personal de un conductor individual. <\/p>\n<h2>Respondeat Superior: Responsabilidad del empleador por negligencia del conductor<\/h2>\n<p>Bajo la doctrina legal de Texas de <strong>respondeat superior<\/strong>, un empleador es responsable indirecto de los actos negligentes de sus empleados cuando dichos actos ocurren dentro del <strong>curso y alcance del empleo<\/strong>. Esto significa que cuando un conductor de cami\u00f3n causa un accidente mientras realiza sus tareas laborales \u2014transportando carga, realizando entregas o viajando entre asignaciones\u2014, la empresa de transporte es autom\u00e1ticamente responsable de la negligencia del conductor sin necesidad de demostrar que la propia empresa hizo algo incorrecto. <\/p>\n<p>Esta doctrina se aplica a los <strong>conductores de la empresa<\/strong> que son empleados directos del transportista. El an\u00e1lisis se vuelve m\u00e1s complejo con los <strong>conductores contratistas independientes<\/strong> y los <strong>propietarios-operadores<\/strong>, pero los tribunales y las normativas federales a menudo tratan estas relaciones como empleo de facto a efectos de responsabilidad, especialmente cuando el transportista controla las rutas, los horarios y las condiciones de trabajo del conductor. <\/p>\n<p>La <strong>regla del empleado estatutario<\/strong> de la FMCSA bajo el 49 CFR 390.5 establece que un transportista que opera bajo su propia autoridad es responsable de las acciones de cualquier conductor que opere bajo su n\u00famero de DOT, independientemente de si el conductor est\u00e1 t\u00e9cnicamente clasificado como empleado o contratista independiente. Esta normativa impide que las empresas de transporte utilicen estructuras corporativas para protegerse de la responsabilidad. <\/p>\n<h2>Reclamaciones por negligencia directa contra empresas de transporte<\/h2>\n<p>M\u00e1s all\u00e1 de la responsabilidad indirecta, las empresas de transporte pueden ser consideradas directamente responsables de sus propias pr\u00e1cticas negligentes. La <strong>contrataci\u00f3n negligente<\/strong> ocurre cuando un transportista no eval\u00faa adecuadamente a los conductores antes del empleo, lo que incluye no verificar el estado de la licencia de conducir comercial (CDL), no revisar los registros de conducci\u00f3n a trav\u00e9s del Programa de Evaluaci\u00f3n Previa al Empleo de la FMCSA, no realizar las pruebas de detecci\u00f3n de drogas y alcohol requeridas o no comprobar infracciones de seguridad previas. Los tribunales de Texas han considerado sistem\u00e1ticamente responsables a los transportistas cuando contratan a conductores con antecedentes conocidos de conducci\u00f3n insegura. <\/p>\n<p>Las reclamaciones por <strong>formaci\u00f3n negligente<\/strong> surgen cuando los transportistas proporcionan una instrucci\u00f3n inadecuada sobre el manejo del veh\u00edculo, la sujeci\u00f3n de la carga, el cumplimiento de las horas de servicio, las t\u00e9cnicas de conducci\u00f3n defensiva o los procedimientos de emergencia. La FMCSA exige a los transportistas que se aseguren de que todos los conductores sean competentes para operar los veh\u00edculos espec\u00edficos que se les asignen. La <strong>supervisi\u00f3n negligente<\/strong> se dirige a los transportistas que no supervisan el rendimiento del conductor, ignoran las quejas sobre conducci\u00f3n insegura o no abordan problemas de seguridad conocidos dentro de su flota. <\/p>\n<p><strong>mantenimiento negligente<\/strong> es otra base importante para la responsabilidad directa. Las normativas federales bajo el <strong>49 CFR Parte 396<\/strong> exigen que los transportistas inspeccionen, reparen y mantengan sistem\u00e1ticamente todos los veh\u00edculos comerciales bajo su control. Los transportistas deben llevar registros de mantenimiento detallados y asegurarse de que ning\u00fan veh\u00edculo con defectos de seguridad conocidos circule por las v\u00edas p\u00fablicas. Cuando los fallos en los frenos, los reventones de neum\u00e1ticos o los fallos en la direcci\u00f3n causan accidentes, los registros de mantenimiento a menudo revelan que el transportista conoc\u00eda \u2014o deber\u00eda haber conocido\u2014 el estado defectuoso.   <\/p>\n<h2>Infracciones de las horas de servicio y presi\u00f3n corporativa<\/h2>\n<p>Una de las formas m\u00e1s comunes de negligencia de las empresas de transporte consiste en <strong>presionar a los conductores para que infrinjan las normativas de horas de servicio (HOS)<\/strong>. La FMCSA limita a los conductores de transporte de mercanc\u00edas a 11 horas de conducci\u00f3n dentro de un margen de 14 horas tras 10 horas consecutivas fuera de servicio, con un descanso obligatorio de 30 minutos tras 8 horas acumuladas de conducci\u00f3n. Estas reglas existen porque la <strong>fatiga del conductor<\/strong> es una de las principales causas de accidentes mortales de camiones.  <\/p>\n<p>A pesar de estas normativas, muchos transportistas establecen horarios de entrega, estructuras de compensaci\u00f3n y m\u00e9tricas de rendimiento que incentivan o exigen de facto que los conductores superen los l\u00edmites legales de conducci\u00f3n. Cuando los datos del dispositivo de registro electr\u00f3nico (ELD) revelan que las pr\u00e1cticas de programaci\u00f3n de un transportista contribuyeron a un choque relacionado con la fatiga, la empresa se enfrenta tanto a la responsabilidad por negligencia directa como a posibles <strong>da\u00f1os punitivos<\/strong> seg\u00fan la Secci\u00f3n 41.003 del C\u00f3digo de Pr\u00e1cticas y Remedios Civiles de Texas por indiferencia consciente hacia la seguridad. <\/p>\n<h2>Pruebas en casos de responsabilidad de empresas de transporte<\/h2>\n<p>Para construir un caso s\u00f3lido contra un transportista se requiere un acceso r\u00e1pido a los <strong>registros de seguridad corporativos, archivos de cualificaci\u00f3n del conductor, registros de mantenimiento, comunicaciones de despacho, datos de ELD y documentos de pol\u00edtica interna<\/strong>. Las normativas federales exigen que los transportistas conserven muchos de estos registros durante periodos espec\u00edficos, pero los datos electr\u00f3nicos cr\u00edticos \u2014especialmente los registros de ELD y los datos del ordenador de a bordo\u2014 pueden sobrescribirse r\u00e1pidamente si no se preservan. <\/p>\n<p>Nuestro equipo legal env\u00eda <strong>cartas de preservaci\u00f3n de pruebas inmediatas<\/strong> a las empresas de transporte, exigiendo que conserven todos los datos pertinentes. Cuando es necesario, presentamos mociones de emergencia para obtener <strong>\u00f3rdenes de restricci\u00f3n temporales<\/strong> para evitar la destrucci\u00f3n de pruebas. Tambi\u00e9n trabajamos con <strong>expertos en la industria del transporte<\/strong> y <strong>profesionales en reconstrucci\u00f3n de accidentes<\/strong> que saben c\u00f3mo interpretar los registros de despacho, los resultados de las auditor\u00edas de seguridad y los datos de gesti\u00f3n de flotas para demostrar la negligencia corporativa.  <\/p>\n<h2>Cobertura de seguro en reclamaciones contra empresas de transporte<\/h2>\n<p>La FMCSA exige que los transportistas mantengan una cobertura m\u00ednima de seguro basada en el tipo de carga transportada. Los transportistas de carga general deben contar con al menos <strong>750.000 $<\/strong> en cobertura de responsabilidad, mientras que los transportistas de ciertos materiales peligrosos deben mantener p\u00f3lizas de entre <strong>1 y 5 millones de d\u00f3lares<\/strong>. Muchos grandes transportistas mantienen coberturas muy por encima de estos m\u00ednimos. Identificar a la empresa de transporte como parte responsable permite acceder a estas p\u00f3lizas comerciales, que superan con creces la cobertura disponible a trav\u00e9s de las reclamaciones individuales contra el conductor.   <\/p>\n<h2>Contacte con nuestros abogados de responsabilidad de transporte en San Antonio<\/h2>\n<p>Si ha resultado herido en un accidente de cami\u00f3n en San Antonio, no acepte un acuerdo r\u00e1pido de la aseguradora de la empresa de transporte sin comprender todos sus derechos legales. Las Oficinas Legales de Ronald A. Ramos, P.C. ofrecen <strong>consultas gratuitas<\/strong> y gestionan todos los casos de accidentes de camiones bajo un <strong>acuerdo de honorarios de contingencia<\/strong>. Llame al <strong>(210) 308-8811<\/strong> o p\u00f3ngase en contacto con nosotros en l\u00ednea; estamos preparados para investigar el papel de la empresa de transporte en su accidente y luchar por la indemnizaci\u00f3n que se merece.  <\/p>\n<p>&nbsp;<\/p>\n<h3>Recursos relacionados<\/h3>\n<ul>\n<li><a href=\"https:\/\/www.sanantonioaccidentlawyer.com\/es\/accidentes-de-camiones\/infracciones-de-la-fmcsa-y-accidentes-de-camion\/\">Infracciones de la FMCSA y accidentes de camiones<\/a><\/li>\n<li><a href=\"https:\/\/www.sanantonioaccidentlawyer.com\/es\/accidentes-de-camiones\/fatiga-del-conductor\/\">Accidentes por fatiga del conductor de cami\u00f3n<\/a><\/li>\n<li><a href=\"https:\/\/www.sanantonioaccidentlawyer.com\/es\/accidentes-de-camiones\/accidentes-de-camiones-sobrecargados\/\">Accidentes de camiones con sobrecarga<\/a><\/li>\n<li><a href=\"https:\/\/www.sanantonioaccidentlawyer.com\/es\/accidentes-de-camiones\/indemnizacion-por-accidente-de-camion\/\">Indemnizaci\u00f3n por accidente de cami\u00f3n<\/a><\/li>\n<li><a href=\"https:\/\/www.sanantonioaccidentlawyer.com\/es\/accidentes-de-camiones\/preguntas-frecuentes-sobre-accidentes-de-camiones\/\">Preguntas frecuentes sobre accidentes de camiones<\/a><\/li>\n<\/ul>\n<p>[\/et_pb_text][\/et_pb_column_inner][\/et_pb_row_inner][\/et_pb_column][et_pb_column type=\u00bb1_3&#8243; _builder_version=\u00bb4.16&#8243; custom_padding=\u00bb|||\u00bb global_colors_info=\u00bb{}\u00bb custom_padding__hover=\u00bb|||\u00bb][et_pb_text module_class=\u00bbright-column-1 \u00bb _builder_version=\u00bb4.5.7&#8243; text_font_size=\u00bb28px\u00bb header_2_font=\u00bb|600|||||||\u00bb header_2_font_size=\u00bb30px\u00bb header_2_line_height=\u00bb1.2em\u00bb header_2_font_size_tablet=\u00bb26px\u00bb header_2_font_size_phone=\u00bb22px\u00bb header_2_font_size_last_edited=\u00bbon|phone\u00bb global_module=\u00bb1446&#8243; saved_tabs=\u00bball\u00bb global_colors_info=\u00bb{}\u00bb]<\/p>\n<p style=\"text-align: center;\"><strong>Contact Us Today<\/strong><\/p>\n<p>[\/et_pb_text][et_pb_image src=\u00bbhttps:\/\/www.sanantonioaccidentlawyer.com\/wp-content\/uploads\/2019\/09\/photo__2836231_attorney-ronald-ramos.jpg\u00bb align=\u00bbcenter\u00bb _builder_version=\u00bb4.5.3&#8243; global_module=\u00bb1460&#8243; saved_tabs=\u00bball\u00bb global_colors_info=\u00bb{}\u00bb][\/et_pb_image][et_pb_text _builder_version=\u00bb3.26.5&#8243; width=\u00bb97.4%\u00bb custom_margin=\u00bb28px|||||\u00bb global_module=\u00bb1461&#8243; saved_tabs=\u00bball\u00bb global_colors_info=\u00bb{}\u00bb]<\/p>\n<div class=\"wpforms-container wpforms-container-full\" id=\"wpforms-1433\"><form id=\"wpforms-form-1433\" class=\"wpforms-validate wpforms-form\" data-formid=\"1433\" method=\"post\" enctype=\"multipart\/form-data\" action=\"\/es\/wp-json\/wp\/v2\/pages\/90541\" data-token=\"e266775650e5465fcf9b73f57fcfd54e\" data-token-time=\"1777818806\"><noscript class=\"wpforms-error-noscript\">Por favor, activa JavaScript en tu navegador para completar este formulario.<\/noscript><div class=\"wpforms-field-container\"><div id=\"wpforms-1433-field_0-container\" class=\"wpforms-field wpforms-field-name\" data-field-id=\"0\"><label class=\"wpforms-field-label wpforms-label-hide\" for=\"wpforms-1433-field_0\">Name <span class=\"wpforms-required-label\">*<\/span><\/label><input type=\"text\" id=\"wpforms-1433-field_0\" class=\"wpforms-field-large wpforms-field-required\" name=\"wpforms[fields][0]\" placeholder=\"Name (Required)\" required><\/div><div id=\"wpforms-1433-field_1-container\" class=\"wpforms-field wpforms-field-email\" data-field-id=\"1\"><label class=\"wpforms-field-label wpforms-label-hide\" for=\"wpforms-1433-field_1\">Email <span class=\"wpforms-required-label\">*<\/span><\/label><input type=\"email\" id=\"wpforms-1433-field_1\" class=\"wpforms-field-large wpforms-field-required\" name=\"wpforms[fields][1]\" placeholder=\"Email (Required)\" spellcheck=\"false\" required><\/div><div id=\"wpforms-1433-field_3-container\" class=\"wpforms-field wpforms-field-text\" data-field-id=\"3\"><label class=\"wpforms-field-label wpforms-label-hide\" for=\"wpforms-1433-field_3\">Phone <span class=\"wpforms-required-label\">*<\/span><\/label><input type=\"text\" id=\"wpforms-1433-field_3\" class=\"wpforms-field-large wpforms-field-required\" name=\"wpforms[fields][3]\" placeholder=\"Phone (Required)\" required><\/div><div id=\"wpforms-1433-field_5-container\" class=\"wpforms-field wpforms-field-select wpforms-field-select-style-classic\" data-field-id=\"5\"><label class=\"wpforms-field-label wpforms-label-hide\" for=\"wpforms-1433-field_5\">Preferred Contact Method<\/label><select id=\"wpforms-1433-field_5\" class=\"wpforms-field-large\" name=\"wpforms[fields][5]\"><option value=\"\" class=\"placeholder\" disabled  selected='selected'>Preferred Contact Method<\/option><option value=\"Call\"  class=\"choice-1 depth-1\"  >Call<\/option><option value=\"Text\"  class=\"choice-2 depth-1\"  >Text<\/option><option value=\"Email\"  class=\"choice-3 depth-1\"  >Email<\/option><\/select><\/div><div id=\"wpforms-1433-field_2-container\" class=\"wpforms-field wpforms-field-textarea\" data-field-id=\"2\"><label class=\"wpforms-field-label wpforms-label-hide\" for=\"wpforms-1433-field_2\">Comment or Message<\/label><textarea id=\"wpforms-1433-field_2\" class=\"wpforms-field-medium\" name=\"wpforms[fields][2]\" placeholder=\"Briefly Describe Your Legal Issue\" ><\/textarea><\/div><div id=\"wpforms-1433-field_6-container\" class=\"wpforms-field wpforms-field-captcha\" data-field-id=\"6\"><label class=\"wpforms-field-label\" for=\"wpforms-1433-field_6\">Captcha <span class=\"wpforms-required-label\">*<\/span><\/label><p id=\"wpforms-1433-field_6-question\" class=\"wpforms-captcha-question\">What is 2+11?<\/p>\n\t\t<input type=\"text\" id=\"wpforms-1433-field_6\" class=\"wpforms-field-medium wpforms-field-required a\" data-rule-wpf-captcha=\"qa\" data-is-wrapped-field=\"1\" data-a=\"13\" name=\"wpforms[fields][6][a]\" aria-describedby=\"wpforms-1433-field_6-question\" required>\n\t\t<input type=\"hidden\" name=\"wpforms[fields][6][q]\" value=\"3\">\n\n\t\t<\/div><\/div><!-- .wpforms-field-container --><div class=\"wpforms-recaptcha-container wpforms-is-recaptcha wpforms-is-recaptcha-type-v3\" ><input type=\"hidden\" name=\"wpforms[recaptcha]\" value=\"\"><\/div><div class=\"wpforms-submit-container\" ><input type=\"hidden\" name=\"wpforms[id]\" value=\"1433\"><input type=\"hidden\" name=\"page_title\" value=\"\"><input type=\"hidden\" name=\"page_url\" value=\"https:\/\/www.sanantonioaccidentlawyer.com\/es\/wp-json\/wp\/v2\/pages\/90541\"><input type=\"hidden\" name=\"url_referer\" value=\"\"><button type=\"submit\" name=\"wpforms[submit]\" id=\"wpforms-submit-1433\" class=\"wpforms-submit\" data-alt-text=\"Sending...\" data-submit-text=\"GET YOUR FREE CASE REVIEW\" aria-live=\"assertive\" value=\"wpforms-submit\">GET YOUR FREE CASE REVIEW<\/button><\/div><\/form><\/div>  <!-- .wpforms-container -->\n<p>[\/et_pb_text][\/et_pb_column][\/et_pb_section]<\/p>\n","protected":false},"excerpt":{"rendered":"<p>Abogado de responsabilidad de empresas de transporte en San Antonio Cuando un cami\u00f3n comercial provoca un accidente grave, el conductor al volante rara vez es la \u00fanica parte responsable. En la mayor\u00eda de los casos, la empresa de transporte que emplea o contrata a ese conductor asume una responsabilidad legal significativa por el choque. La [&hellip;]<\/p>\n","protected":false},"author":2,"featured_media":0,"parent":1247,"menu_order":0,"comment_status":"closed","ping_status":"closed","template":"","meta":{"_et_pb_use_builder":"on","_et_pb_old_content":"","_et_gb_content_width":"","footnotes":""},"class_list":["post-90541","page","type-page","status-publish","hentry"],"_links":{"self":[{"href":"https:\/\/www.sanantonioaccidentlawyer.com\/es\/wp-json\/wp\/v2\/pages\/90541","targetHints":{"allow":["GET"]}}],"collection":[{"href":"https:\/\/www.sanantonioaccidentlawyer.com\/es\/wp-json\/wp\/v2\/pages"}],"about":[{"href":"https:\/\/www.sanantonioaccidentlawyer.com\/es\/wp-json\/wp\/v2\/types\/page"}],"author":[{"embeddable":true,"href":"https:\/\/www.sanantonioaccidentlawyer.com\/es\/wp-json\/wp\/v2\/users\/2"}],"replies":[{"embeddable":true,"href":"https:\/\/www.sanantonioaccidentlawyer.com\/es\/wp-json\/wp\/v2\/comments?post=90541"}],"version-history":[{"count":0,"href":"https:\/\/www.sanantonioaccidentlawyer.com\/es\/wp-json\/wp\/v2\/pages\/90541\/revisions"}],"up":[{"embeddable":true,"href":"https:\/\/www.sanantonioaccidentlawyer.com\/es\/wp-json\/wp\/v2\/pages\/1247"}],"wp:attachment":[{"href":"https:\/\/www.sanantonioaccidentlawyer.com\/es\/wp-json\/wp\/v2\/media?parent=90541"}],"curies":[{"name":"wp","href":"https:\/\/api.w.org\/{rel}","templated":true}]}}