{"id":90563,"date":"2026-03-14T02:45:12","date_gmt":"2026-03-14T02:45:12","guid":{"rendered":"https:\/\/www.sanantonioaccidentlawyer.com\/accidentes-de-trabajo\/puede-denegarse-mi-reclamacion-por-lesiones-en-funcion-de-mi-estatus-migratorio\/"},"modified":"2026-03-14T03:05:01","modified_gmt":"2026-03-14T03:05:01","slug":"puede-denegarse-mi-reclamacion-por-lesiones-en-funcion-de-mi-estatus-migratorio","status":"publish","type":"page","link":"https:\/\/www.sanantonioaccidentlawyer.com\/es\/accidentes-de-trabajo\/puede-denegarse-mi-reclamacion-por-lesiones-en-funcion-de-mi-estatus-migratorio\/","title":{"rendered":"\u00bfPuede denegarse mi reclamaci\u00f3n por lesiones en funci\u00f3n de mi estatus migratorio?"},"content":{"rendered":"<p>[et_pb_section fb_built=\u00bb1&#8243; fullwidth=\u00bbon\u00bb custom_padding_last_edited=\u00bbon|phone\u00bb _builder_version=\u00bb3.26.5&#8243; use_background_color_gradient=\u00bbon\u00bb background_color_gradient_start=\u00bbrgba(9,19,46,0.9)\u00bb background_color_gradient_end=\u00bbrgba(9,19,46,0.81)\u00bb background_color_gradient_start_position=\u00bb6%\u00bb background_color_gradient_overlays_image=\u00bbon\u00bb background_image=\u00bbhttps:\/\/www.sanantonioaccidentlawyer.com\/wp-content\/uploads\/2019\/08\/car-accidents-attorney.jpg\u00bb custom_margin=\u00bb-63px||||false|false\u00bb custom_padding=\u00bb200px||300px||false|false\u00bb custom_padding_tablet=\u00bb170px||260px||false|false\u00bb custom_padding_phone=\u00bb150px||230px||false|false\u00bb global_colors_info=\u00bb{}\u00bb][et_pb_fullwidth_code module_class=\u00bbbreadcrumb\u00bb _builder_version=\u00bb3.26.5&#8243; global_colors_info=\u00bb{}\u00bb][\/et_pb_fullwidth_code][et_pb_fullwidth_header title=\u00bb\u00bfPuede denegarse mi reclamaci\u00f3n por lesiones en funci\u00f3n de mi estatus migratorio?\u00bb admin_label=\u00bbFullwidth Header\u00bb _builder_version=\u00bb3.26.5&#8243; title_font=\u00bb|600|||||||\u00bb title_text_align=\u00bbcenter\u00bb title_font_size=\u00bb45px\u00bb background_enable_color=\u00bboff\u00bb background_enable_image=\u00bboff\u00bb custom_margin=\u00bb|0px|||false|false\u00bb custom_padding=\u00bb0px||0px||false|false\u00bb title_font_size_tablet=\u00bb38px\u00bb title_font_size_phone=\u00bb28px\u00bb title_font_size_last_edited=\u00bbon|phone\u00bb global_colors_info=\u00bb{}\u00bb background__hover_enabled=\u00bboff\u00bb][\/et_pb_fullwidth_header][\/et_pb_section][et_pb_section fb_built=\u00bb1&#8243; use_custom_gutter=\u00bbon\u00bb gutter_width=\u00bb2&#8243; specialty=\u00bbon\u00bb custom_padding_last_edited=\u00bbon|phone\u00bb padding_top_bottom_link_2=\u00bbfalse\u00bb padding_left_right_link_2=\u00bbfalse\u00bb padding_top_2=\u00bb35px\u00bb padding_right_2=\u00bb15px\u00bb padding_bottom_2=\u00bb15px\u00bb padding_left_2=\u00bb15px\u00bb module_id_2=\u00bbsidebar-sticky\u00bb module_class_1=\u00bbleft_section\u00bb module_class_2=\u00bbsingle_column_section fixedsticky\u00bb module_class=\u00bbmain_row\u00bb _builder_version=\u00bb3.26.5&#8243; width_tablet=\u00bb\u00bb width_phone=\u00bb\u00bb width_last_edited=\u00bbon|phone\u00bb max_width_tablet=\u00bb\u00bb max_width_phone=\u00bb\u00bb max_width_last_edited=\u00bbon|phone\u00bb inner_max_width=\u00bb1200px\u00bb inner_max_width_tablet=\u00bb100%\u00bb inner_max_width_phone=\u00bb\u00bb inner_max_width_last_edited=\u00bbon|phone\u00bb custom_padding=\u00bb0px||||false|false\u00bb custom_padding_tablet=\u00bb|15px|20px|15px|false|false\u00bb custom_padding_phone=\u00bb\u00bb locked=\u00bboff\u00bb global_colors_info=\u00bb{}\u00bb][et_pb_column type=\u00bb2_3&#8243; specialty_columns=\u00bb2&#8243; _builder_version=\u00bb3.25&#8243; custom_padding=\u00bb|||\u00bb global_colors_info=\u00bb{}\u00bb custom_padding__hover=\u00bb|||\u00bb][et_pb_row_inner custom_padding_last_edited=\u00bbon|phone\u00bb module_class=\u00bbinner_row\u00bb _builder_version=\u00bb3.26.5&#8243; background_color=\u00bb#fff\u00bb width=\u00bb100%\u00bb max_width=\u00bb1200px\u00bb custom_padding=\u00bb35px|35px|35px|35px|false|false\u00bb custom_padding_tablet=\u00bb25px|25px|25px|25px|true|true\u00bb custom_padding_phone=\u00bb20px|20px|20px|20px|true|true\u00bb collapsed=\u00bboff\u00bb global_colors_info=\u00bb{}\u00bb][et_pb_column_inner saved_specialty_column_type=\u00bb2_3&#8243; _builder_version=\u00bb3.26.5&#8243; global_colors_info=\u00bb{}\u00bb][et_pb_text _builder_version=\u00bb3.27.4&#8243; header_2_font=\u00bb|600|||||||\u00bb header_2_font_size=\u00bb30px\u00bb text_font_size_tablet=\u00bb16px\u00bb text_font_size_phone=\u00bb15px\u00bb text_font_size_last_edited=\u00bbon|phone\u00bb text_line_height_tablet=\u00bb1.5em\u00bb text_line_height_phone=\u00bb1.5em\u00bb text_line_height_last_edited=\u00bbon|phone\u00bb header_2_font_size_tablet=\u00bb26px\u00bb header_2_font_size_phone=\u00bb20px\u00bb header_2_font_size_last_edited=\u00bbon|phone\u00bb global_colors_info=\u00bb{}\u00bb header_2_font_size__hover_enabled=\u00bboff\u00bb]<\/p>\n<h2>Los trabajadores lesionados tienen derechos, independientemente de su estatus migratorio<\/h2>\n<p>Si usted es un trabajador indocumentado y ha sufrido una lesi\u00f3n relacionada con el trabajo, tiene derecho a solicitar una indemnizaci\u00f3n econ\u00f3mica en forma de prestaciones de <a href=\"https:\/\/www.sanantonioaccidentlawyer.com\/es\/compensacion-de-trabajadores\/laboral-inmigrantes-indocumentados\/\">compensaci\u00f3n laboral<\/a> o <a href=\"https:\/\/www.sanantonioaccidentlawyer.com\/work-injury-lawyer\/can-undocumented-workers-file-personal-injury-claims-in-texas\/\">da\u00f1os y perjuicios por lesiones personales<\/a>. Una vez que presente una reclamaci\u00f3n, su reclamaci\u00f3n <em>no puede<\/em> ser denegada en funci\u00f3n de su estatus migratorio. Su empleador no puede denegar su reclamaci\u00f3n porque usted sea un trabajador indocumentado. La compa\u00f1\u00eda de seguros de compensaci\u00f3n laboral de su empleador no puede denegar su reclamaci\u00f3n porque usted se encuentre en el pa\u00eds de forma ilegal. Ni siquiera los tribunales de Texas pueden denegarle una indemnizaci\u00f3n bas\u00e1ndose en su condici\u00f3n de indocumentado.    <\/p>\n<h3>Derechos de los trabajadores indocumentados seg\u00fan la ley de Texas<\/h3>\n<p>Si bien la inmigraci\u00f3n es una cuesti\u00f3n de derecho federal en los Estados Unidos, los tribunales de Texas han dictaminado que la ley federal de inmigraci\u00f3n no prevalece sobre los derechos de los trabajadores seg\u00fan la ley estatal. Esto significa que las leyes federales como la <a href=\"https:\/\/www.sanantonioaccidentlawyer.com\/es\/accidentes-de-trabajo\/ley-de-reforma-y-control-de-la-inmigracion-y-los-trabajadores-lesionados-de-texas\/\">Ley de Reforma y Control de la Inmigraci\u00f3n (IRCA)<\/a> <em>no impiden<\/em> que los trabajadores indocumentados hagan valer sus derechos seg\u00fan la ley estatal a las prestaciones de compensaci\u00f3n laboral y a los da\u00f1os y perjuicios por lesiones personales. En el caso de <em>Grocers Supply, Inc. v. Cabello<\/em>, 2012 Tex. App. LEXIS 10681 (Tex. App.\u2014Dallas 21 de diciembre de 2012), un empleador de Texas intent\u00f3 denegar las reclamaciones por lesiones de tres trabajadores indocumentados bas\u00e1ndose en su condici\u00f3n de trabajadores indocumentados. Sin embargo, el Tribunal de Apelaciones de Texas <a href=\"http:\/\/caselaw.findlaw.com\/tx-court-of-appeals\/1619188.html\" target=\"_blank\" rel=\"noopener\">dictamin\u00f3<\/a> que el empleador \u00abno cumpli\u00f3 con su carga de demostrar que el Congreso, al promulgar la IRCA, expres\u00f3 una intenci\u00f3n clara [&#8230;] de anular la soberan\u00eda de la ley de Texas que permite la recuperaci\u00f3n por lesiones [personales]\u00bb. Como resultado, confirm\u00f3 la sentencia del tribunal de primera instancia que otorgaba una indemnizaci\u00f3n por salarios pasados y futuros perdidos.      <\/p>\n<p>Hoy en d\u00eda, <em>Grocers Supply, Inc. v. Cabello<\/em> sigue siendo la ley vigente en Texas con respecto a las reclamaciones de indemnizaci\u00f3n por lesiones de los trabajadores indocumentados. La Ley de Compensaci\u00f3n Laboral de Texas tambi\u00e9n proporciona protecciones para los trabajadores indocumentados. Por lo tanto, independientemente de si usted es elegible para la compensaci\u00f3n laboral o necesita presentar una reclamaci\u00f3n por lesiones personales para recuperar sus p\u00e9rdidas, su estatus migratorio no deber\u00eda ser un factor en su reclamaci\u00f3n de indemnizaci\u00f3n.  <\/p>\n<h3>\u00bfCu\u00e1ndo puede denegarse una reclamaci\u00f3n de compensaci\u00f3n laboral o de lesiones personales?<\/h3>\n<p>Si bien su reclamaci\u00f3n por lesiones no puede ser denegada en funci\u00f3n de su estatus migratorio, existen varios otros motivos por los cuales los empleadores, las compa\u00f1\u00edas de seguros y los tribunales de Texas pueden denegar reclamaciones de indemnizaci\u00f3n por lesiones laborales. Tanto los trabajadores documentados como los indocumentados pueden enfrentarse a denegaciones debido a: <\/p>\n<ul>\n<li>No acudir a un m\u00e9dico autorizado (en el caso de la compensaci\u00f3n laboral)<\/li>\n<li>No demostrar la negligencia del empleador (en el caso de una reclamaci\u00f3n por lesiones personales)<\/li>\n<li>No cumplir con los plazos para notificar o presentar una reclamaci\u00f3n<\/li>\n<li>No cumplir con los requisitos t\u00e9cnicos para presentar una reclamaci\u00f3n<\/li>\n<li>Presentar reclamaciones que no son elegibles para una indemnizaci\u00f3n econ\u00f3mica<\/li>\n<\/ul>\n<p>Por supuesto, los empleadores y sus compa\u00f1\u00edas de seguros frecuentemente deniegan <em>injustamente<\/em> las reclamaciones de los trabajadores indocumentados tambi\u00e9n. Como resultado, tanto si acaba de lesionarse como si ya le han denegado su reclamaci\u00f3n, deber\u00eda hablar con un abogado sobre la protecci\u00f3n de sus derechos lo antes posible. <\/p>\n<h3>Hable con un abogado experimentado de forma confidencial<\/h3>\n<p>Si desea obtener m\u00e1s informaci\u00f3n sobre c\u00f3mo solicitar una indemnizaci\u00f3n econ\u00f3mica por una lesi\u00f3n relacionada con el trabajo, le animamos a que se ponga en contacto con nosotros para una consulta gratuita y sin compromiso. Para hablar con un abogado experimentado de forma confidencial, llame al (210) 308-8811 o <a href=\"https:\/\/www.sanantonioaccidentlawyer.com\/es\/contacte-con-nosotros\/\">p\u00f3ngase en contacto con nuestro bufete de abogados de San Antonio en l\u00ednea hoy mismo.<\/a> <\/p>\n<p><a href=\"mailto:info@sanantonioaccidentlawyer.com\"><\/a><\/p>\n<h2>Motivos comunes por los que se deniegan las reclamaciones por lesiones laborales en Texas<\/h2>\n<p>Las compa\u00f1\u00edas de seguros deniegan las reclamaciones de compensaci\u00f3n laboral por muchos motivos, y comprender los fundamentos m\u00e1s comunes de denegaci\u00f3n puede ayudarle a evitar errores que pongan en peligro sus prestaciones. Los motivos frecuentes de denegaci\u00f3n de reclamaciones incluyen no informar de su lesi\u00f3n a su empleador dentro del plazo requerido de 30 d\u00edas, no cumplir con el plazo de un a\u00f1o para presentar una reclamaci\u00f3n ante la Divisi\u00f3n de Compensaci\u00f3n Laboral, disputas sobre si la lesi\u00f3n realmente ocurri\u00f3 en el trabajo o durante el curso y alcance del empleo, y condiciones preexistentes que el asegurador argumenta que son responsables de sus s\u00edntomas en lugar del incidente laboral. <\/p>\n<p>Las aseguradoras tambi\u00e9n pueden denegar reclamaciones si hay lagunas en su tratamiento m\u00e9dico, inconsistencias entre su relato de la lesi\u00f3n y los registros m\u00e9dicos, o si dio positivo en las pruebas de drogas o alcohol en el momento del accidente. Sin embargo, una prueba de drogas positiva no le descalifica autom\u00e1ticamente de las prestaciones: el asegurador debe demostrar que la intoxicaci\u00f3n fue la causa de la lesi\u00f3n. <\/p>\n<h2>Pasos a seguir despu\u00e9s de una denegaci\u00f3n de reclamaci\u00f3n<\/h2>\n<p>Si su reclamaci\u00f3n por lesiones laborales ha sido denegada, no asuma que la decisi\u00f3n es definitiva. Usted tiene derecho a impugnar la denegaci\u00f3n a trav\u00e9s del proceso de resoluci\u00f3n de disputas de compensaci\u00f3n laboral de Texas. El primer paso es una Conferencia de Revisi\u00f3n de Prestaciones donde usted y la compa\u00f1\u00eda de seguros intentan llegar a un acuerdo con la ayuda de un oficial de revisi\u00f3n de prestaciones. Si ese proceso no resuelve la disputa, puede proceder a una Audiencia de Caso Impugnado ante un juez de derecho administrativo que revisar\u00e1 las pruebas y tomar\u00e1 una decisi\u00f3n vinculante.   <\/p>\n<p>A lo largo de este proceso, es esencial construir un historial m\u00e9dico s\u00f3lido. Aseg\u00farese de que su m\u00e9dico tratante documente claramente la conexi\u00f3n entre su lesi\u00f3n y sus actividades laborales. Obtenga cualquier opini\u00f3n m\u00e9dica adicional que respalde su reclamaci\u00f3n y conserve registros de todas las comunicaciones con su empleador y la compa\u00f1\u00eda de seguros. Un abogado experimentado en lesiones laborales de San Antonio puede guiarle a trav\u00e9s de cada etapa del proceso de disputa y presentar el caso m\u00e1s s\u00f3lido posible en su nombre.   <\/p>\n<h3>Recursos relacionados para trabajadores lesionados<\/h3>\n<ul>\n<li><a href=\"https:\/\/www.sanantonioaccidentlawyer.com\/es\/accidentes-de-trabajo\/\">Abogado de lesiones laborales en San Antonio<\/a><\/li>\n<li><a href=\"https:\/\/www.sanantonioaccidentlawyer.com\/es\/accidentes-de-trabajo\/pueden-expulsarme-deportarme-si-presento-una-reclamacion-por-lesiones\/\">\u00bfPueden deportarme por presentar una reclamaci\u00f3n?<\/a><\/li>\n<li><a href=\"https:\/\/www.sanantonioaccidentlawyer.com\/es\/accidentes-de-trabajo\/puede-mi-empleador-denunciarme-ante-uscis-si-presento-una-reclamacion-por-lesiones\/\">\u00bfPuede mi empleador denunciarme ante USCIS?<\/a><\/li>\n<li><a href=\"https:\/\/www.sanantonioaccidentlawyer.com\/es\/accidentes-de-trabajo\/recursos-para-trabajadores-indocumentados\/\">Recursos para trabajadores indocumentados<\/a><\/li>\n<li><a href=\"\/work-injury-lawyer\/faq-for-undocumented-workers-injured-on-the-job\/\">Preguntas frecuentes para trabajadores indocumentados lesionados<\/a><\/li>\n<\/ul>\n<p>[\/et_pb_text][\/et_pb_column_inner][\/et_pb_row_inner][\/et_pb_column][et_pb_column type=\u00bb1_3&#8243; _builder_version=\u00bb3.25&#8243; custom_padding=\u00bb|||\u00bb global_colors_info=\u00bb{}\u00bb custom_padding__hover=\u00bb|||\u00bb][et_pb_text module_class=\u00bbright-column-1 \u00bb _builder_version=\u00bb4.5.7&#8243; text_font_size=\u00bb28px\u00bb header_2_font=\u00bb|600|||||||\u00bb header_2_font_size=\u00bb30px\u00bb header_2_line_height=\u00bb1.2em\u00bb header_2_font_size_tablet=\u00bb26px\u00bb header_2_font_size_phone=\u00bb22px\u00bb header_2_font_size_last_edited=\u00bbon|phone\u00bb global_module=\u00bb1446&#8243; saved_tabs=\u00bball\u00bb global_colors_info=\u00bb{}\u00bb]<\/p>\n<p style=\"text-align: center;\"><strong>Contact Us Today<\/strong><\/p>\n<p>[\/et_pb_text][et_pb_image src=\u00bbhttps:\/\/www.sanantonioaccidentlawyer.com\/wp-content\/uploads\/2019\/09\/photo__2836231_attorney-ronald-ramos.jpg\u00bb align=\u00bbcenter\u00bb _builder_version=\u00bb4.5.3&#8243; global_module=\u00bb1460&#8243; saved_tabs=\u00bball\u00bb global_colors_info=\u00bb{}\u00bb][\/et_pb_image][et_pb_text _builder_version=\u00bb3.26.5&#8243; custom_margin=\u00bb28px|||||\u00bb global_module=\u00bb1461&#8243; saved_tabs=\u00bball\u00bb global_colors_info=\u00bb{}\u00bb]<\/p>\n<div class=\"wpforms-container wpforms-container-full\" id=\"wpforms-1433\"><form id=\"wpforms-form-1433\" class=\"wpforms-validate wpforms-form\" data-formid=\"1433\" method=\"post\" enctype=\"multipart\/form-data\" action=\"\/es\/wp-json\/wp\/v2\/pages\/90563\" data-token=\"1a58bcbb378d0c3a880f98001398c2b2\" data-token-time=\"1776209708\"><noscript class=\"wpforms-error-noscript\">Por favor, activa JavaScript en tu navegador para completar este formulario.<\/noscript><div class=\"wpforms-field-container\"><div id=\"wpforms-1433-field_0-container\" class=\"wpforms-field wpforms-field-name\" data-field-id=\"0\"><label class=\"wpforms-field-label wpforms-label-hide\" for=\"wpforms-1433-field_0\">Name <span class=\"wpforms-required-label\">*<\/span><\/label><input type=\"text\" id=\"wpforms-1433-field_0\" class=\"wpforms-field-large wpforms-field-required\" name=\"wpforms[fields][0]\" placeholder=\"Name (Required)\" required><\/div><div id=\"wpforms-1433-field_1-container\" class=\"wpforms-field wpforms-field-email\" data-field-id=\"1\"><label class=\"wpforms-field-label wpforms-label-hide\" for=\"wpforms-1433-field_1\">Email <span class=\"wpforms-required-label\">*<\/span><\/label><input type=\"email\" id=\"wpforms-1433-field_1\" class=\"wpforms-field-large wpforms-field-required\" name=\"wpforms[fields][1]\" placeholder=\"Email (Required)\" spellcheck=\"false\" required><\/div><div id=\"wpforms-1433-field_3-container\" class=\"wpforms-field wpforms-field-text\" data-field-id=\"3\"><label class=\"wpforms-field-label wpforms-label-hide\" for=\"wpforms-1433-field_3\">Phone <span class=\"wpforms-required-label\">*<\/span><\/label><input type=\"text\" id=\"wpforms-1433-field_3\" class=\"wpforms-field-large wpforms-field-required\" name=\"wpforms[fields][3]\" placeholder=\"Phone (Required)\" required><\/div><div id=\"wpforms-1433-field_5-container\" class=\"wpforms-field wpforms-field-select wpforms-field-select-style-classic\" data-field-id=\"5\"><label class=\"wpforms-field-label wpforms-label-hide\" for=\"wpforms-1433-field_5\">Preferred Contact Method<\/label><select id=\"wpforms-1433-field_5\" class=\"wpforms-field-large\" name=\"wpforms[fields][5]\"><option value=\"\" class=\"placeholder\" disabled  selected='selected'>Preferred Contact Method<\/option><option value=\"Call\"  class=\"choice-1 depth-1\"  >Call<\/option><option value=\"Text\"  class=\"choice-2 depth-1\"  >Text<\/option><option value=\"Email\"  class=\"choice-3 depth-1\"  >Email<\/option><\/select><\/div><div id=\"wpforms-1433-field_2-container\" class=\"wpforms-field wpforms-field-textarea\" data-field-id=\"2\"><label class=\"wpforms-field-label wpforms-label-hide\" for=\"wpforms-1433-field_2\">Comment or Message<\/label><textarea id=\"wpforms-1433-field_2\" class=\"wpforms-field-medium\" name=\"wpforms[fields][2]\" placeholder=\"Briefly Describe Your Legal Issue\" ><\/textarea><\/div><div id=\"wpforms-1433-field_6-container\" class=\"wpforms-field wpforms-field-captcha\" data-field-id=\"6\"><label class=\"wpforms-field-label\" for=\"wpforms-1433-field_6\">Captcha <span class=\"wpforms-required-label\">*<\/span><\/label><p id=\"wpforms-1433-field_6-question\" class=\"wpforms-captcha-question\">What is 7+3?<\/p>\n\t\t<input type=\"text\" id=\"wpforms-1433-field_6\" class=\"wpforms-field-medium wpforms-field-required a\" data-rule-wpf-captcha=\"qa\" data-is-wrapped-field=\"1\" data-a=\"10\" name=\"wpforms[fields][6][a]\" aria-describedby=\"wpforms-1433-field_6-question\" required>\n\t\t<input type=\"hidden\" name=\"wpforms[fields][6][q]\" value=\"2\">\n\n\t\t<\/div><\/div><!-- .wpforms-field-container --><div class=\"wpforms-recaptcha-container wpforms-is-recaptcha wpforms-is-recaptcha-type-v3\" ><input type=\"hidden\" name=\"wpforms[recaptcha]\" value=\"\"><\/div><div class=\"wpforms-submit-container\" ><input type=\"hidden\" name=\"wpforms[id]\" value=\"1433\"><input type=\"hidden\" name=\"page_title\" value=\"\"><input type=\"hidden\" name=\"page_url\" value=\"https:\/\/www.sanantonioaccidentlawyer.com\/es\/wp-json\/wp\/v2\/pages\/90563\"><input type=\"hidden\" name=\"url_referer\" value=\"\"><button type=\"submit\" name=\"wpforms[submit]\" id=\"wpforms-submit-1433\" class=\"wpforms-submit\" data-alt-text=\"Sending...\" data-submit-text=\"GET YOUR FREE CASE REVIEW\" aria-live=\"assertive\" value=\"wpforms-submit\">GET YOUR FREE CASE REVIEW<\/button><\/div><\/form><\/div>  <!-- .wpforms-container -->\n<p>[\/et_pb_text][\/et_pb_column][\/et_pb_section]<\/p>\n","protected":false},"excerpt":{"rendered":"<p>Los trabajadores lesionados tienen derechos, independientemente de su estatus migratorio Si usted es un trabajador indocumentado y ha sufrido una lesi\u00f3n relacionada con el trabajo, tiene derecho a solicitar una indemnizaci\u00f3n econ\u00f3mica en forma de prestaciones de compensaci\u00f3n laboral o da\u00f1os y perjuicios por lesiones personales. Una vez que presente una reclamaci\u00f3n, su reclamaci\u00f3n no [&hellip;]<\/p>\n","protected":false},"author":2,"featured_media":0,"parent":1208,"menu_order":0,"comment_status":"closed","ping_status":"closed","template":"","meta":{"_et_pb_use_builder":"on","_et_pb_old_content":"","_et_gb_content_width":"","footnotes":""},"class_list":["post-90563","page","type-page","status-publish","hentry"],"_links":{"self":[{"href":"https:\/\/www.sanantonioaccidentlawyer.com\/es\/wp-json\/wp\/v2\/pages\/90563","targetHints":{"allow":["GET"]}}],"collection":[{"href":"https:\/\/www.sanantonioaccidentlawyer.com\/es\/wp-json\/wp\/v2\/pages"}],"about":[{"href":"https:\/\/www.sanantonioaccidentlawyer.com\/es\/wp-json\/wp\/v2\/types\/page"}],"author":[{"embeddable":true,"href":"https:\/\/www.sanantonioaccidentlawyer.com\/es\/wp-json\/wp\/v2\/users\/2"}],"replies":[{"embeddable":true,"href":"https:\/\/www.sanantonioaccidentlawyer.com\/es\/wp-json\/wp\/v2\/comments?post=90563"}],"version-history":[{"count":0,"href":"https:\/\/www.sanantonioaccidentlawyer.com\/es\/wp-json\/wp\/v2\/pages\/90563\/revisions"}],"up":[{"embeddable":true,"href":"https:\/\/www.sanantonioaccidentlawyer.com\/es\/wp-json\/wp\/v2\/pages\/1208"}],"wp:attachment":[{"href":"https:\/\/www.sanantonioaccidentlawyer.com\/es\/wp-json\/wp\/v2\/media?parent=90563"}],"curies":[{"name":"wp","href":"https:\/\/api.w.org\/{rel}","templated":true}]}}