{"id":90565,"date":"2026-03-14T02:45:41","date_gmt":"2026-03-14T02:45:41","guid":{"rendered":"https:\/\/www.sanantonioaccidentlawyer.com\/opiniones-de-clientes\/"},"modified":"2026-03-14T02:45:42","modified_gmt":"2026-03-14T02:45:42","slug":"opiniones-de-clientes","status":"publish","type":"page","link":"https:\/\/www.sanantonioaccidentlawyer.com\/es\/opiniones-de-clientes\/","title":{"rendered":"Opiniones de clientes"},"content":{"rendered":"<p>[et_pb_section fb_built=\u00bb1&#8243; fullwidth=\u00bbon\u00bb custom_padding_last_edited=\u00bbon|phone\u00bb _builder_version=\u00bb3.26.5&#8243; use_background_color_gradient=\u00bbon\u00bb background_color_gradient_start=\u00bbrgba(9,19,46,0.9)\u00bb background_color_gradient_end=\u00bbrgba(9,19,46,0.81)\u00bb background_color_gradient_start_position=\u00bb6%\u00bb background_color_gradient_overlays_image=\u00bbon\u00bb background_image=\u00bbhttps:\/\/www.sanantonioaccidentlawyer.com\/wp-content\/uploads\/2019\/08\/car-accidents-attorney.jpg\u00bb custom_margin=\u00bb-63px||||false|false\u00bb custom_padding=\u00bb200px||300px||false|false\u00bb custom_padding_tablet=\u00bb170px||260px||false|false\u00bb custom_padding_phone=\u00bb150px||230px||false|false\u00bb][et_pb_fullwidth_code module_class=\u00bbbreadcrumb\u00bb _builder_version=\u00bb3.26.5&#8243;][\/et_pb_fullwidth_code][et_pb_fullwidth_header title=\u00bbOpiniones de clientes\u00bb admin_label=\u00bbFullwidth Header\u00bb _builder_version=\u00bb3.26.5&#8243; title_font=\u00bb|600|||||||\u00bb title_text_align=\u00bbcenter\u00bb title_font_size=\u00bb45px\u00bb background_enable_color=\u00bboff\u00bb background_enable_image=\u00bboff\u00bb custom_margin=\u00bb|0px|||false|false\u00bb custom_padding=\u00bb0px||0px||false|false\u00bb title_font_size_tablet=\u00bb38px\u00bb title_font_size_phone=\u00bb28px\u00bb title_font_size_last_edited=\u00bbon|phone\u00bb background__hover_enabled=\u00bboff\u00bb][\/et_pb_fullwidth_header][\/et_pb_section][et_pb_section fb_built=\u00bb1&#8243; use_custom_gutter=\u00bbon\u00bb gutter_width=\u00bb2&#8243; specialty=\u00bbon\u00bb custom_padding_last_edited=\u00bbon|phone\u00bb padding_top_bottom_link_2=\u00bbfalse\u00bb padding_left_right_link_2=\u00bbfalse\u00bb padding_top_2=\u00bb35px\u00bb padding_right_2=\u00bb15px\u00bb padding_bottom_2=\u00bb15px\u00bb padding_left_2=\u00bb15px\u00bb module_id_2=\u00bbsidebar-sticky\u00bb module_class_1=\u00bbleft_section\u00bb module_class_2=\u00bbsingle_column_section fixedsticky\u00bb module_class=\u00bbmain_row\u00bb _builder_version=\u00bb3.26.5&#8243; width_tablet=\u00bb\u00bb width_phone=\u00bb\u00bb width_last_edited=\u00bbon|phone\u00bb max_width_tablet=\u00bb\u00bb max_width_phone=\u00bb\u00bb max_width_last_edited=\u00bbon|phone\u00bb inner_max_width=\u00bb1200px\u00bb inner_max_width_tablet=\u00bb100%\u00bb inner_max_width_phone=\u00bb\u00bb inner_max_width_last_edited=\u00bbon|phone\u00bb custom_padding=\u00bb0px||||false|false\u00bb custom_padding_tablet=\u00bb|15px|20px|15px|false|false\u00bb custom_padding_phone=\u00bb\u00bb][et_pb_column type=\u00bb2_3&#8243; specialty_columns=\u00bb2&#8243; _builder_version=\u00bb3.25&#8243; custom_padding=\u00bb|||\u00bb custom_padding__hover=\u00bb|||\u00bb][et_pb_row_inner custom_padding_last_edited=\u00bbon|phone\u00bb module_class=\u00bbinner_row\u00bb _builder_version=\u00bb3.26.5&#8243; background_color=\u00bb#fff\u00bb width=\u00bb100%\u00bb max_width=\u00bb1200px\u00bb custom_padding=\u00bb35px|35px|35px|35px|false|false\u00bb custom_padding_tablet=\u00bb25px|25px|25px|25px|true|true\u00bb custom_padding_phone=\u00bb20px|20px|20px|20px|true|true\u00bb collapsed=\u00bboff\u00bb][et_pb_column_inner saved_specialty_column_type=\u00bb2_3&#8243; _builder_version=\u00bb3.26.5&#8243;][et_pb_text _builder_version=\u00bb4.7.7&#8243; header_2_font=\u00bb|600|||||||\u00bb header_2_font_size=\u00bb30px\u00bb hover_enabled=\u00bb0&#8243; text_font_size_tablet=\u00bb16px\u00bb text_font_size_phone=\u00bb15px\u00bb text_font_size_last_edited=\u00bbon|phone\u00bb text_line_height_tablet=\u00bb1.5em\u00bb text_line_height_phone=\u00bb1.5em\u00bb text_line_height_last_edited=\u00bbon|phone\u00bb header_2_font_size_tablet=\u00bb26px\u00bb header_2_font_size_phone=\u00bb20px\u00bb header_2_font_size_last_edited=\u00bbon|phone\u00bb header_2_font_size__hover_enabled=\u00bboff\u00bb sticky_enabled=\u00bb0&#8243;]<\/p>\n<h2><span>Nuestras opiniones de clientes<\/span><\/h2>\n<p>\u201c\u00a1Recomiendo encarecidamente a Ron Ramos! \u00a1Es un gran abogado que obtiene RESULTADOS! Su personal es amable y profesional, siempre est\u00e1n ah\u00ed para ayudarle lo m\u00e1s r\u00e1pido posible. Si necesita un abogado, esta es la oficina que pondr\u00e1 sus intereses en primer lugar\u201d.<br \/> &#8211; <em>D.M.<\/em><\/p>\n<hr>\n<p>\u201cEl personal de la oficina de Ronald A. Ramos no podr\u00eda haber sido m\u00e1s servicial. Su amable equipo de atenci\u00f3n tiene much\u00edsimos conocimientos que ofrecer a la hora de buscar asesoramiento legal en una gran variedad de temas. \u00a1Son muy recomendables si alguien busca cualquier tipo de ayuda!\u201d<br \/> &#8211; <em>M.C.<\/em><\/p>\n<hr>\n<p>\u201cRonald Ramos me ayud\u00f3 enormemente tras mi accidente de coche. Estaba muy estresado y me sent\u00eda desesperado despu\u00e9s de intentar solucionar el caso por mi cuenta y de hablar con otros abogados. \u00c9l fue el tercer abogado con el que habl\u00e9 y me sent\u00ed muy aliviado al encontrarlo. Realmente se preocup\u00f3 por mis inquietudes y sent\u00ed que me comprend\u00eda. Fue muy educado y comprensivo, y siempre respondi\u00f3 a todas mis preguntas y me mantuvo informado. Confi\u00e9 en \u00e9l desde la primera vez que hablamos. Adem\u00e1s, tiene m\u00e1s de 30 a\u00f1os de experiencia gestionando este tipo de casos y eso solo me hizo sentir m\u00e1s seguro de que estaba tomando la decisi\u00f3n correcta al trabajar con \u00e9l. Solo puedo estar agradecido a Ronald Ramos por todo lo que hizo por m\u00ed. Es muy inteligente y digno de confianza, y lo mismo puede decirse de su personal. Todo el mundo fue muy agradable, perspicaz y amable. \u00a1Recib\u00ed un gran acuerdo y todo fue gracias a Ron y a sus asociados! Recomendar\u00eda a este abogado a cualquier persona en San Antonio&#8230; \u00a1Un gran hombre y un abogado realmente excelente!\u201d<br \/>  &#8211; <em>I.B.<\/em><\/p>\n<hr>\n<p>\u201cTuve un accidente de coche leve cuando me mud\u00e9 por primera vez a San Antonio. No estaba seguro de si necesitaba un abogado, pero finalmente me puse en contacto con el Sr. Ramos y me alegro de haberlo hecho. \u00a1Recomiendo encarecidamente este bufete!\u201d<br \/> &#8211; <em>A.W.<\/em><\/p>\n<hr>\n<p>\u201cTuve un peque\u00f1o accidente de coche hace un tiempo y mis padres me aconsejaron que buscara un abogado. Me alegro mucho de haberlo hecho porque no tuve que preocuparme por nada despu\u00e9s de eso. \u00a1Un gran abogado y un personal excelente!\u201d<br \/> &#8211; <em>E.T.<\/em><\/p>\n<hr>\n<p>\u201cGran abogado, honesto y directo\u201d<br \/> &#8211; <em>R.B.<\/em><\/p>\n<hr>\n<p>\u201c\u00a1\u00a1El Sr. Ramos y su personal fueron fant\u00e1sticos!! Acud\u00ed a su oficina despu\u00e9s de un accidente de coche grave y no estaba llegando a ninguna parte con la compa\u00f1\u00eda de seguros. \u00c9l y su personal me ayudaron mucho m\u00e1s de lo que me ofreci\u00f3 la propia compa\u00f1\u00eda de seguros\u2026\u2026\u2026\u2026.\u201d<br \/> &#8211; <em>N.G.<\/em><\/p>\n<p>[\/et_pb_text][\/et_pb_column_inner][\/et_pb_row_inner][\/et_pb_column][et_pb_column type=\u00bb1_3&#8243; _builder_version=\u00bb3.25&#8243; custom_padding=\u00bb|||\u00bb custom_padding__hover=\u00bb|||\u00bb][et_pb_text module_class=\u00bbright-column-1 \u00bb _builder_version=\u00bb4.5.7&#8243; text_font_size=\u00bb28px\u00bb header_2_font=\u00bb|600|||||||\u00bb header_2_font_size=\u00bb30px\u00bb header_2_line_height=\u00bb1.2em\u00bb header_2_font_size_tablet=\u00bb26px\u00bb header_2_font_size_phone=\u00bb22px\u00bb header_2_font_size_last_edited=\u00bbon|phone\u00bb global_module=\u00bb1446&#8243; saved_tabs=\u00bball\u00bb]<\/p>\n<p style=\"text-align: center;\"><strong>Contact Us Today<\/strong><\/p>\n<p>[\/et_pb_text][et_pb_image src=\u00bbhttps:\/\/www.sanantonioaccidentlawyer.com\/wp-content\/uploads\/2019\/09\/photo__2836231_attorney-ronald-ramos.jpg\u00bb align=\u00bbcenter\u00bb _builder_version=\u00bb4.5.3&#8243; global_module=\u00bb1460&#8243; saved_tabs=\u00bball\u00bb][\/et_pb_image][et_pb_text _builder_version=\u00bb3.26.5&#8243; custom_margin=\u00bb28px|||||\u00bb global_module=\u00bb1461&#8243; saved_tabs=\u00bball\u00bb]<\/p>\n<div class=\"wpforms-container wpforms-container-full\" id=\"wpforms-1433\"><form id=\"wpforms-form-1433\" class=\"wpforms-validate wpforms-form\" data-formid=\"1433\" method=\"post\" enctype=\"multipart\/form-data\" action=\"\/es\/wp-json\/wp\/v2\/pages\/90565\" data-token=\"ee1c22ab5155691c2f4b8431c008ec46\" data-token-time=\"1777591473\"><noscript class=\"wpforms-error-noscript\">Por favor, activa JavaScript en tu navegador para completar este formulario.<\/noscript><div class=\"wpforms-field-container\"><div id=\"wpforms-1433-field_0-container\" class=\"wpforms-field wpforms-field-name\" data-field-id=\"0\"><label class=\"wpforms-field-label wpforms-label-hide\" for=\"wpforms-1433-field_0\">Name <span class=\"wpforms-required-label\">*<\/span><\/label><input type=\"text\" id=\"wpforms-1433-field_0\" class=\"wpforms-field-large wpforms-field-required\" name=\"wpforms[fields][0]\" placeholder=\"Name (Required)\" required><\/div><div id=\"wpforms-1433-field_1-container\" class=\"wpforms-field wpforms-field-email\" data-field-id=\"1\"><label class=\"wpforms-field-label wpforms-label-hide\" for=\"wpforms-1433-field_1\">Email <span class=\"wpforms-required-label\">*<\/span><\/label><input type=\"email\" id=\"wpforms-1433-field_1\" class=\"wpforms-field-large wpforms-field-required\" name=\"wpforms[fields][1]\" placeholder=\"Email (Required)\" spellcheck=\"false\" required><\/div><div id=\"wpforms-1433-field_3-container\" class=\"wpforms-field wpforms-field-text\" data-field-id=\"3\"><label class=\"wpforms-field-label wpforms-label-hide\" for=\"wpforms-1433-field_3\">Phone <span class=\"wpforms-required-label\">*<\/span><\/label><input type=\"text\" id=\"wpforms-1433-field_3\" class=\"wpforms-field-large wpforms-field-required\" name=\"wpforms[fields][3]\" placeholder=\"Phone (Required)\" required><\/div><div id=\"wpforms-1433-field_5-container\" class=\"wpforms-field wpforms-field-select wpforms-field-select-style-classic\" data-field-id=\"5\"><label class=\"wpforms-field-label wpforms-label-hide\" for=\"wpforms-1433-field_5\">Preferred Contact Method<\/label><select id=\"wpforms-1433-field_5\" class=\"wpforms-field-large\" name=\"wpforms[fields][5]\"><option value=\"\" class=\"placeholder\" disabled  selected='selected'>Preferred Contact Method<\/option><option value=\"Call\"  class=\"choice-1 depth-1\"  >Call<\/option><option value=\"Text\"  class=\"choice-2 depth-1\"  >Text<\/option><option value=\"Email\"  class=\"choice-3 depth-1\"  >Email<\/option><\/select><\/div><div id=\"wpforms-1433-field_2-container\" class=\"wpforms-field wpforms-field-textarea\" data-field-id=\"2\"><label class=\"wpforms-field-label wpforms-label-hide\" for=\"wpforms-1433-field_2\">Comment or Message<\/label><textarea id=\"wpforms-1433-field_2\" class=\"wpforms-field-medium\" name=\"wpforms[fields][2]\" placeholder=\"Briefly Describe Your Legal Issue\" ><\/textarea><\/div><div id=\"wpforms-1433-field_6-container\" class=\"wpforms-field wpforms-field-captcha\" data-field-id=\"6\"><label class=\"wpforms-field-label\" for=\"wpforms-1433-field_6\">Captcha <span class=\"wpforms-required-label\">*<\/span><\/label><p id=\"wpforms-1433-field_6-question\" class=\"wpforms-captcha-question\">What is 2+11?<\/p>\n\t\t<input type=\"text\" id=\"wpforms-1433-field_6\" class=\"wpforms-field-medium wpforms-field-required a\" data-rule-wpf-captcha=\"qa\" data-is-wrapped-field=\"1\" data-a=\"13\" name=\"wpforms[fields][6][a]\" aria-describedby=\"wpforms-1433-field_6-question\" required>\n\t\t<input type=\"hidden\" name=\"wpforms[fields][6][q]\" value=\"3\">\n\n\t\t<\/div><\/div><!-- .wpforms-field-container --><div class=\"wpforms-recaptcha-container wpforms-is-recaptcha wpforms-is-recaptcha-type-v3\" ><input type=\"hidden\" name=\"wpforms[recaptcha]\" value=\"\"><\/div><div class=\"wpforms-submit-container\" ><input type=\"hidden\" name=\"wpforms[id]\" value=\"1433\"><input type=\"hidden\" name=\"page_title\" value=\"\"><input type=\"hidden\" name=\"page_url\" value=\"https:\/\/www.sanantonioaccidentlawyer.com\/es\/wp-json\/wp\/v2\/pages\/90565\"><input type=\"hidden\" name=\"url_referer\" value=\"\"><button type=\"submit\" name=\"wpforms[submit]\" id=\"wpforms-submit-1433\" class=\"wpforms-submit\" data-alt-text=\"Sending...\" data-submit-text=\"GET YOUR FREE CASE REVIEW\" aria-live=\"assertive\" value=\"wpforms-submit\">GET YOUR FREE CASE REVIEW<\/button><\/div><\/form><\/div>  <!-- .wpforms-container -->\n<p>[\/et_pb_text][\/et_pb_column][\/et_pb_section]<\/p>\n","protected":false},"excerpt":{"rendered":"<p>Nuestras opiniones de clientes \u201c\u00a1Recomiendo encarecidamente a Ron Ramos! \u00a1Es un gran abogado que obtiene RESULTADOS! Su personal es amable y profesional, siempre est\u00e1n ah\u00ed para ayudarle lo m\u00e1s r\u00e1pido posible. Si necesita un abogado, esta es la oficina que pondr\u00e1 sus intereses en primer lugar\u201d. &#8211; D.M. \u201cEl personal de la oficina de Ronald [&hellip;]<\/p>\n","protected":false},"author":5,"featured_media":0,"parent":0,"menu_order":0,"comment_status":"closed","ping_status":"closed","template":"","meta":{"_et_pb_use_builder":"on","_et_pb_old_content":"","_et_gb_content_width":"","footnotes":""},"class_list":["post-90565","page","type-page","status-publish","hentry"],"_links":{"self":[{"href":"https:\/\/www.sanantonioaccidentlawyer.com\/es\/wp-json\/wp\/v2\/pages\/90565","targetHints":{"allow":["GET"]}}],"collection":[{"href":"https:\/\/www.sanantonioaccidentlawyer.com\/es\/wp-json\/wp\/v2\/pages"}],"about":[{"href":"https:\/\/www.sanantonioaccidentlawyer.com\/es\/wp-json\/wp\/v2\/types\/page"}],"author":[{"embeddable":true,"href":"https:\/\/www.sanantonioaccidentlawyer.com\/es\/wp-json\/wp\/v2\/users\/5"}],"replies":[{"embeddable":true,"href":"https:\/\/www.sanantonioaccidentlawyer.com\/es\/wp-json\/wp\/v2\/comments?post=90565"}],"version-history":[{"count":0,"href":"https:\/\/www.sanantonioaccidentlawyer.com\/es\/wp-json\/wp\/v2\/pages\/90565\/revisions"}],"wp:attachment":[{"href":"https:\/\/www.sanantonioaccidentlawyer.com\/es\/wp-json\/wp\/v2\/media?parent=90565"}],"curies":[{"name":"wp","href":"https:\/\/api.w.org\/{rel}","templated":true}]}}