{"id":90566,"date":"2026-03-14T02:46:19","date_gmt":"2026-03-14T02:46:19","guid":{"rendered":"https:\/\/www.sanantonioaccidentlawyer.com\/301-redes-sociales-al-volante\/"},"modified":"2026-03-14T03:04:55","modified_gmt":"2026-03-14T03:04:55","slug":"301-redes-sociales-al-volante","status":"publish","type":"page","link":"https:\/\/www.sanantonioaccidentlawyer.com\/es\/301-redes-sociales-al-volante\/","title":{"rendered":"301 &#8211; Redes sociales al volante"},"content":{"rendered":"<p>[et_pb_section fb_built=\u00bb1&#8243; fullwidth=\u00bbon\u00bb custom_padding_last_edited=\u00bbon|phone\u00bb _builder_version=\u00bb3.26.5&#8243; use_background_color_gradient=\u00bbon\u00bb background_color_gradient_start=\u00bbrgba(9,19,46,0.9)\u00bb background_color_gradient_end=\u00bbrgba(9,19,46,0.81)\u00bb background_color_gradient_start_position=\u00bb6%\u00bb background_color_gradient_overlays_image=\u00bbon\u00bb background_image=\u00bbhttps:\/\/www.sanantonioaccidentlawyer.com\/wp-content\/uploads\/2019\/08\/car-accidents-attorney.jpg\u00bb custom_margin=\u00bb-63px||||false|false\u00bb custom_padding=\u00bb200px||300px||false|false\u00bb custom_padding_tablet=\u00bb170px||260px||false|false\u00bb custom_padding_phone=\u00bb150px||230px||false|false\u00bb][et_pb_fullwidth_code module_class=\u00bbbreadcrumb\u00bb _builder_version=\u00bb3.26.5&#8243;][\/et_pb_fullwidth_code][et_pb_fullwidth_header title=\u00bbRedes sociales al volante\u00bb admin_label=\u00bbFullwidth Header\u00bb _builder_version=\u00bb3.26.5&#8243; title_font=\u00bb|600|||||||\u00bb title_text_align=\u00bbcenter\u00bb title_font_size=\u00bb45px\u00bb background_enable_color=\u00bboff\u00bb background_enable_image=\u00bboff\u00bb custom_margin=\u00bb|0px|||false|false\u00bb custom_padding=\u00bb0px||0px||false|false\u00bb title_font_size_tablet=\u00bb38px\u00bb title_font_size_phone=\u00bb28px\u00bb title_font_size_last_edited=\u00bbon|phone\u00bb background__hover_enabled=\u00bboff\u00bb][\/et_pb_fullwidth_header][\/et_pb_section][et_pb_section fb_built=\u00bb1&#8243; use_custom_gutter=\u00bbon\u00bb gutter_width=\u00bb2&#8243; specialty=\u00bbon\u00bb custom_padding_last_edited=\u00bbon|phone\u00bb padding_top_bottom_link_2=\u00bbfalse\u00bb padding_left_right_link_2=\u00bbfalse\u00bb padding_top_2=\u00bb35px\u00bb padding_right_2=\u00bb15px\u00bb padding_bottom_2=\u00bb15px\u00bb padding_left_2=\u00bb15px\u00bb module_id_2=\u00bbsidebar-sticky\u00bb module_class_1=\u00bbleft_section\u00bb module_class_2=\u00bbsingle_column_section fixedsticky\u00bb module_class=\u00bbmain_row\u00bb _builder_version=\u00bb3.26.5&#8243; width_tablet=\u00bb\u00bb width_phone=\u00bb\u00bb width_last_edited=\u00bbon|phone\u00bb max_width_tablet=\u00bb\u00bb max_width_phone=\u00bb\u00bb max_width_last_edited=\u00bbon|phone\u00bb inner_max_width=\u00bb1200px\u00bb inner_max_width_tablet=\u00bb100%\u00bb inner_max_width_phone=\u00bb\u00bb inner_max_width_last_edited=\u00bbon|phone\u00bb custom_padding=\u00bb0px||||false|false\u00bb custom_padding_tablet=\u00bb|15px|20px|15px|false|false\u00bb custom_padding_phone=\u00bb\u00bb locked=\u00bboff\u00bb][et_pb_column type=\u00bb2_3&#8243; specialty_columns=\u00bb2&#8243; _builder_version=\u00bb3.25&#8243; custom_padding=\u00bb|||\u00bb custom_padding__hover=\u00bb|||\u00bb][et_pb_row_inner custom_padding_last_edited=\u00bbon|phone\u00bb module_class=\u00bbinner_row\u00bb _builder_version=\u00bb3.26.5&#8243; background_color=\u00bb#fff\u00bb width=\u00bb100%\u00bb max_width=\u00bb1200px\u00bb custom_padding=\u00bb35px|35px|35px|35px|false|false\u00bb custom_padding_tablet=\u00bb25px|25px|25px|25px|true|true\u00bb custom_padding_phone=\u00bb20px|20px|20px|20px|true|true\u00bb collapsed=\u00bboff\u00bb][et_pb_column_inner saved_specialty_column_type=\u00bb2_3&#8243; _builder_version=\u00bb3.26.5&#8243;][et_pb_text _builder_version=\u00bb3.27.4&#8243; header_2_font=\u00bb|600|||||||\u00bb header_2_font_size=\u00bb30px\u00bb text_font_size_tablet=\u00bb16px\u00bb text_font_size_phone=\u00bb15px\u00bb text_font_size_last_edited=\u00bbon|phone\u00bb text_line_height_tablet=\u00bb1.5em\u00bb text_line_height_phone=\u00bb1.5em\u00bb text_line_height_last_edited=\u00bbon|phone\u00bb header_2_font_size_tablet=\u00bb26px\u00bb header_2_font_size_phone=\u00bb20px\u00bb header_2_font_size_last_edited=\u00bbon|phone\u00bb header_2_font_size__hover_enabled=\u00bboff\u00bb]<\/p>\n<p>Facebook. Instagram. Twitter. Snapchat. Para muchas personas, estas aplicaciones de redes sociales desempe\u00f1an un papel fundamental en su vida cotidiana. Desde seguir las noticias hasta compartir fotos y actualizaciones con amigos y familiares, las redes sociales ofrecen infinitas oportunidades para que las personas se conecten con el mundo desde sus tel\u00e9fonos.     <\/p>\n<p>Lamentablemente, este acceso permanente \u2014y la necesidad de estar constantemente conectado\u2014 ha provocado un aumento de los accidentes de tr\u00e1fico en San Antonio. Seg\u00fan un <a href=\"http:\/\/about.att.com\/story\/smartphone_use_while_driving_grows_beyond_texting.html\" target=\"_blank\" rel=\"noopener noreferrer\">estudio de 2015<\/a>, casi cuatro de cada diez propietarios de tel\u00e9fonos inteligentes utilizan aplicaciones de redes sociales mientras conducen. Con los tel\u00e9fonos inteligentes cada vez m\u00e1s accesibles y nuevas aplicaciones de redes sociales que se lanzan pr\u00e1cticamente a diario, no ser\u00eda sorprendente que el porcentaje de conductores que utilizan las redes sociales haya aumentado en los \u00faltimos a\u00f1os.  <\/p>\n<p>Al igual que <a href=\"https:\/\/www.sanantonioaccidentlawyer.com\/talking-and-driving-accidents.html\">hablar por tel\u00e9fono<\/a> y <a href=\"https:\/\/www.sanantonioaccidentlawyer.com\/texting-and-driving-accidents.html\">enviar mensajes de texto<\/a> al volante, utilizar las redes sociales mientras se conduce es extremadamente peligroso. El uso de las redes sociales hace que los conductores aparten la vista y la atenci\u00f3n de la carretera, y que retiren las manos del volante. Los conductores distra\u00eddos tienen muchas m\u00e1s probabilidades de poner a otros en peligro, y a menudo los dem\u00e1s automovilistas pueden hacer poco para protegerse de resultar lesionados en colisiones por conducci\u00f3n distra\u00edda.  <\/p>\n<p><strong class=\"heading4\">Demostrar que el uso de las redes sociales es el responsable<\/strong><\/p>\n<p>En todos los casos, demostrar la causa de un accidente de tr\u00e1fico requiere una investigaci\u00f3n exhaustiva. Cuando sospecha que su accidente es el resultado de que otro conductor estaba leyendo actualizaciones de redes sociales o publicando en ellas, puede haber desaf\u00edos adicionales. Sin embargo, tambi\u00e9n puede haber fuentes de pruebas adicionales disponibles; y, en el bufete Law Offices of Ronald A. Ramos, nuestros abogados de accidentes de tr\u00e1fico de San Antonio tienen experiencia en obtener las pruebas electr\u00f3nicas necesarias para demostrar las reclamaciones de indemnizaci\u00f3n de nuestros clientes.  <\/p>\n<p>Entre las fuentes de pruebas que podemos utilizar para demostrar que el conductor que le golpe\u00f3 estaba utilizando las redes sociales se incluyen:<\/p>\n<ul>\n<li><strong>Testimonio de testigos<\/strong> \u2013 \u00bfAlguna persona que presenci\u00f3 el accidente vio al otro conductor mirando su tel\u00e9fono?<\/li>\n<li><strong>Informe policial<\/strong> \u2013 \u00bfAdmiti\u00f3 el conductor que estaba utilizando las redes sociales en el momento del accidente?<\/li>\n<li><strong>Publicaciones del conductor en redes sociales<\/strong> \u2013 \u00bfPublic\u00f3 el conductor algo en las redes sociales inmediatamente antes de la colisi\u00f3n? \u00bfO dijo algo en las redes sociales despu\u00e9s del accidente? <\/li>\n<li><strong>Registros de la cuenta de redes sociales del conductor<\/strong> \u2013 Si los perfiles de redes sociales del conductor no son p\u00fablicos (o si se ha eliminado una publicaci\u00f3n), \u00bfmuestran sus registros privados alguna actividad en el momento en que ocurri\u00f3 el accidente?<\/li>\n<li><strong>Cuentas de redes sociales de terceros<\/strong> \u2013 \u00bfHay pruebas electr\u00f3nicas disponibles de los amigos o seguidores del conductor que puedan utilizarse para ayudar a demostrar que el conductor estaba distra\u00eddo al volante?<\/li>\n<\/ul>\n<p>Ya que estamos en el tema, <a href=\"https:\/\/www.sanantonioaccidentlawyer.com\/steps-take-immediately-car-accident.html\">despu\u00e9s de un accidente<\/a>, es importante limitar su actividad en las redes sociales \u2014y mantenerse completamente alejado de ellas si es posible\u2014. Las compa\u00f1\u00edas de seguros pueden estar vigilando; e incluso si cree que una publicaci\u00f3n no es perjudicial, hay muchas probabilidades de que las compa\u00f1\u00edas de seguros intenten encontrar la manera de utilizarla en su contra. <\/p>\n<p><strong class=\"heading4\">Hable con un abogado de accidentes de San Antonio sobre sus derechos<\/strong><\/p>\n<p>Para obtener m\u00e1s informaci\u00f3n sobre la protecci\u00f3n de sus derechos despu\u00e9s de un accidente de tr\u00e1fico relacionado con las redes sociales, le animamos a que solicite una consulta gratuita y sin compromiso. Con oficinas en San Antonio, representamos a v\u00edctimas de accidentes de tr\u00e1fico y familias en todo el sur de Texas. Para hablar confidencialmente con el abogado Ronald A. Ramos, llame al (210) 308-8811 o <a href=\"https:\/\/www.sanantonioaccidentlawyer.com\/es\/contacte-con-nosotros\/\">cu\u00e9ntenos sobre su caso en l\u00ednea<\/a> ahora.  <\/p>\n<p>[\/et_pb_text][\/et_pb_column_inner][\/et_pb_row_inner][\/et_pb_column][et_pb_column type=\u00bb1_3&#8243; _builder_version=\u00bb3.25&#8243; custom_padding=\u00bb|||\u00bb custom_padding__hover=\u00bb|||\u00bb][et_pb_text module_class=\u00bbright-column-1 \u00bb _builder_version=\u00bb4.5.7&#8243; text_font_size=\u00bb28px\u00bb header_2_font=\u00bb|600|||||||\u00bb header_2_font_size=\u00bb30px\u00bb header_2_line_height=\u00bb1.2em\u00bb header_2_font_size_tablet=\u00bb26px\u00bb header_2_font_size_phone=\u00bb22px\u00bb header_2_font_size_last_edited=\u00bbon|phone\u00bb global_module=\u00bb1446&#8243; saved_tabs=\u00bball\u00bb]<\/p>\n<p style=\"text-align: center;\"><strong>Contact Us Today<\/strong><\/p>\n<p>[\/et_pb_text][et_pb_image src=\u00bbhttps:\/\/www.sanantonioaccidentlawyer.com\/wp-content\/uploads\/2019\/09\/photo__2836231_attorney-ronald-ramos.jpg\u00bb align=\u00bbcenter\u00bb _builder_version=\u00bb4.5.3&#8243; global_module=\u00bb1460&#8243; saved_tabs=\u00bball\u00bb][\/et_pb_image][et_pb_text _builder_version=\u00bb3.26.5&#8243; custom_margin=\u00bb28px|||||\u00bb global_module=\u00bb1461&#8243; saved_tabs=\u00bball\u00bb]<\/p>\n<div class=\"wpforms-container wpforms-container-full\" id=\"wpforms-1433\"><form id=\"wpforms-form-1433\" class=\"wpforms-validate wpforms-form\" data-formid=\"1433\" method=\"post\" enctype=\"multipart\/form-data\" action=\"\/es\/wp-json\/wp\/v2\/pages\/90566\" data-token=\"e266775650e5465fcf9b73f57fcfd54e\" data-token-time=\"1777819276\"><noscript class=\"wpforms-error-noscript\">Por favor, activa JavaScript en tu navegador para completar este formulario.<\/noscript><div class=\"wpforms-field-container\"><div id=\"wpforms-1433-field_0-container\" class=\"wpforms-field wpforms-field-name\" data-field-id=\"0\"><label class=\"wpforms-field-label wpforms-label-hide\" for=\"wpforms-1433-field_0\">Name <span class=\"wpforms-required-label\">*<\/span><\/label><input type=\"text\" id=\"wpforms-1433-field_0\" class=\"wpforms-field-large wpforms-field-required\" name=\"wpforms[fields][0]\" placeholder=\"Name (Required)\" required><\/div><div id=\"wpforms-1433-field_1-container\" class=\"wpforms-field wpforms-field-email\" data-field-id=\"1\"><label class=\"wpforms-field-label wpforms-label-hide\" for=\"wpforms-1433-field_1\">Email <span class=\"wpforms-required-label\">*<\/span><\/label><input type=\"email\" id=\"wpforms-1433-field_1\" class=\"wpforms-field-large wpforms-field-required\" name=\"wpforms[fields][1]\" placeholder=\"Email (Required)\" spellcheck=\"false\" required><\/div><div id=\"wpforms-1433-field_3-container\" class=\"wpforms-field wpforms-field-text\" data-field-id=\"3\"><label class=\"wpforms-field-label wpforms-label-hide\" for=\"wpforms-1433-field_3\">Phone <span class=\"wpforms-required-label\">*<\/span><\/label><input type=\"text\" id=\"wpforms-1433-field_3\" class=\"wpforms-field-large wpforms-field-required\" name=\"wpforms[fields][3]\" placeholder=\"Phone (Required)\" required><\/div><div id=\"wpforms-1433-field_5-container\" class=\"wpforms-field wpforms-field-select wpforms-field-select-style-classic\" data-field-id=\"5\"><label class=\"wpforms-field-label wpforms-label-hide\" for=\"wpforms-1433-field_5\">Preferred Contact Method<\/label><select id=\"wpforms-1433-field_5\" class=\"wpforms-field-large\" name=\"wpforms[fields][5]\"><option value=\"\" class=\"placeholder\" disabled  selected='selected'>Preferred Contact Method<\/option><option value=\"Call\"  class=\"choice-1 depth-1\"  >Call<\/option><option value=\"Text\"  class=\"choice-2 depth-1\"  >Text<\/option><option value=\"Email\"  class=\"choice-3 depth-1\"  >Email<\/option><\/select><\/div><div id=\"wpforms-1433-field_2-container\" class=\"wpforms-field wpforms-field-textarea\" data-field-id=\"2\"><label class=\"wpforms-field-label wpforms-label-hide\" for=\"wpforms-1433-field_2\">Comment or Message<\/label><textarea id=\"wpforms-1433-field_2\" class=\"wpforms-field-medium\" name=\"wpforms[fields][2]\" placeholder=\"Briefly Describe Your Legal Issue\" ><\/textarea><\/div><div id=\"wpforms-1433-field_6-container\" class=\"wpforms-field wpforms-field-captcha\" data-field-id=\"6\"><label class=\"wpforms-field-label\" for=\"wpforms-1433-field_6\">Captcha <span class=\"wpforms-required-label\">*<\/span><\/label><p id=\"wpforms-1433-field_6-question\" class=\"wpforms-captcha-question\">What is 2+11?<\/p>\n\t\t<input type=\"text\" id=\"wpforms-1433-field_6\" class=\"wpforms-field-medium wpforms-field-required a\" data-rule-wpf-captcha=\"qa\" data-is-wrapped-field=\"1\" data-a=\"13\" name=\"wpforms[fields][6][a]\" aria-describedby=\"wpforms-1433-field_6-question\" required>\n\t\t<input type=\"hidden\" name=\"wpforms[fields][6][q]\" value=\"3\">\n\n\t\t<\/div><\/div><!-- .wpforms-field-container --><div class=\"wpforms-recaptcha-container wpforms-is-recaptcha wpforms-is-recaptcha-type-v3\" ><input type=\"hidden\" name=\"wpforms[recaptcha]\" value=\"\"><\/div><div class=\"wpforms-submit-container\" ><input type=\"hidden\" name=\"wpforms[id]\" value=\"1433\"><input type=\"hidden\" name=\"page_title\" value=\"\"><input type=\"hidden\" name=\"page_url\" value=\"https:\/\/www.sanantonioaccidentlawyer.com\/es\/wp-json\/wp\/v2\/pages\/90566\"><input type=\"hidden\" name=\"url_referer\" value=\"\"><button type=\"submit\" name=\"wpforms[submit]\" id=\"wpforms-submit-1433\" class=\"wpforms-submit\" data-alt-text=\"Sending...\" data-submit-text=\"GET YOUR FREE CASE REVIEW\" aria-live=\"assertive\" value=\"wpforms-submit\">GET YOUR FREE CASE REVIEW<\/button><\/div><\/form><\/div>  <!-- .wpforms-container -->\n<p>[\/et_pb_text][\/et_pb_column][\/et_pb_section]<\/p>\n","protected":false},"excerpt":{"rendered":"<p>Facebook. Instagram. Twitter. Snapchat. Para muchas personas, estas aplicaciones de redes sociales desempe\u00f1an un papel fundamental en su vida cotidiana. Desde seguir las noticias hasta compartir fotos y actualizaciones con amigos y familiares, las redes sociales ofrecen infinitas oportunidades para que las personas se conecten con el mundo desde sus tel\u00e9fonos. Lamentablemente, este acceso permanente [&hellip;]<\/p>\n","protected":false},"author":5,"featured_media":0,"parent":0,"menu_order":0,"comment_status":"closed","ping_status":"closed","template":"","meta":{"_et_pb_use_builder":"on","_et_pb_old_content":"","_et_gb_content_width":"","footnotes":""},"class_list":["post-90566","page","type-page","status-publish","hentry"],"_links":{"self":[{"href":"https:\/\/www.sanantonioaccidentlawyer.com\/es\/wp-json\/wp\/v2\/pages\/90566","targetHints":{"allow":["GET"]}}],"collection":[{"href":"https:\/\/www.sanantonioaccidentlawyer.com\/es\/wp-json\/wp\/v2\/pages"}],"about":[{"href":"https:\/\/www.sanantonioaccidentlawyer.com\/es\/wp-json\/wp\/v2\/types\/page"}],"author":[{"embeddable":true,"href":"https:\/\/www.sanantonioaccidentlawyer.com\/es\/wp-json\/wp\/v2\/users\/5"}],"replies":[{"embeddable":true,"href":"https:\/\/www.sanantonioaccidentlawyer.com\/es\/wp-json\/wp\/v2\/comments?post=90566"}],"version-history":[{"count":0,"href":"https:\/\/www.sanantonioaccidentlawyer.com\/es\/wp-json\/wp\/v2\/pages\/90566\/revisions"}],"wp:attachment":[{"href":"https:\/\/www.sanantonioaccidentlawyer.com\/es\/wp-json\/wp\/v2\/media?parent=90566"}],"curies":[{"name":"wp","href":"https:\/\/api.w.org\/{rel}","templated":true}]}}