{"id":90579,"date":"2026-03-14T02:52:51","date_gmt":"2026-03-14T02:52:51","guid":{"rendered":"https:\/\/www.sanantonioaccidentlawyer.com\/accidentes-de-auto\/fuga-tras-accidente\/"},"modified":"2026-03-14T20:04:21","modified_gmt":"2026-03-14T20:04:21","slug":"fuga-tras-accidente","status":"publish","type":"page","link":"https:\/\/www.sanantonioaccidentlawyer.com\/es\/accidentes-de-auto\/fuga-tras-accidente\/","title":{"rendered":"Fuga tras accidente"},"content":{"rendered":"<p>[et_pb_section fb_built=\u00bb1&#8243; fullwidth=\u00bbon\u00bb custom_padding_last_edited=\u00bbon|phone\u00bb _builder_version=\u00bb4.16&#8243; use_background_color_gradient=\u00bbon\u00bb background_color_gradient_stops=\u00bbrgba(9,19,46,0.9) 6%|rgba(9,19,46,0.81) 100%\u00bb background_color_gradient_overlays_image=\u00bbon\u00bb background_color_gradient_start=\u00bbrgba(9,19,46,0.9)\u00bb background_color_gradient_start_position=\u00bb6%\u00bb background_color_gradient_end=\u00bbrgba(9,19,46,0.81)\u00bb background_image=\u00bbhttps:\/\/www.sanantonioaccidentlawyer.com\/wp-content\/uploads\/2019\/08\/car-accidents-attorney.jpg\u00bb custom_margin=\u00bb-63px||||false|false\u00bb custom_padding=\u00bb200px||300px||false|false\u00bb custom_padding_tablet=\u00bb170px||260px||false|false\u00bb custom_padding_phone=\u00bb150px||230px||false|false\u00bb global_colors_info=\u00bb{}\u00bb][et_pb_fullwidth_header title=\u00bbAccidentes con fuga en San Antonio\u00bb admin_label=\u00bbFullwidth Header\u00bb _builder_version=\u00bb4.16&#8243; title_font=\u00bb|600|||||||\u00bb title_text_align=\u00bbcenter\u00bb title_font_size=\u00bb45px\u00bb background_enable_color=\u00bboff\u00bb background_enable_image=\u00bboff\u00bb custom_margin=\u00bb|0px|||false|false\u00bb custom_padding=\u00bb0px||0px||false|false\u00bb title_font_size_tablet=\u00bb38px\u00bb title_font_size_phone=\u00bb28px\u00bb title_font_size_last_edited=\u00bbon|phone\u00bb global_colors_info=\u00bb{}\u00bb background__hover_enabled=\u00bboff\u00bb][\/et_pb_fullwidth_header][\/et_pb_section][et_pb_section fb_built=\u00bb1&#8243; use_custom_gutter=\u00bbon\u00bb gutter_width=\u00bb2&#8243; specialty=\u00bbon\u00bb custom_padding_last_edited=\u00bbon|phone\u00bb padding_top_2=\u00bb35px\u00bb padding_right_2=\u00bb15px\u00bb padding_bottom_2=\u00bb15px\u00bb padding_left_2=\u00bb15px\u00bb padding_top_bottom_link_2=\u00bbfalse\u00bb padding_left_right_link_2=\u00bbfalse\u00bb module_id_2=\u00bbsidebar-sticky\u00bb module_class_1=\u00bbleft_section\u00bb module_class_2=\u00bbsingle_column_section fixedsticky\u00bb module_class=\u00bbmain_row\u00bb _builder_version=\u00bb4.16&#8243; width_tablet=\u00bb\u00bb width_phone=\u00bb\u00bb width_last_edited=\u00bbon|phone\u00bb max_width_tablet=\u00bb\u00bb max_width_phone=\u00bb\u00bb max_width_last_edited=\u00bbon|phone\u00bb inner_max_width=\u00bb1200px\u00bb inner_max_width_tablet=\u00bb100%\u00bb inner_max_width_phone=\u00bb\u00bb inner_max_width_last_edited=\u00bbon|phone\u00bb custom_padding=\u00bb0px||||false|false\u00bb custom_padding_tablet=\u00bb|15px|20px|15px|false|false\u00bb custom_padding_phone=\u00bb\u00bb locked=\u00bboff\u00bb global_colors_info=\u00bb{}\u00bb][et_pb_column type=\u00bb2_3&#8243; specialty_columns=\u00bb2&#8243; _builder_version=\u00bb4.16&#8243; custom_padding=\u00bb|||\u00bb global_colors_info=\u00bb{}\u00bb custom_padding__hover=\u00bb|||\u00bb][et_pb_row_inner custom_padding_last_edited=\u00bbon|phone\u00bb module_class=\u00bbinner_row\u00bb _builder_version=\u00bb4.16&#8243; background_color=\u00bb#fff\u00bb width=\u00bb100%\u00bb max_width=\u00bb1200px\u00bb custom_padding=\u00bb35px|35px|35px|35px|false|false\u00bb custom_padding_tablet=\u00bb25px|25px|25px|25px|true|true\u00bb custom_padding_phone=\u00bb20px|20px|20px|20px|true|true\u00bb collapsed=\u00bboff\u00bb global_colors_info=\u00bb{}\u00bb][et_pb_column_inner saved_specialty_column_type=\u00bb2_3&#8243; _builder_version=\u00bb4.16&#8243; global_colors_info=\u00bb{}\u00bb][et_pb_text _builder_version=\u00bb4.27.6&#8243; header_2_font=\u00bb|600|||||||\u00bb header_2_font_size=\u00bb30px\u00bb text_font_size_tablet=\u00bb16px\u00bb text_font_size_phone=\u00bb15px\u00bb text_font_size_last_edited=\u00bbon|phone\u00bb text_line_height_tablet=\u00bb1.5em\u00bb text_line_height_phone=\u00bb1.5em\u00bb text_line_height_last_edited=\u00bbon|phone\u00bb header_2_font_size_tablet=\u00bb26px\u00bb header_2_font_size_phone=\u00bb20px\u00bb header_2_font_size_last_edited=\u00bbon|phone\u00bb global_colors_info=\u00bb{}\u00bb header_2_font_size__hover_enabled=\u00bboff\u00bb]<\/p>\n<div class=\"description\">\n<p><img loading=\"lazy\" decoding=\"async\" class=\"wp-image-964 size-medium alignright\" src=\"https:\/\/www.sanantonioaccidentlawyer.com\/wp-content\/uploads\/2019\/09\/driver_crying-300x200.jpg\" alt=\"\" width=\"300\" height=\"200\">Los accidentes con fuga, que tambi\u00e9n pueden denominarse abandono del lugar del accidente, se producen cuando se acusa a alguien de no detenerse tras un accidente de tr\u00e1fico que implica da\u00f1os materiales, lesiones o muerte. En el estado de Texas, esta infracci\u00f3n puede constituir un cargo penal muy grave. Que el cargo se sit\u00fae en el espectro entre delito menor y delito grave depender\u00e1 de la gravedad de los da\u00f1os o de las lesiones causadas por el accidente.  <\/p>\n<p><strong class=\"heading4\">Pasos a seguir tras un accidente con fuga<\/strong><\/p>\n<p>El C\u00f3digo de Transporte de Texas es claro sobre los pasos que debe seguir un conductor tras un accidente. Este c\u00f3digo abarca varios tipos de accidentes, incluidos los que implican lesiones o muerte, un veh\u00edculo ocupado, un veh\u00edculo desatendido o elementos fijos. Aunque cada supuesto tiene detalles que difieren ligeramente, la conclusi\u00f3n principal es que los conductores siempre deben detenerse. Si el otro conductor est\u00e1 presente, ambos deben mostrar su permiso de conducir si se les solicita. Y si el otro conductor no est\u00e1 presente, quien choc\u00f3 contra un veh\u00edculo estacionado u otra propiedad es responsable de localizar al propietario.    <\/p>\n<p><strong class=\"heading4\">Qu\u00e9 hacer si es v\u00edctima de un accidente con fuga<\/strong><\/p>\n<p>Aunque el estado de Texas se toma muy en serio los accidentes con fuga y puede acusar a una persona de un delito grave de tercer grado si abandona el lugar de un accidente que implique lesiones graves o muerte, esas medidas no ayudan de inmediato a quien es v\u00edctima de esta infracci\u00f3n. Si ha sufrido lesiones graves en este tipo de accidente o un ser querido ha fallecido por culpa de un conductor que se dio a la fuga, debe hablar con un abogado de accidentes de tr\u00e1fico en San Antonio. Al obtener una consulta gratuita, podr\u00e1 contar con un experto que revise su caso y le proporcione informaci\u00f3n fiable sobre qu\u00e9 derechos tiene de cara al futuro.  <\/p>\n<p>Aunque siempre es mejor ponerse en contacto con un abogado cuanto antes, hay dos cosas que las v\u00edctimas de un accidente con fuga deben hacer incluso antes. La primera es llamar a la polic\u00eda al lugar del accidente. Esto garantizar\u00e1 que el accidente quede debidamente documentado y tambi\u00e9n dar\u00e1 a la polic\u00eda la oportunidad de encontrar testigos que puedan tener informaci\u00f3n sobre el conductor que se dio a la fuga.  <\/p>\n<p>La otra medida importante que debe tomar lo antes posible es acudir al m\u00e9dico. Un m\u00e9dico podr\u00e1 examinarle a fondo e identificar todas sus lesiones. Dado que las lesiones internas son bastante frecuentes en los accidentes de tr\u00e1fico, es importante que le vea un profesional en lugar de suponer que sabe exactamente d\u00f3nde se lesion\u00f3.  <\/p>\n<p><strong class=\"heading4\">Indemnizaci\u00f3n por lesiones corporales, dolor y sufrimiento, salarios perdidos y facturas m\u00e9dicas<\/strong><\/p>\n<p>Las v\u00edctimas de accidentes con fuga pueden afrontar muchos gastos. Si se encuentra en esta situaci\u00f3n, un abogado de accidentes de tr\u00e1fico en San Antonio puede luchar en su nombre para obtener la indemnizaci\u00f3n que merece por lesiones corporales, dolor y sufrimiento, salarios perdidos y facturas m\u00e9dicas. Para una consulta gratuita, p\u00f3ngase en contacto con nuestro despacho hoy mismo.  <\/p>\n<\/div>\n<h2>Qu\u00e9 hacer tras un accidente con fuga en San Antonio<\/h2>\n<p>Los momentos posteriores a un accidente con fuga son cr\u00edticos. En primer lugar, permanezca en el lugar y llame al 911 para informar del accidente. No persiga al conductor que se da a la fuga, ya que esto le pone a usted y a otras personas en riesgo. Mientras espera a la polic\u00eda, anote todo lo que recuerde sobre el otro veh\u00edculo, incluida la marca, el modelo, el color, el n\u00famero de matr\u00edcula o una parte de la matr\u00edcula, y la direcci\u00f3n en la que circulaba. Pida a cualquier testigo sus datos de contacto y compruebe si hay c\u00e1maras de seguridad en negocios cercanos que puedan haber captado el incidente. <a href=\"https:\/\/www.sanantonioaccidentlawyer.com\/es\/accidentes-de-auto\/por-que-buscar-atencion-medica-despues-de-un-accidente-de-coche\/\">Busque atenci\u00f3n m\u00e9dica<\/a> aunque se encuentre bien, ya que muchas lesiones no presentan s\u00edntomas de inmediato.    <\/p>\n<h2>C\u00f3mo obtener una indemnizaci\u00f3n tras un accidente con fuga<\/h2>\n<p>Incluso cuando el conductor responsable se da a la fuga, usted sigue teniendo opciones para obtener una indemnizaci\u00f3n. Si la polic\u00eda localiza al conductor, puede presentar una reclamaci\u00f3n contra su seguro de responsabilidad civil. Si nunca se encuentra al conductor, su propia <a href=\"https:\/\/www.sanantonioaccidentlawyer.com\/es\/cobertura-de-motorista-sin-seguro\/\">cobertura de motorista sin seguro<\/a> puede pagar sus <a href=\"https:\/\/www.sanantonioaccidentlawyer.com\/es\/accidentes-de-auto\/facturas-medicas\/\">facturas m\u00e9dicas<\/a>, <a href=\"https:\/\/www.sanantonioaccidentlawyer.com\/es\/accidentes-de-auto\/salarios-perdidos\/\">salarios perdidos<\/a> y el dolor y sufrimiento hasta los l\u00edmites de su p\u00f3liza. La ley de Texas no exige la cobertura de motorista sin seguro, pero es una de las protecciones m\u00e1s valiosas que puede incluir en su p\u00f3liza de autom\u00f3vil.   <\/p>\n<h2>Leyes y sanciones por fuga tras accidente en Texas<\/h2>\n<p>Abandonar el lugar de un accidente es un delito en Texas conforme a la Secci\u00f3n 550.022 del C\u00f3digo de Transporte. Si la fuga tras accidente provoca lesiones, el conductor que huye se enfrenta a cargos por delito grave con penas de hasta cinco a\u00f1os de prisi\u00f3n y multas de hasta diez mil d\u00f3lares. Si alguien fallece, las penas aumentan hasta veinte a\u00f1os. Adem\u00e1s de las sanciones penales, un conductor que se da a la fuga se enfrenta a responsabilidad civil por todos los da\u00f1os que haya causado, y el hecho de huir puede utilizarse como prueba de culpa en su reclamaci\u00f3n por lesiones.   <\/p>\n<h2>Por qu\u00e9 necesita un abogado en casos de fuga tras accidente<\/h2>\n<p>Los casos de fuga tras accidente requieren una investigaci\u00f3n exhaustiva para identificar al conductor que se dio a la fuga o maximizar su reclamaci\u00f3n por motorista sin seguro. Nuestros <a href=\"https:\/\/www.sanantonioaccidentlawyer.com\/es\/accidentes-de-auto\/\">abogados de accidentes de tr\u00e1fico en San Antonio<\/a> trabajan con expertos en reconstrucci\u00f3n de accidentes, revisan grabaciones de vigilancia, coordinan con las fuerzas del orden y gestionan todas las negociaciones con las aseguradoras en su nombre. Si se encuentra al otro conductor, actuamos con firmeza para obtener una indemnizaci\u00f3n \u00edntegra. <a href=\"https:\/\/www.sanantonioaccidentlawyer.com\/free-consultation\/\">P\u00f3ngase en contacto con nosotros hoy mismo<\/a> para una consulta gratuita sobre su accidente con fuga.  <\/p>\n<h3>Recursos relacionados<\/h3>\n<ul>\n<li><a href=\"https:\/\/www.sanantonioaccidentlawyer.com\/es\/accidentes-de-auto\/conduccion-bajo-los-efectos-del-alcohol\/\">Accidentes por conducci\u00f3n bajo los efectos del alcohol<\/a><\/li>\n<li><a href=\"https:\/\/www.sanantonioaccidentlawyer.com\/es\/accidentes-de-auto\/que-medidas-tomar-inmediatamente-despues-de-un-accidente-de-coche\/\">Qu\u00e9 hacer despu\u00e9s de un accidente de coche<\/a><\/li>\n<li><a href=\"https:\/\/www.sanantonioaccidentlawyer.com\/es\/accidentes-de-auto\/cobertura-de-seguro-reclamaciones-de-mala-fe\/\">Reclamaciones por mala fe de las aseguradoras<\/a><\/li>\n<li><a href=\"https:\/\/www.sanantonioaccidentlawyer.com\/es\/accidentes-de-auto\/demandas-por-accidente-de-coche\/\">Demandas por accidentes automovil\u00edsticos en Texas<\/a><\/li>\n<li><a href=\"https:\/\/www.sanantonioaccidentlawyer.com\/es\/accidentes-de-auto\/indemnizacion-por-accidente-de-coche\/\">\u00bfCu\u00e1nto vale mi caso?<\/a><\/li>\n<\/ul>\n<ul><\/ul>\n<p>[\/et_pb_text][\/et_pb_column_inner][\/et_pb_row_inner][\/et_pb_column][et_pb_column type=\u00bb1_3&#8243; _builder_version=\u00bb4.16&#8243; custom_padding=\u00bb|||\u00bb global_colors_info=\u00bb{}\u00bb custom_padding__hover=\u00bb|||\u00bb][et_pb_text module_class=\u00bbright-column-1 \u00bb _builder_version=\u00bb4.16&#8243; text_font_size=\u00bb28px\u00bb header_2_font=\u00bb|600|||||||\u00bb header_2_font_size=\u00bb30px\u00bb header_2_line_height=\u00bb1.2em\u00bb header_2_font_size_tablet=\u00bb26px\u00bb header_2_font_size_phone=\u00bb22px\u00bb header_2_font_size_last_edited=\u00bbon|phone\u00bb saved_tabs=\u00bball\u00bb global_colors_info=\u00bb{}\u00bb]<\/p>\n<p style=\"text-align: center;\"><strong>Contact Us Today<\/strong><\/p>\n<p>[\/et_pb_text][et_pb_image src=\u00bbhttps:\/\/www.sanantonioaccidentlawyer.com\/wp-content\/uploads\/2019\/09\/photo__2836231_attorney-ronald-ramos.jpg\u00bb align=\u00bbcenter\u00bb _builder_version=\u00bb4.16&#8243; saved_tabs=\u00bball\u00bb global_colors_info=\u00bb{}\u00bb][\/et_pb_image][et_pb_text _builder_version=\u00bb4.16&#8243; width=\u00bb97.4%\u00bb custom_margin=\u00bb28px|||||\u00bb saved_tabs=\u00bball\u00bb global_colors_info=\u00bb{}\u00bb]<\/p>\n<div class=\"wpforms-container wpforms-container-full\" id=\"wpforms-1433\"><form id=\"wpforms-form-1433\" class=\"wpforms-validate wpforms-form\" data-formid=\"1433\" method=\"post\" enctype=\"multipart\/form-data\" action=\"\/es\/wp-json\/wp\/v2\/pages\/90579\" data-token=\"fb6d76170ab667c01979158ba48e68fd\" data-token-time=\"1776515605\"><noscript class=\"wpforms-error-noscript\">Por favor, activa JavaScript en tu navegador para completar este formulario.<\/noscript><div class=\"wpforms-field-container\"><div id=\"wpforms-1433-field_0-container\" class=\"wpforms-field wpforms-field-name\" data-field-id=\"0\"><label class=\"wpforms-field-label wpforms-label-hide\" for=\"wpforms-1433-field_0\">Name <span class=\"wpforms-required-label\">*<\/span><\/label><input type=\"text\" id=\"wpforms-1433-field_0\" class=\"wpforms-field-large wpforms-field-required\" name=\"wpforms[fields][0]\" placeholder=\"Name (Required)\" required><\/div><div id=\"wpforms-1433-field_1-container\" class=\"wpforms-field wpforms-field-email\" data-field-id=\"1\"><label class=\"wpforms-field-label wpforms-label-hide\" for=\"wpforms-1433-field_1\">Email <span class=\"wpforms-required-label\">*<\/span><\/label><input type=\"email\" id=\"wpforms-1433-field_1\" class=\"wpforms-field-large wpforms-field-required\" name=\"wpforms[fields][1]\" placeholder=\"Email (Required)\" spellcheck=\"false\" required><\/div><div id=\"wpforms-1433-field_3-container\" class=\"wpforms-field wpforms-field-text\" data-field-id=\"3\"><label class=\"wpforms-field-label wpforms-label-hide\" for=\"wpforms-1433-field_3\">Phone <span class=\"wpforms-required-label\">*<\/span><\/label><input type=\"text\" id=\"wpforms-1433-field_3\" class=\"wpforms-field-large wpforms-field-required\" name=\"wpforms[fields][3]\" placeholder=\"Phone (Required)\" required><\/div><div id=\"wpforms-1433-field_5-container\" class=\"wpforms-field wpforms-field-select wpforms-field-select-style-classic\" data-field-id=\"5\"><label class=\"wpforms-field-label wpforms-label-hide\" for=\"wpforms-1433-field_5\">Preferred Contact Method<\/label><select id=\"wpforms-1433-field_5\" class=\"wpforms-field-large\" name=\"wpforms[fields][5]\"><option value=\"\" class=\"placeholder\" disabled  selected='selected'>Preferred Contact Method<\/option><option value=\"Call\"  class=\"choice-1 depth-1\"  >Call<\/option><option value=\"Text\"  class=\"choice-2 depth-1\"  >Text<\/option><option value=\"Email\"  class=\"choice-3 depth-1\"  >Email<\/option><\/select><\/div><div id=\"wpforms-1433-field_2-container\" class=\"wpforms-field wpforms-field-textarea\" data-field-id=\"2\"><label class=\"wpforms-field-label wpforms-label-hide\" for=\"wpforms-1433-field_2\">Comment or Message<\/label><textarea id=\"wpforms-1433-field_2\" class=\"wpforms-field-medium\" name=\"wpforms[fields][2]\" placeholder=\"Briefly Describe Your Legal Issue\" ><\/textarea><\/div><div id=\"wpforms-1433-field_6-container\" class=\"wpforms-field wpforms-field-captcha\" data-field-id=\"6\"><label class=\"wpforms-field-label\" for=\"wpforms-1433-field_6\">Captcha <span class=\"wpforms-required-label\">*<\/span><\/label><p id=\"wpforms-1433-field_6-question\" class=\"wpforms-captcha-question\">What is 7+9?<\/p>\n\t\t<input type=\"text\" id=\"wpforms-1433-field_6\" class=\"wpforms-field-medium wpforms-field-required a\" data-rule-wpf-captcha=\"qa\" data-is-wrapped-field=\"1\" data-a=\"16\" name=\"wpforms[fields][6][a]\" aria-describedby=\"wpforms-1433-field_6-question\" required>\n\t\t<input type=\"hidden\" name=\"wpforms[fields][6][q]\" value=\"4\">\n\n\t\t<\/div><\/div><!-- .wpforms-field-container --><div class=\"wpforms-recaptcha-container wpforms-is-recaptcha wpforms-is-recaptcha-type-v3\" ><input type=\"hidden\" name=\"wpforms[recaptcha]\" value=\"\"><\/div><div class=\"wpforms-submit-container\" ><input type=\"hidden\" name=\"wpforms[id]\" value=\"1433\"><input type=\"hidden\" name=\"page_title\" value=\"\"><input type=\"hidden\" name=\"page_url\" value=\"https:\/\/www.sanantonioaccidentlawyer.com\/es\/wp-json\/wp\/v2\/pages\/90579\"><input type=\"hidden\" name=\"url_referer\" value=\"\"><button type=\"submit\" name=\"wpforms[submit]\" id=\"wpforms-submit-1433\" class=\"wpforms-submit\" data-alt-text=\"Sending...\" data-submit-text=\"GET YOUR FREE CASE REVIEW\" aria-live=\"assertive\" value=\"wpforms-submit\">GET YOUR FREE CASE REVIEW<\/button><\/div><\/form><\/div>  <!-- .wpforms-container -->\n<p>[\/et_pb_text][\/et_pb_column][\/et_pb_section]<\/p>\n","protected":false},"excerpt":{"rendered":"<p>Los accidentes con fuga, que tambi\u00e9n pueden denominarse abandono del lugar del accidente, se producen cuando se acusa a alguien de no detenerse tras un accidente de tr\u00e1fico que implica da\u00f1os materiales, lesiones o muerte. En el estado de Texas, esta infracci\u00f3n puede constituir un cargo penal muy grave. Que el cargo se sit\u00fae en [&hellip;]<\/p>\n","protected":false},"author":5,"featured_media":0,"parent":1182,"menu_order":0,"comment_status":"closed","ping_status":"closed","template":"","meta":{"_et_pb_use_builder":"on","_et_pb_old_content":"","_et_gb_content_width":"","footnotes":""},"class_list":["post-90579","page","type-page","status-publish","hentry"],"_links":{"self":[{"href":"https:\/\/www.sanantonioaccidentlawyer.com\/es\/wp-json\/wp\/v2\/pages\/90579","targetHints":{"allow":["GET"]}}],"collection":[{"href":"https:\/\/www.sanantonioaccidentlawyer.com\/es\/wp-json\/wp\/v2\/pages"}],"about":[{"href":"https:\/\/www.sanantonioaccidentlawyer.com\/es\/wp-json\/wp\/v2\/types\/page"}],"author":[{"embeddable":true,"href":"https:\/\/www.sanantonioaccidentlawyer.com\/es\/wp-json\/wp\/v2\/users\/5"}],"replies":[{"embeddable":true,"href":"https:\/\/www.sanantonioaccidentlawyer.com\/es\/wp-json\/wp\/v2\/comments?post=90579"}],"version-history":[{"count":0,"href":"https:\/\/www.sanantonioaccidentlawyer.com\/es\/wp-json\/wp\/v2\/pages\/90579\/revisions"}],"up":[{"embeddable":true,"href":"https:\/\/www.sanantonioaccidentlawyer.com\/es\/wp-json\/wp\/v2\/pages\/1182"}],"wp:attachment":[{"href":"https:\/\/www.sanantonioaccidentlawyer.com\/es\/wp-json\/wp\/v2\/media?parent=90579"}],"curies":[{"name":"wp","href":"https:\/\/api.w.org\/{rel}","templated":true}]}}