{"id":90583,"date":"2026-03-14T02:53:35","date_gmt":"2026-03-14T02:53:35","guid":{"rendered":"https:\/\/www.sanantonioaccidentlawyer.com\/accidentes-de-auto\/puedo-llegar-a-un-acuerdo-por-mi-cuenta-en-mi-reclamacion-por-accidente-de-coche\/"},"modified":"2026-03-14T20:05:40","modified_gmt":"2026-03-14T20:05:40","slug":"puedo-llegar-a-un-acuerdo-por-mi-cuenta-en-mi-reclamacion-por-accidente-de-coche","status":"publish","type":"page","link":"https:\/\/www.sanantonioaccidentlawyer.com\/es\/accidentes-de-auto\/puedo-llegar-a-un-acuerdo-por-mi-cuenta-en-mi-reclamacion-por-accidente-de-coche\/","title":{"rendered":"\u00bfPuedo llegar a un acuerdo por mi cuenta en mi reclamaci\u00f3n por accidente de coche?"},"content":{"rendered":"<p>[et_pb_section fb_built=\u00bb1&#8243; fullwidth=\u00bbon\u00bb custom_padding_last_edited=\u00bbon|phone\u00bb _builder_version=\u00bb4.16&#8243; use_background_color_gradient=\u00bbon\u00bb background_color_gradient_stops=\u00bbrgba(9,19,46,0.9) 6%|rgba(9,19,46,0.81) 100%\u00bb background_color_gradient_overlays_image=\u00bbon\u00bb background_color_gradient_start=\u00bbrgba(9,19,46,0.9)\u00bb background_color_gradient_start_position=\u00bb6%\u00bb background_color_gradient_end=\u00bbrgba(9,19,46,0.81)\u00bb background_image=\u00bbhttps:\/\/www.sanantonioaccidentlawyer.com\/wp-content\/uploads\/2019\/08\/car-accidents-attorney.jpg\u00bb custom_margin=\u00bb-63px||||false|false\u00bb custom_padding=\u00bb200px||300px||false|false\u00bb custom_padding_tablet=\u00bb170px||260px||false|false\u00bb custom_padding_phone=\u00bb150px||230px||false|false\u00bb global_colors_info=\u00bb{}\u00bb][et_pb_fullwidth_header title=\u00bb\u00bfPuedo llegar a un acuerdo por mi cuenta en mi reclamaci\u00f3n por accidente de coche?\u00bb admin_label=\u00bbFullwidth Header\u00bb _builder_version=\u00bb4.16&#8243; title_font=\u00bb|600|||||||\u00bb title_text_align=\u00bbcenter\u00bb title_font_size=\u00bb45px\u00bb background_enable_color=\u00bboff\u00bb background_enable_image=\u00bboff\u00bb custom_margin=\u00bb|0px|||false|false\u00bb custom_padding=\u00bb0px||0px||false|false\u00bb title_font_size_tablet=\u00bb38px\u00bb title_font_size_phone=\u00bb28px\u00bb title_font_size_last_edited=\u00bbon|phone\u00bb global_colors_info=\u00bb{}\u00bb background__hover_enabled=\u00bboff\u00bb][\/et_pb_fullwidth_header][\/et_pb_section][et_pb_section fb_built=\u00bb1&#8243; use_custom_gutter=\u00bbon\u00bb gutter_width=\u00bb2&#8243; specialty=\u00bbon\u00bb custom_padding_last_edited=\u00bbon|phone\u00bb padding_top_2=\u00bb35px\u00bb padding_right_2=\u00bb15px\u00bb padding_bottom_2=\u00bb15px\u00bb padding_left_2=\u00bb15px\u00bb padding_top_bottom_link_2=\u00bbfalse\u00bb padding_left_right_link_2=\u00bbfalse\u00bb module_id_2=\u00bbsidebar-sticky\u00bb module_class_1=\u00bbleft_section\u00bb module_class_2=\u00bbsingle_column_section fixedsticky\u00bb module_class=\u00bbmain_row\u00bb _builder_version=\u00bb4.16&#8243; width_tablet=\u00bb\u00bb width_phone=\u00bb\u00bb width_last_edited=\u00bbon|phone\u00bb max_width_tablet=\u00bb\u00bb max_width_phone=\u00bb\u00bb max_width_last_edited=\u00bbon|phone\u00bb inner_max_width=\u00bb1200px\u00bb inner_max_width_tablet=\u00bb100%\u00bb inner_max_width_phone=\u00bb\u00bb inner_max_width_last_edited=\u00bbon|phone\u00bb custom_padding=\u00bb0px||||false|false\u00bb custom_padding_tablet=\u00bb|15px|20px|15px|false|false\u00bb custom_padding_phone=\u00bb\u00bb locked=\u00bboff\u00bb global_colors_info=\u00bb{}\u00bb][et_pb_column type=\u00bb2_3&#8243; specialty_columns=\u00bb2&#8243; _builder_version=\u00bb4.16&#8243; custom_padding=\u00bb|||\u00bb global_colors_info=\u00bb{}\u00bb custom_padding__hover=\u00bb|||\u00bb][et_pb_row_inner custom_padding_last_edited=\u00bbon|phone\u00bb module_class=\u00bbinner_row\u00bb _builder_version=\u00bb4.16&#8243; background_color=\u00bb#fff\u00bb width=\u00bb100%\u00bb max_width=\u00bb1200px\u00bb custom_padding=\u00bb35px|35px|35px|35px|false|false\u00bb custom_padding_tablet=\u00bb25px|25px|25px|25px|true|true\u00bb custom_padding_phone=\u00bb20px|20px|20px|20px|true|true\u00bb collapsed=\u00bboff\u00bb global_colors_info=\u00bb{}\u00bb][et_pb_column_inner saved_specialty_column_type=\u00bb2_3&#8243; _builder_version=\u00bb4.16&#8243; global_colors_info=\u00bb{}\u00bb][et_pb_text _builder_version=\u00bb4.16&#8243; header_2_font=\u00bb|600|||||||\u00bb header_2_font_size=\u00bb30px\u00bb text_font_size_tablet=\u00bb16px\u00bb text_font_size_phone=\u00bb15px\u00bb text_font_size_last_edited=\u00bbon|phone\u00bb text_line_height_tablet=\u00bb1.5em\u00bb text_line_height_phone=\u00bb1.5em\u00bb text_line_height_last_edited=\u00bbon|phone\u00bb header_2_font_size_tablet=\u00bb26px\u00bb header_2_font_size_phone=\u00bb20px\u00bb header_2_font_size_last_edited=\u00bbon|phone\u00bb global_colors_info=\u00bb{}\u00bb header_2_font_size__hover_enabled=\u00bboff\u00bb]<\/p>\n<h2>Llegar a un acuerdo en su reclamaci\u00f3n por accidente de coche<\/h2>\n<p>Quienes se han visto implicados en accidentes de coche leves a menudo creen que pueden gestionar por su cuenta su reclamaci\u00f3n por lesiones. Aunque esto puede ser cierto en circunstancias limitadas, en casi todos los casos es mejor trabajar con un abogado de lesiones con experiencia para asegurarse de obtener la indemnizaci\u00f3n que se merece. <\/p>\n<h3>A veces puede llegar a un acuerdo sin abogado<\/h3>\n<p>Cuando el accidente es relativamente leve, como un alcance a baja velocidad en un sem\u00e1foro en rojo, es posible que pueda resolver su reclamaci\u00f3n por su cuenta. Siempre que el otro conductor haya reconocido la culpa, usted no haya faltado al trabajo durante un tiempo considerable y sus lesiones sean leves, lo m\u00e1s probable es que pueda llegar a un acuerdo con la compa\u00f1\u00eda de seguros sin abogado. No obstante, hay algunas cosas que debe saber antes de empezar:  <\/p>\n<ul>\n<li><strong>No acepte demoras<\/strong> \u2013 las compa\u00f1\u00edas de seguros saben que solo hay dos a\u00f1os desde el accidente para presentar una demanda. Si la aseguradora empieza a denegar su reclamaci\u00f3n o est\u00e1 retrasando el acuerdo, por lo general es buena idea ponerse en contacto con un abogado de accidentes. <\/li>\n<li><strong>Prep\u00e1rese antes de hablar de un acuerdo<\/strong> \u2013 antes de ponerse en contacto con un perito de seguros, aseg\u00farese de tener toda la documentaci\u00f3n en orden. Esto significa obtener copias de todas las facturas m\u00e9dicas, conseguir una declaraci\u00f3n de su empleador sobre los salarios perdidos, obtener informaci\u00f3n de los testigos del accidente y conseguir una copia del informe policial. <\/li>\n<li><strong>Desconf\u00ede de las solicitudes de declaraciones<\/strong> \u2013 no deje que la compa\u00f1\u00eda de seguros le enga\u00f1e para que haga una declaraci\u00f3n grabada. En casi todos los casos, una declaraci\u00f3n grabada no es necesaria. La \u00fanica excepci\u00f3n ser\u00eda en el caso de un conductor sin seguro o con seguro insuficiente, pero aseg\u00farese de comentar esta declaraci\u00f3n con un abogado o podr\u00eda perjudicar su reclamaci\u00f3n.  <\/li>\n<li><strong>Desconf\u00ede de aceptar la primera oferta de acuerdo<\/strong> \u2013 las compa\u00f1\u00edas de seguros pueden decirle que est\u00e1n haciendo una oferta final o puede verse tentado a aceptar su primera oferta. Aseg\u00farese de insistir en un acuerdo razonable; aceptar demasiado poco o exigir demasiado podr\u00eda arruinar sus posibilidades de obtener un acuerdo razonable. <\/li>\n<\/ul>\n<h3>Cu\u00e1ndo contratar a un abogado<\/h3>\n<p><span style=\"font-size: 18px; color: #262626; font-family: 'Open Sans', Arial, sans-serif;\">Cuando ha sufrido una lesi\u00f3n grave o ha perdido a un ser querido en un accidente, necesita contratar a un abogado de accidentes. La mayor\u00eda de las compa\u00f1\u00edas de seguros tienden a tomarse m\u00e1s en serio a las personas que contratan abogados de accidentes que a quienes se representan a s\u00ed mismas. Esto es un hecho simple, porque las aseguradoras consideran que, si intenta resolver el caso sin abogado, est\u00e1 desesperado o est\u00e1 dispuesto a aceptar un acuerdo bajo.  <\/span><\/p>\n<p>Es especialmente importante trabajar con un abogado si va a estar sin poder trabajar durante periodos prolongados. Tenga en cuenta que uno de los c\u00e1lculos que se incluyen en un acuerdo final son los salarios perdidos: no se trata solo de los salarios que pierde cerca del momento del accidente, tambi\u00e9n pueden ser salarios futuros. <\/p>\n<p>Las v\u00edctimas de accidentes que consideran que una compa\u00f1\u00eda de seguros no las est\u00e1 tratando de forma justa, que sufren fracturas u otras lesiones graves o que simplemente no saben c\u00f3mo proceder para presentar una reclamaci\u00f3n por accidente deber\u00edan considerar trabajar con un abogado. Sabemos que le preocupa el coste de presentar una demanda por lesiones personales y por eso, en <a href=\"https:\/\/www.sanantonioaccidentlawyer.com\/es\/\">Law Offices of Ronald A. Ramos<\/a>, ofrecemos una consulta gratuita y, si no tenemos \u00e9xito en obtener un acuerdo por sus lesiones, no nos deber\u00e1 ni un c\u00e9ntimo. Llame hoy a nuestras oficinas al (210) 308-8811 y perm\u00edtanos ayudarle a obtener la indemnizaci\u00f3n a la que tiene derecho.  <\/p>\n<h2>Cu\u00e1ndo podr\u00eda llegar a un acuerdo sin abogado<\/h2>\n<p>En peque\u00f1os golpes sin lesiones y con solo da\u00f1os materiales menores, es posible que pueda gestionar usted mismo la reclamaci\u00f3n al seguro. Si la responsabilidad del otro conductor est\u00e1 clara, los da\u00f1os de su veh\u00edculo son menores y usted no busc\u00f3 tratamiento m\u00e9dico, el proceso de reclamaci\u00f3n es relativamente sencillo. Sin embargo, incluso accidentes aparentemente leves pueden provocar lesiones que no aparecen hasta d\u00edas o semanas despu\u00e9s, por lo que muchas v\u00edctimas se benefician de, al menos, consultar con un abogado antes de llegar a un acuerdo.  <\/p>\n<h2>Riesgos de llegar a un acuerdo en su reclamaci\u00f3n por accidente de coche sin ayuda legal<\/h2>\n<p>Las compa\u00f1\u00edas de seguros son empresas centradas en minimizar los pagos. Cuando negocia directamente con un perito de seguros sin representaci\u00f3n legal, usted est\u00e1 en una desventaja significativa. Los peritos son negociadores formados que gestionan reclamaciones a diario, y saben exactamente c\u00f3mo minimizar el valor de su reclamaci\u00f3n. Entre las t\u00e1cticas habituales se incluyen ofrecer un acuerdo r\u00e1pido y a la baja antes de que usted comprenda el alcance total de sus lesiones, solicitar declaraciones grabadas que pueden usarse en su contra y cuestionar la necesidad de su tratamiento m\u00e9dico.   <\/p>\n<p>Uno de los mayores riesgos de llegar a un acuerdo sin abogado es aceptar una indemnizaci\u00f3n antes de conocer el coste real de sus lesiones. Las <a href=\"https:\/\/www.sanantonioaccidentlawyer.com\/es\/accidentes-de-auto\/dolor-de-espalda-tras-un-accidente-de-coche\/\">lesiones de espalda<\/a>, el <a href=\"https:\/\/www.sanantonioaccidentlawyer.com\/es\/accidentes-de-auto\/latigazo-cervical\/\">latigazo cervical<\/a> y las <a href=\"https:\/\/www.sanantonioaccidentlawyer.com\/es\/lesion-cerebral\/\">lesiones cerebrales traum\u00e1ticas<\/a> pueden requerir meses o a\u00f1os de tratamiento. Una vez que firma una renuncia, no puede volver atr\u00e1s y pedir m\u00e1s dinero, incluso si su estado empeora o requiere cirug\u00eda. Un abogado con experiencia entiende el valor a largo plazo de su reclamaci\u00f3n y no permitir\u00e1 que llegue a un acuerdo por menos de lo que se merece.  <\/p>\n<h2>C\u00f3mo un abogado aumenta el valor de su acuerdo<\/h2>\n<p>Los estudios muestran de forma consistente que las v\u00edctimas de accidentes que contratan abogados obtienen significativamente m\u00e1s indemnizaci\u00f3n que quienes gestionan las reclamaciones por su cuenta, incluso despu\u00e9s de tener en cuenta los honorarios del abogado. Un abogado sabe c\u00f3mo calcular correctamente el valor de su reclamaci\u00f3n, incluidos los <a href=\"https:\/\/www.sanantonioaccidentlawyer.com\/es\/accidentes-de-auto\/facturas-medicas\/\">gastos m\u00e9dicos<\/a> futuros, la <a href=\"https:\/\/www.sanantonioaccidentlawyer.com\/es\/accidentes-de-auto\/salarios-perdidos\/\">p\u00e9rdida de capacidad de ingresos<\/a>, el dolor y el sufrimiento, y otros da\u00f1os no econ\u00f3micos que las compa\u00f1\u00edas de seguros infravaloran de forma habitual. <\/p>\n<p>Su abogado tambi\u00e9n se encarga de toda la comunicaci\u00f3n con la compa\u00f1\u00eda de seguros, re\u00fane pruebas de apoyo como historiales m\u00e9dicos y opiniones de expertos, y est\u00e1 preparado para presentar una <a href=\"https:\/\/www.sanantonioaccidentlawyer.com\/es\/accidentes-de-auto\/demandas-por-accidente-de-coche\/\">demanda por accidente de coche<\/a> si la aseguradora se niega a ofrecer una indemnizaci\u00f3n justa. La sola amenaza de litigio a menudo motiva a las compa\u00f1\u00edas de seguros a aumentar sustancialmente sus ofertas de acuerdo. <\/p>\n<h2>Obtenga una evaluaci\u00f3n gratuita del caso<\/h2>\n<p>Si no est\u00e1 seguro de si necesita un abogado para su reclamaci\u00f3n por accidente de coche, los <a href=\"https:\/\/www.sanantonioaccidentlawyer.com\/es\/accidentes-de-auto\/\">abogados de accidentes de coche<\/a> de Law Offices of Ronald A. Ramos ofrecen consultas gratuitas sin compromiso. Podemos evaluar su caso, explicarle sus opciones legales y ayudarle a decidir el mejor camino a seguir. Trabajamos con honorarios de contingencia, por lo que no paga nada a menos que obtengamos una indemnizaci\u00f3n para usted. <a href=\"https:\/\/www.sanantonioaccidentlawyer.com\/free-consultation\/\">P\u00f3ngase en contacto con nosotros hoy<\/a> para hablar sobre su reclamaci\u00f3n.  <\/p>\n<h3>Recursos relacionados<\/h3>\n<ul>\n<li><a href=\"https:\/\/www.sanantonioaccidentlawyer.com\/es\/accidentes-de-auto\/demandas-por-accidente-de-coche\/\">Demandas por accidentes automovil\u00edsticos en Texas<\/a><\/li>\n<li><a href=\"https:\/\/www.sanantonioaccidentlawyer.com\/es\/accidentes-de-auto\/cobertura-de-seguro-reclamaciones-de-mala-fe\/\">Reclamaciones por mala fe de la aseguradora<\/a><\/li>\n<li><a href=\"https:\/\/www.sanantonioaccidentlawyer.com\/es\/accidentes-de-auto\/facturas-medicas\/\">Facturas m\u00e9dicas tras un accidente de coche<\/a><\/li>\n<li><a href=\"https:\/\/www.sanantonioaccidentlawyer.com\/es\/accidentes-de-auto\/salarios-perdidos\/\">Salarios perdidos tras un accidente de coche<\/a><\/li>\n<li><a href=\"https:\/\/www.sanantonioaccidentlawyer.com\/es\/accidentes-de-auto\/indemnizacion-por-accidente-de-coche\/\">\u00bfCu\u00e1nto vale mi caso?<\/a><\/li>\n<\/ul>\n<p>[\/et_pb_text][\/et_pb_column_inner][\/et_pb_row_inner][\/et_pb_column][et_pb_column type=\u00bb1_3&#8243; _builder_version=\u00bb4.16&#8243; custom_padding=\u00bb|||\u00bb global_colors_info=\u00bb{}\u00bb custom_padding__hover=\u00bb|||\u00bb][et_pb_text module_class=\u00bbright-column-1 \u00bb _builder_version=\u00bb4.16&#8243; text_font_size=\u00bb28px\u00bb header_2_font=\u00bb|600|||||||\u00bb header_2_font_size=\u00bb30px\u00bb header_2_line_height=\u00bb1.2em\u00bb header_2_font_size_tablet=\u00bb26px\u00bb header_2_font_size_phone=\u00bb22px\u00bb header_2_font_size_last_edited=\u00bbon|phone\u00bb saved_tabs=\u00bball\u00bb global_colors_info=\u00bb{}\u00bb]<\/p>\n<p style=\"text-align: center;\"><strong>Contact Us Today<\/strong><\/p>\n<p>[\/et_pb_text][et_pb_image src=\u00bbhttps:\/\/www.sanantonioaccidentlawyer.com\/wp-content\/uploads\/2019\/09\/photo__2836231_attorney-ronald-ramos.jpg\u00bb align=\u00bbcenter\u00bb _builder_version=\u00bb4.16&#8243; saved_tabs=\u00bball\u00bb global_colors_info=\u00bb{}\u00bb][\/et_pb_image][et_pb_text _builder_version=\u00bb4.16&#8243; custom_margin=\u00bb28px|||||\u00bb saved_tabs=\u00bball\u00bb global_colors_info=\u00bb{}\u00bb]<\/p>\n<div class=\"wpforms-container wpforms-container-full\" id=\"wpforms-1433\"><form id=\"wpforms-form-1433\" class=\"wpforms-validate wpforms-form\" data-formid=\"1433\" method=\"post\" enctype=\"multipart\/form-data\" action=\"\/es\/wp-json\/wp\/v2\/pages\/90583\" data-token=\"ee1c22ab5155691c2f4b8431c008ec46\" data-token-time=\"1777508544\"><noscript class=\"wpforms-error-noscript\">Por favor, activa JavaScript en tu navegador para completar este formulario.<\/noscript><div class=\"wpforms-field-container\"><div id=\"wpforms-1433-field_0-container\" class=\"wpforms-field wpforms-field-name\" data-field-id=\"0\"><label class=\"wpforms-field-label wpforms-label-hide\" for=\"wpforms-1433-field_0\">Name <span class=\"wpforms-required-label\">*<\/span><\/label><input type=\"text\" id=\"wpforms-1433-field_0\" class=\"wpforms-field-large wpforms-field-required\" name=\"wpforms[fields][0]\" placeholder=\"Name (Required)\" required><\/div><div id=\"wpforms-1433-field_1-container\" class=\"wpforms-field wpforms-field-email\" data-field-id=\"1\"><label class=\"wpforms-field-label wpforms-label-hide\" for=\"wpforms-1433-field_1\">Email <span class=\"wpforms-required-label\">*<\/span><\/label><input type=\"email\" id=\"wpforms-1433-field_1\" class=\"wpforms-field-large wpforms-field-required\" name=\"wpforms[fields][1]\" placeholder=\"Email (Required)\" spellcheck=\"false\" required><\/div><div id=\"wpforms-1433-field_3-container\" class=\"wpforms-field wpforms-field-text\" data-field-id=\"3\"><label class=\"wpforms-field-label wpforms-label-hide\" for=\"wpforms-1433-field_3\">Phone <span class=\"wpforms-required-label\">*<\/span><\/label><input type=\"text\" id=\"wpforms-1433-field_3\" class=\"wpforms-field-large wpforms-field-required\" name=\"wpforms[fields][3]\" placeholder=\"Phone (Required)\" required><\/div><div id=\"wpforms-1433-field_5-container\" class=\"wpforms-field wpforms-field-select wpforms-field-select-style-classic\" data-field-id=\"5\"><label class=\"wpforms-field-label wpforms-label-hide\" for=\"wpforms-1433-field_5\">Preferred Contact Method<\/label><select id=\"wpforms-1433-field_5\" class=\"wpforms-field-large\" name=\"wpforms[fields][5]\"><option value=\"\" class=\"placeholder\" disabled  selected='selected'>Preferred Contact Method<\/option><option value=\"Call\"  class=\"choice-1 depth-1\"  >Call<\/option><option value=\"Text\"  class=\"choice-2 depth-1\"  >Text<\/option><option value=\"Email\"  class=\"choice-3 depth-1\"  >Email<\/option><\/select><\/div><div id=\"wpforms-1433-field_2-container\" class=\"wpforms-field wpforms-field-textarea\" data-field-id=\"2\"><label class=\"wpforms-field-label wpforms-label-hide\" for=\"wpforms-1433-field_2\">Comment or Message<\/label><textarea id=\"wpforms-1433-field_2\" class=\"wpforms-field-medium\" name=\"wpforms[fields][2]\" placeholder=\"Briefly Describe Your Legal Issue\" ><\/textarea><\/div><div id=\"wpforms-1433-field_6-container\" class=\"wpforms-field wpforms-field-captcha\" data-field-id=\"6\"><label class=\"wpforms-field-label\" for=\"wpforms-1433-field_6\">Captcha <span class=\"wpforms-required-label\">*<\/span><\/label><p id=\"wpforms-1433-field_6-question\" class=\"wpforms-captcha-question\">What is 7+4?<\/p>\n\t\t<input type=\"text\" id=\"wpforms-1433-field_6\" class=\"wpforms-field-medium wpforms-field-required a\" data-rule-wpf-captcha=\"qa\" data-is-wrapped-field=\"1\" data-a=\"11\" name=\"wpforms[fields][6][a]\" aria-describedby=\"wpforms-1433-field_6-question\" required>\n\t\t<input type=\"hidden\" name=\"wpforms[fields][6][q]\" value=\"1\">\n\n\t\t<\/div><\/div><!-- .wpforms-field-container --><div class=\"wpforms-recaptcha-container wpforms-is-recaptcha wpforms-is-recaptcha-type-v3\" ><input type=\"hidden\" name=\"wpforms[recaptcha]\" value=\"\"><\/div><div class=\"wpforms-submit-container\" ><input type=\"hidden\" name=\"wpforms[id]\" value=\"1433\"><input type=\"hidden\" name=\"page_title\" value=\"\"><input type=\"hidden\" name=\"page_url\" value=\"https:\/\/www.sanantonioaccidentlawyer.com\/es\/wp-json\/wp\/v2\/pages\/90583\"><input type=\"hidden\" name=\"url_referer\" value=\"\"><button type=\"submit\" name=\"wpforms[submit]\" id=\"wpforms-submit-1433\" class=\"wpforms-submit\" data-alt-text=\"Sending...\" data-submit-text=\"GET YOUR FREE CASE REVIEW\" aria-live=\"assertive\" value=\"wpforms-submit\">GET YOUR FREE CASE REVIEW<\/button><\/div><\/form><\/div>  <!-- .wpforms-container -->\n<p>[\/et_pb_text][\/et_pb_column][\/et_pb_section]<\/p>\n","protected":false},"excerpt":{"rendered":"<p>Llegar a un acuerdo en su reclamaci\u00f3n por accidente de coche Quienes se han visto implicados en accidentes de coche leves a menudo creen que pueden gestionar por su cuenta su reclamaci\u00f3n por lesiones. Aunque esto puede ser cierto en circunstancias limitadas, en casi todos los casos es mejor trabajar con un abogado de lesiones [&hellip;]<\/p>\n","protected":false},"author":5,"featured_media":0,"parent":1182,"menu_order":0,"comment_status":"closed","ping_status":"closed","template":"","meta":{"_et_pb_use_builder":"on","_et_pb_old_content":"","_et_gb_content_width":"","footnotes":""},"class_list":["post-90583","page","type-page","status-publish","hentry"],"_links":{"self":[{"href":"https:\/\/www.sanantonioaccidentlawyer.com\/es\/wp-json\/wp\/v2\/pages\/90583","targetHints":{"allow":["GET"]}}],"collection":[{"href":"https:\/\/www.sanantonioaccidentlawyer.com\/es\/wp-json\/wp\/v2\/pages"}],"about":[{"href":"https:\/\/www.sanantonioaccidentlawyer.com\/es\/wp-json\/wp\/v2\/types\/page"}],"author":[{"embeddable":true,"href":"https:\/\/www.sanantonioaccidentlawyer.com\/es\/wp-json\/wp\/v2\/users\/5"}],"replies":[{"embeddable":true,"href":"https:\/\/www.sanantonioaccidentlawyer.com\/es\/wp-json\/wp\/v2\/comments?post=90583"}],"version-history":[{"count":0,"href":"https:\/\/www.sanantonioaccidentlawyer.com\/es\/wp-json\/wp\/v2\/pages\/90583\/revisions"}],"up":[{"embeddable":true,"href":"https:\/\/www.sanantonioaccidentlawyer.com\/es\/wp-json\/wp\/v2\/pages\/1182"}],"wp:attachment":[{"href":"https:\/\/www.sanantonioaccidentlawyer.com\/es\/wp-json\/wp\/v2\/media?parent=90583"}],"curies":[{"name":"wp","href":"https:\/\/api.w.org\/{rel}","templated":true}]}}