{"id":90605,"date":"2026-03-14T03:05:18","date_gmt":"2026-03-14T03:05:18","guid":{"rendered":"https:\/\/www.sanantonioaccidentlawyer.com\/muerte-por-negligencia\/"},"modified":"2026-03-14T03:05:29","modified_gmt":"2026-03-14T03:05:29","slug":"muerte-por-negligencia","status":"publish","type":"page","link":"https:\/\/www.sanantonioaccidentlawyer.com\/es\/muerte-por-negligencia\/","title":{"rendered":"Muerte por negligencia"},"content":{"rendered":"<p>[et_pb_section fb_built=\u00bb1&#8243; fullwidth=\u00bbon\u00bb custom_padding_last_edited=\u00bbon|phone\u00bb _builder_version=\u00bb4.16&#8243; use_background_color_gradient=\u00bbon\u00bb background_color_gradient_stops=\u00bbrgba(9,19,46,0.9) 6%|rgba(9,19,46,0.81) 100%\u00bb background_color_gradient_overlays_image=\u00bbon\u00bb background_color_gradient_start=\u00bbrgba(9,19,46,0.9)\u00bb background_color_gradient_start_position=\u00bb6%\u00bb background_color_gradient_end=\u00bbrgba(9,19,46,0.81)\u00bb background_image=\u00bbhttps:\/\/www.sanantonioaccidentlawyer.com\/wp-content\/uploads\/2019\/08\/car-accidents-attorney.jpg\u00bb custom_margin=\u00bb-63px||||false|false\u00bb custom_padding=\u00bb200px||300px||false|false\u00bb custom_padding_tablet=\u00bb170px||260px||false|false\u00bb custom_padding_phone=\u00bb150px||230px||false|false\u00bb global_colors_info=\u00bb{}\u00bb][et_pb_fullwidth_header title=\u00bbAbogado de muerte por negligencia en San Antonio\u00bb _builder_version=\u00bb4.16&#8243; title_level=\u00bbh2&#8243; title_font=\u00bb|600|||||||\u00bb title_text_align=\u00bbcenter\u00bb title_font_size=\u00bb45px\u00bb background_enable_color=\u00bboff\u00bb background_enable_image=\u00bboff\u00bb custom_margin=\u00bb|0px|||false|false\u00bb custom_padding=\u00bb0px||0px||false|false\u00bb title_font_size_tablet=\u00bb38px\u00bb title_font_size_phone=\u00bb28px\u00bb title_font_size_last_edited=\u00bbon|phone\u00bb global_colors_info=\u00bb{}\u00bb background__hover_enabled=\u00bboff\u00bb][\/et_pb_fullwidth_header][\/et_pb_section][et_pb_section fb_built=\u00bb1&#8243; use_custom_gutter=\u00bbon\u00bb gutter_width=\u00bb2&#8243; specialty=\u00bbon\u00bb custom_padding_last_edited=\u00bbon|phone\u00bb padding_top_2=\u00bb35px\u00bb padding_right_2=\u00bb15px\u00bb padding_bottom_2=\u00bb15px\u00bb padding_left_2=\u00bb15px\u00bb padding_top_bottom_link_2=\u00bbfalse\u00bb padding_left_right_link_2=\u00bbfalse\u00bb module_id_2=\u00bbsidebar-sticky\u00bb module_class_1=\u00bbleft_section\u00bb module_class_2=\u00bbsingle_column_section fixedsticky\u00bb module_class=\u00bbmain_row\u00bb _builder_version=\u00bb4.16&#8243; width_tablet=\u00bb\u00bb width_phone=\u00bb\u00bb width_last_edited=\u00bbon|phone\u00bb max_width_tablet=\u00bb\u00bb max_width_phone=\u00bb\u00bb max_width_last_edited=\u00bbon|phone\u00bb inner_max_width=\u00bb1200px\u00bb inner_max_width_tablet=\u00bb100%\u00bb inner_max_width_phone=\u00bb\u00bb inner_max_width_last_edited=\u00bbon|phone\u00bb custom_padding=\u00bb0px||||false|false\u00bb custom_padding_tablet=\u00bb|15px|20px|15px|false|false\u00bb custom_padding_phone=\u00bb\u00bb locked=\u00bboff\u00bb global_colors_info=\u00bb{}\u00bb][et_pb_column type=\u00bb2_3&#8243; specialty_columns=\u00bb2&#8243; _builder_version=\u00bb4.16&#8243; custom_padding=\u00bb|||\u00bb global_colors_info=\u00bb{}\u00bb custom_padding__hover=\u00bb|||\u00bb][et_pb_row_inner custom_padding_last_edited=\u00bbon|phone\u00bb module_class=\u00bbinner_row\u00bb _builder_version=\u00bb4.16&#8243; background_color=\u00bb#fff\u00bb width=\u00bb100%\u00bb max_width=\u00bb1200px\u00bb custom_padding=\u00bb35px|35px|35px|35px|false|false\u00bb custom_padding_tablet=\u00bb25px|25px|25px|25px|true|true\u00bb custom_padding_phone=\u00bb20px|20px|20px|20px|true|true\u00bb collapsed=\u00bboff\u00bb global_colors_info=\u00bb{}\u00bb][et_pb_column_inner saved_specialty_column_type=\u00bb2_3&#8243; _builder_version=\u00bb4.16&#8243; global_colors_info=\u00bb{}\u00bb][et_pb_text _builder_version=\u00bb4.27.6&#8243; header_2_font=\u00bb|600|||||||\u00bb header_2_font_size=\u00bb30px\u00bb hover_enabled=\u00bb0&#8243; text_font_size_tablet=\u00bb16px\u00bb text_font_size_phone=\u00bb15px\u00bb text_font_size_last_edited=\u00bbon|phone\u00bb text_line_height_tablet=\u00bb1.5em\u00bb text_line_height_phone=\u00bb1.5em\u00bb text_line_height_last_edited=\u00bbon|phone\u00bb header_2_font_size_tablet=\u00bb26px\u00bb header_2_font_size_phone=\u00bb20px\u00bb header_2_font_size_last_edited=\u00bbon|phone\u00bb global_colors_info=\u00bb{}\u00bb header_2_font_size__hover_enabled=\u00bboff\u00bb sticky_enabled=\u00bb0&#8243;]<\/p>\n<div class=\"description\">\n<p><img loading=\"lazy\" decoding=\"async\" class=\"wp-image-647 size-medium alignright\" src=\"https:\/\/www.sanantonioaccidentlawyer.com\/wp-content\/uploads\/2019\/09\/wrongful-death-300x200.jpg\" alt=\"\" width=\"300\" height=\"200\">Cuando un ser querido fallece, es un momento emocional y dif\u00edcil para quienes le rodean. No solo la familia tiene que afrontar la p\u00e9rdida, sino que a menudo tambi\u00e9n debe lidiar con todos los problemas econ\u00f3micos que conlleva esa p\u00e9rdida. Si un ser querido muri\u00f3 como resultado de las acciones de otra persona, puede ser especialmente dif\u00edcil afrontar todos estos factores tras lo ocurrido. No obstante, la familia siempre tiene la opci\u00f3n de interponer una demanda por muerte por negligencia para abordar algunas de sus preocupaciones econ\u00f3micas asociadas a la p\u00e9rdida.   <\/p>\n<p>Seg\u00fan la ley de Texas, puede interponerse una acci\u00f3n por da\u00f1os y perjuicios (indemnizaci\u00f3n) derivados de una lesi\u00f3n que cause el fallecimiento de una persona si existe una parte responsable (C\u00f3digo de Texas, secci\u00f3n 71.001). Una persona es responsable de los da\u00f1os y perjuicios derivados de una lesi\u00f3n que caus\u00f3 la p\u00e9rdida de la vida si la lesi\u00f3n fue causada por el acto negligente o descuidado de la persona, negligencia, descuido, impericia o incumplimiento. Los supervivientes del fallecido que normalmente pueden interponer esta acci\u00f3n incluyen al c\u00f3nyuge sup\u00e9rstite, los hijos (incluidos los hijos adultos y\/o adoptados) y los padres; no obstante, si no lo hacen, el representante del patrimonio del fallecido puede presentar una reclamaci\u00f3n, siempre que un familiar superviviente no se oponga.  <\/p>\n<p>Por lo general, una reclamaci\u00f3n por muerte por negligencia se presenta por da\u00f1os econ\u00f3micos, pero es independiente de un proceso penal iniciado por un fiscal, aunque pueden presentarse y, de hecho, a menudo se presentan simult\u00e1neamente.<\/p>\n<h3>Causas comunes de muerte por negligencia<\/h3>\n<p>A menudo, las reclamaciones se derivan de:<\/p>\n<ul>\n<li>Accidentes de coche y\/o de cami\u00f3n;<\/li>\n<li>Negligencia m\u00e9dica y\/o error en la medicaci\u00f3n prescrita;<\/li>\n<li>Lesiones en el lugar de trabajo, as\u00ed como<\/li>\n<li>Ser v\u00edctima de un delito (intencional).<\/li>\n<\/ul>\n<h3>Indemnizaciones en casos de muerte por negligencia<\/h3>\n<p>Los da\u00f1os y perjuicios que pueden reclamarse en una demanda por muerte por negligencia pueden incluir:<\/p>\n<ul>\n<li>P\u00e9rdida de compa\u00f1\u00eda, consuelo y relaci\u00f3n;<\/li>\n<li>P\u00e9rdida de cuidados, servicios, apoyo y manutenci\u00f3n que la familia perdi\u00f3 al perder a su ser querido;<\/li>\n<li>Cualquier p\u00e9rdida de capacidad de ingresos del fallecido;<\/li>\n<li>Cualquier dolor y sufrimiento emocional (normalmente determinado por un jurado); y<\/li>\n<li>Cualquier herencia perdida, si el fallecido hubiera vivido una vida normal.<\/li>\n<\/ul>\n<p>Estos factores se ven claramente afectados por las circunstancias particulares del caso, como la edad y la remuneraci\u00f3n laboral previa del fallecido, as\u00ed como la edad de los hijos que haya dejado. Estas indemnizaciones tampoco est\u00e1n sujetas a ninguna deuda dejada por el fallecido, de conformidad con la ley de Texas (secci\u00f3n 71.011). <\/p>\n<p>Adem\u00e1s, si la p\u00e9rdida fue causada por un acto u omisi\u00f3n dolosa, o por negligencia grave del demandado, pueden reclamarse da\u00f1os \u201cejemplares\u201d adem\u00e1s de los da\u00f1os reales. Los da\u00f1os \u201cejemplares\u201d se refieren a los da\u00f1os punitivos: aquellos que van m\u00e1s all\u00e1 de la indemnizaci\u00f3n necesaria con el fin de castigar al demandado y disuadir de esa conducta en el futuro. <\/p>\n<h3>Plazos en casos de muerte por negligencia<\/h3>\n<p>Cualquier reclamaci\u00f3n debe presentarse dentro de los dos a\u00f1os siguientes a la fecha de la p\u00e9rdida. En algunas circunstancias, los plazos pueden ampliarse, dependiendo de qui\u00e9n est\u00e9 implicado y\/o de qu\u00e9 caus\u00f3 la muerte por negligencia (por ejemplo, a veces se aplican ampliaciones cuando hay menores y\/o productos defectuosos implicados). <\/p>\n<p>Adem\u00e1s, un albacea o administrador de un patrimonio solo puede interponer una reclamaci\u00f3n si ninguno de los familiares de la persona ha presentado una reclamaci\u00f3n dentro de los tres meses posteriores a la p\u00e9rdida de su ser querido.<\/p>\n<h3>\u00bfQu\u00e9 es una acci\u00f3n de supervivencia?<\/h3>\n<p>La ley de Texas permite que un patrimonio, un representante legal o cualquier heredero interponga una acci\u00f3n de supervivencia, es decir, una demanda que se habr\u00eda presentado si la persona hubiera vivido. Esto incluye acciones relacionadas con la salud, la reputaci\u00f3n y la muerte por negligencia. La acci\u00f3n no solo sobrevive a la v\u00edctima fallecida, sino tambi\u00e9n al demandado, si este fallece, y puede interponerse contra sus representantes legales.  <\/p>\n<p>\u00bfEn qu\u00e9 se diferencia de una acci\u00f3n por muerte por negligencia? Por lo general, una demanda por muerte por negligencia solo est\u00e1 disponible para el c\u00f3nyuge sup\u00e9rstite, los hijos y los padres del fallecido, y les permite obtener una indemnizaci\u00f3n por perjuicios personales frente a las lesiones f\u00edsicas sufridas por la v\u00edctima lesionada. Estas indemnizaciones tambi\u00e9n solo est\u00e1n disponibles para los familiares supervivientes. No obstante, es totalmente posible que se presenten dos demandas (una demanda de supervivencia y una demanda por muerte por negligencia) por el mismo acto lesivo negligente o doloso.   <\/p>\n<h3>Solicite asesoramiento a un abogado con experiencia en muerte por negligencia<\/h3>\n<p>Aunque es un momento dif\u00edcil para pensar en demandas despu\u00e9s de haber perdido a un ser querido, es fundamental solicitar asesoramiento a un abogado con experiencia en muerte por negligencia en San Antonio para que le gu\u00ede a lo largo del proceso si le preocupan las circunstancias que rodean su p\u00e9rdida.<\/p>\n<p>Con m\u00e1s de 43 a\u00f1os prestando servicio en San Antonio y Laredo, los Law Offices of Ronald A. Ramos se comprometen a atender a personas y familias que han resultado lesionadas o han perdido a un ser querido debido a las acciones negligentes de otra persona. Entendemos el valor del trato personal y nuestro bufete se dedica a ofrecer el m\u00e1s alto nivel de representaci\u00f3n legal. P\u00f3ngase en contacto con nosotros hoy mismo para una consulta gratuita.  <span style=\"font-size: 18px;\"><\/span><\/p>\n<p><a href=\"mailto:info@sanantonioaccidentlawyer.com\"><\/a><\/p>\n<\/div>\n<p>[\/et_pb_text][\/et_pb_column_inner][\/et_pb_row_inner][\/et_pb_column][et_pb_column type=\u00bb1_3&#8243; _builder_version=\u00bb4.16&#8243; custom_padding=\u00bb|||\u00bb global_colors_info=\u00bb{}\u00bb custom_padding__hover=\u00bb|||\u00bb][et_pb_text module_class=\u00bbright-column-1 \u00bb _builder_version=\u00bb4.5.7&#8243; text_font_size=\u00bb28px\u00bb header_2_font=\u00bb|600|||||||\u00bb header_2_font_size=\u00bb30px\u00bb header_2_line_height=\u00bb1.2em\u00bb header_2_font_size_tablet=\u00bb26px\u00bb header_2_font_size_phone=\u00bb22px\u00bb header_2_font_size_last_edited=\u00bbon|phone\u00bb global_module=\u00bb1446&#8243; saved_tabs=\u00bball\u00bb global_colors_info=\u00bb{}\u00bb]<\/p>\n<p style=\"text-align: center;\"><strong>Contact Us Today<\/strong><\/p>\n<p>[\/et_pb_text][et_pb_image src=\u00bbhttps:\/\/www.sanantonioaccidentlawyer.com\/wp-content\/uploads\/2019\/09\/photo__2836231_attorney-ronald-ramos.jpg\u00bb align=\u00bbcenter\u00bb _builder_version=\u00bb4.5.3&#8243; global_module=\u00bb1460&#8243; saved_tabs=\u00bball\u00bb global_colors_info=\u00bb{}\u00bb][\/et_pb_image][et_pb_text _builder_version=\u00bb3.26.5&#8243; width=\u00bb97.4%\u00bb custom_margin=\u00bb28px|||||\u00bb global_module=\u00bb1461&#8243; saved_tabs=\u00bball\u00bb global_colors_info=\u00bb{}\u00bb]<\/p>\n<div class=\"wpforms-container wpforms-container-full\" id=\"wpforms-1433\"><form id=\"wpforms-form-1433\" class=\"wpforms-validate wpforms-form\" data-formid=\"1433\" method=\"post\" enctype=\"multipart\/form-data\" action=\"\/es\/wp-json\/wp\/v2\/pages\/90605\" data-token=\"97f96bd1f56bd977b49e14262c88728a\" data-token-time=\"1777666769\"><noscript class=\"wpforms-error-noscript\">Por favor, activa JavaScript en tu navegador para completar este formulario.<\/noscript><div class=\"wpforms-field-container\"><div id=\"wpforms-1433-field_0-container\" class=\"wpforms-field wpforms-field-name\" data-field-id=\"0\"><label class=\"wpforms-field-label wpforms-label-hide\" for=\"wpforms-1433-field_0\">Name <span class=\"wpforms-required-label\">*<\/span><\/label><input type=\"text\" id=\"wpforms-1433-field_0\" class=\"wpforms-field-large wpforms-field-required\" name=\"wpforms[fields][0]\" placeholder=\"Name (Required)\" required><\/div><div id=\"wpforms-1433-field_1-container\" class=\"wpforms-field wpforms-field-email\" data-field-id=\"1\"><label class=\"wpforms-field-label wpforms-label-hide\" for=\"wpforms-1433-field_1\">Email <span class=\"wpforms-required-label\">*<\/span><\/label><input type=\"email\" id=\"wpforms-1433-field_1\" class=\"wpforms-field-large wpforms-field-required\" name=\"wpforms[fields][1]\" placeholder=\"Email (Required)\" spellcheck=\"false\" required><\/div><div id=\"wpforms-1433-field_3-container\" class=\"wpforms-field wpforms-field-text\" data-field-id=\"3\"><label class=\"wpforms-field-label wpforms-label-hide\" for=\"wpforms-1433-field_3\">Phone <span class=\"wpforms-required-label\">*<\/span><\/label><input type=\"text\" id=\"wpforms-1433-field_3\" class=\"wpforms-field-large wpforms-field-required\" name=\"wpforms[fields][3]\" placeholder=\"Phone (Required)\" required><\/div><div id=\"wpforms-1433-field_5-container\" class=\"wpforms-field wpforms-field-select wpforms-field-select-style-classic\" data-field-id=\"5\"><label class=\"wpforms-field-label wpforms-label-hide\" for=\"wpforms-1433-field_5\">Preferred Contact Method<\/label><select id=\"wpforms-1433-field_5\" class=\"wpforms-field-large\" name=\"wpforms[fields][5]\"><option value=\"\" class=\"placeholder\" disabled  selected='selected'>Preferred Contact Method<\/option><option value=\"Call\"  class=\"choice-1 depth-1\"  >Call<\/option><option value=\"Text\"  class=\"choice-2 depth-1\"  >Text<\/option><option value=\"Email\"  class=\"choice-3 depth-1\"  >Email<\/option><\/select><\/div><div id=\"wpforms-1433-field_2-container\" class=\"wpforms-field wpforms-field-textarea\" data-field-id=\"2\"><label class=\"wpforms-field-label wpforms-label-hide\" for=\"wpforms-1433-field_2\">Comment or Message<\/label><textarea id=\"wpforms-1433-field_2\" class=\"wpforms-field-medium\" name=\"wpforms[fields][2]\" placeholder=\"Briefly Describe Your Legal Issue\" ><\/textarea><\/div><div id=\"wpforms-1433-field_6-container\" class=\"wpforms-field wpforms-field-captcha\" data-field-id=\"6\"><label class=\"wpforms-field-label\" for=\"wpforms-1433-field_6\">Captcha <span class=\"wpforms-required-label\">*<\/span><\/label><p id=\"wpforms-1433-field_6-question\" class=\"wpforms-captcha-question\">What is 7+4?<\/p>\n\t\t<input type=\"text\" id=\"wpforms-1433-field_6\" class=\"wpforms-field-medium wpforms-field-required a\" data-rule-wpf-captcha=\"qa\" data-is-wrapped-field=\"1\" data-a=\"11\" name=\"wpforms[fields][6][a]\" aria-describedby=\"wpforms-1433-field_6-question\" required>\n\t\t<input type=\"hidden\" name=\"wpforms[fields][6][q]\" value=\"1\">\n\n\t\t<\/div><\/div><!-- .wpforms-field-container --><div class=\"wpforms-recaptcha-container wpforms-is-recaptcha wpforms-is-recaptcha-type-v3\" ><input type=\"hidden\" name=\"wpforms[recaptcha]\" value=\"\"><\/div><div class=\"wpforms-submit-container\" ><input type=\"hidden\" name=\"wpforms[id]\" value=\"1433\"><input type=\"hidden\" name=\"page_title\" value=\"\"><input type=\"hidden\" name=\"page_url\" value=\"https:\/\/www.sanantonioaccidentlawyer.com\/es\/wp-json\/wp\/v2\/pages\/90605\"><input type=\"hidden\" name=\"url_referer\" value=\"\"><button type=\"submit\" name=\"wpforms[submit]\" id=\"wpforms-submit-1433\" class=\"wpforms-submit\" data-alt-text=\"Sending...\" data-submit-text=\"GET YOUR FREE CASE REVIEW\" aria-live=\"assertive\" value=\"wpforms-submit\">GET YOUR FREE CASE REVIEW<\/button><\/div><\/form><\/div>  <!-- .wpforms-container -->\n<p>[\/et_pb_text][\/et_pb_column][\/et_pb_section]<\/p>\n","protected":false},"excerpt":{"rendered":"<p>Cuando un ser querido fallece, es un momento emocional y dif\u00edcil para quienes le rodean. No solo la familia tiene que afrontar la p\u00e9rdida, sino que a menudo tambi\u00e9n debe lidiar con todos los problemas econ\u00f3micos que conlleva esa p\u00e9rdida. Si un ser querido muri\u00f3 como resultado de las acciones de otra persona, puede ser [&hellip;]<\/p>\n","protected":false},"author":5,"featured_media":0,"parent":0,"menu_order":0,"comment_status":"closed","ping_status":"closed","template":"","meta":{"_et_pb_use_builder":"on","_et_pb_old_content":"","_et_gb_content_width":"","footnotes":""},"class_list":["post-90605","page","type-page","status-publish","hentry"],"_links":{"self":[{"href":"https:\/\/www.sanantonioaccidentlawyer.com\/es\/wp-json\/wp\/v2\/pages\/90605","targetHints":{"allow":["GET"]}}],"collection":[{"href":"https:\/\/www.sanantonioaccidentlawyer.com\/es\/wp-json\/wp\/v2\/pages"}],"about":[{"href":"https:\/\/www.sanantonioaccidentlawyer.com\/es\/wp-json\/wp\/v2\/types\/page"}],"author":[{"embeddable":true,"href":"https:\/\/www.sanantonioaccidentlawyer.com\/es\/wp-json\/wp\/v2\/users\/5"}],"replies":[{"embeddable":true,"href":"https:\/\/www.sanantonioaccidentlawyer.com\/es\/wp-json\/wp\/v2\/comments?post=90605"}],"version-history":[{"count":0,"href":"https:\/\/www.sanantonioaccidentlawyer.com\/es\/wp-json\/wp\/v2\/pages\/90605\/revisions"}],"wp:attachment":[{"href":"https:\/\/www.sanantonioaccidentlawyer.com\/es\/wp-json\/wp\/v2\/media?parent=90605"}],"curies":[{"name":"wp","href":"https:\/\/api.w.org\/{rel}","templated":true}]}}