{"id":90606,"date":"2026-03-14T03:05:21","date_gmt":"2026-03-14T03:05:21","guid":{"rendered":"https:\/\/www.sanantonioaccidentlawyer.com\/aviso-legal\/"},"modified":"2026-03-14T03:05:29","modified_gmt":"2026-03-14T03:05:29","slug":"aviso-legal","status":"publish","type":"page","link":"https:\/\/www.sanantonioaccidentlawyer.com\/es\/aviso-legal\/","title":{"rendered":"AVISO LEGAL"},"content":{"rendered":"<p>[et_pb_section][et_pb_row][et_pb_column type=\u00bb4_4&#8243;][et_pb_text]<\/p>\n<p>La informaci\u00f3n contenida en este sitio web se proporciona \u00fanicamente con fines informativos y no debe interpretarse como asesoramiento jur\u00eddico sobre ninguna materia. Ning\u00fan destinatario del contenido de este sitio, cliente o de otro tipo, debe actuar o abstenerse de actuar sobre la base de cualquier contenido incluido en el sitio sin solicitar el asesoramiento jur\u00eddico u otro asesoramiento profesional apropiado sobre los hechos y circunstancias particulares en cuesti\u00f3n de un abogado con licencia en el estado del destinatario. El contenido de este sitio web contiene informaci\u00f3n general y puede no reflejar los desarrollos legales, veredictos o acuerdos actuales. El Bufete rechaza expresamente toda responsabilidad con respecto a las acciones tomadas o no tomadas sobre la base de cualquiera o todos los contenidos de este sitio web.   <\/p>\n<p>Cualquier informaci\u00f3n enviada al Bufete por correo electr\u00f3nico de Internet o a trav\u00e9s del sitio web no es segura y se realiza de forma no confidencial. La transmisi\u00f3n de informaci\u00f3n desde este sitio web no crea una relaci\u00f3n abogado-cliente entre usted y el Bufete, ni tiene la intenci\u00f3n de hacerlo. La transmisi\u00f3n del sitio web, en parte o en su totalidad, y\/o cualquier comunicaci\u00f3n con nosotros por correo electr\u00f3nico de Internet a trav\u00e9s de este sitio no constituye ni crea una relaci\u00f3n abogado-cliente entre nosotros y ning\u00fan destinatario.  <\/p>\n<p>Algunos enlaces dentro del sitio web pueden conducir a otros sitios web, incluidos aquellos operados y mantenidos por terceros. El Bufete incluye estos enlaces \u00fanicamente para su comodidad, y la presencia de dicho enlace no implica responsabilidad por el sitio enlazado ni un respaldo del sitio enlazado, su operador o sus contenidos. <\/p>\n<p>Este sitio web y sus contenidos se proporcionan \u00abTAL CUAL\u00bb sin garant\u00eda de ning\u00fan tipo, ya sea expresa o impl\u00edcita, incluidas, entre otras, las garant\u00edas impl\u00edcitas de comerciabilidad, idoneidad para un prop\u00f3sito particular o no infracci\u00f3n.<\/p>\n<p>Adem\u00e1s, el Bufete no desea representar a nadie que desee representaci\u00f3n bas\u00e1ndose en la visualizaci\u00f3n de este sitio web en un estado donde este sitio web no cumpla con todas las leyes y normas \u00e9ticas de ese estado.<\/p>\n<p>La reproducci\u00f3n, distribuci\u00f3n, republicaci\u00f3n y\/o retransmisi\u00f3n del material contenido en el sitio web del Bufete est\u00e1 prohibida a menos que se haya obtenido el permiso previo por escrito del Bufete.<\/p>\n<p>[\/et_pb_text][\/et_pb_column][\/et_pb_row][\/et_pb_section]<\/p>\n","protected":false},"excerpt":{"rendered":"<p><div class=\"et_pb_section et_pb_section_0 et_section_regular\" >\n\t\t\t\t\n\t\t\t\t\n\t\t\t\t\n\t\t\t\t\n\t\t\t\t\n\t\t\t\t\n\t\t\t\t\n\t\t\t\t\n\t\t\t\t\n\t\t\t<\/div><div class=\"et_pb_row et_pb_row_0 et_pb_row_empty\">\n\t\t\t\t\n\t\t\t\t\n\t\t\t\t\n\t\t\t\t\n\t\t\t\t\n\t\t\t<\/div><div class=\"et_pb_module et_pb_text et_pb_text_0  et_pb_text_align_left et_pb_bg_layout_light\">\n\t\t\t\t\n\t\t\t\t\n\t\t\t\t\n\t\t\t\t\n\t\t\t\t\n\t\t\t<\/div> La informaci\u00f3n contenida en este sitio web se proporciona \u00fanicamente con fines informativos y no debe interpretarse como asesoramiento jur\u00eddico sobre ninguna materia. Ning\u00fan destinatario del contenido de este sitio, cliente o de otro tipo, debe actuar o abstenerse de actuar sobre la base de cualquier contenido incluido en el sitio sin solicitar el [&hellip;]<\/p>\n","protected":false},"author":5,"featured_media":0,"parent":0,"menu_order":0,"comment_status":"closed","ping_status":"closed","template":"","meta":{"_et_pb_use_builder":"on","_et_pb_old_content":"","_et_gb_content_width":"","footnotes":""},"class_list":["post-90606","page","type-page","status-publish","hentry"],"_links":{"self":[{"href":"https:\/\/www.sanantonioaccidentlawyer.com\/es\/wp-json\/wp\/v2\/pages\/90606","targetHints":{"allow":["GET"]}}],"collection":[{"href":"https:\/\/www.sanantonioaccidentlawyer.com\/es\/wp-json\/wp\/v2\/pages"}],"about":[{"href":"https:\/\/www.sanantonioaccidentlawyer.com\/es\/wp-json\/wp\/v2\/types\/page"}],"author":[{"embeddable":true,"href":"https:\/\/www.sanantonioaccidentlawyer.com\/es\/wp-json\/wp\/v2\/users\/5"}],"replies":[{"embeddable":true,"href":"https:\/\/www.sanantonioaccidentlawyer.com\/es\/wp-json\/wp\/v2\/comments?post=90606"}],"version-history":[{"count":0,"href":"https:\/\/www.sanantonioaccidentlawyer.com\/es\/wp-json\/wp\/v2\/pages\/90606\/revisions"}],"wp:attachment":[{"href":"https:\/\/www.sanantonioaccidentlawyer.com\/es\/wp-json\/wp\/v2\/media?parent=90606"}],"curies":[{"name":"wp","href":"https:\/\/api.w.org\/{rel}","templated":true}]}}