{"id":90607,"date":"2026-03-14T03:05:23","date_gmt":"2026-03-14T03:05:23","guid":{"rendered":"https:\/\/www.sanantonioaccidentlawyer.com\/politica-de-privacidad\/"},"modified":"2026-03-14T03:05:23","modified_gmt":"2026-03-14T03:05:23","slug":"politica-de-privacidad","status":"publish","type":"page","link":"https:\/\/www.sanantonioaccidentlawyer.com\/es\/politica-de-privacidad\/","title":{"rendered":"Pol\u00edtica de privacidad"},"content":{"rendered":"<p>El Despacho est\u00e1 comprometido con la protecci\u00f3n de su privacidad y tratar\u00e1 toda la informaci\u00f3n que usted facilite a trav\u00e9s del sitio web del Despacho, incluida su informaci\u00f3n de registro, con el m\u00e1ximo respeto. El Despacho trabaja diligentemente para garantizar que ha adoptado todas las medidas administrativas y t\u00e9cnicas adecuadas para evitar el uso no autorizado o il\u00edcito de su informaci\u00f3n personal identificable, as\u00ed como para prevenir cualquier p\u00e9rdida o destrucci\u00f3n accidental, o da\u00f1o, de dicha informaci\u00f3n. El Despacho no vender\u00e1 ni divulgar\u00e1 informaci\u00f3n personal identificable sobre usted a terceros no afiliados, salvo de conformidad con la presente \u201cPol\u00edtica de privacidad\u201d.  <\/p>\n<p><b>Recopilaci\u00f3n de informaci\u00f3n<\/b><\/p>\n<p>1. El sitio web del Despacho recopila determinada informaci\u00f3n sobre los visitantes, incluso cuando no han iniciado sesi\u00f3n. El Despacho puede registrar su direcci\u00f3n IP, las URL de los sitios web y p\u00e1ginas que visita (antes, durante y despu\u00e9s de su visita al sitio web del Despacho), las horas y fechas de dichas visitas, informaci\u00f3n sobre el hardware y el software del ordenador que utiliza y otra informaci\u00f3n que pueda estar disponible. Asimismo, el Despacho puede colocar \u201ccookies\u201d en su ordenador para reconocerle en visitas posteriores, permitir al Despacho mejorar su experiencia de navegaci\u00f3n y recopilar informaci\u00f3n adicional sobre usted. Usted puede ajustar la configuraci\u00f3n de su navegador o utilizar otros medios para impedir que se instalen cookies en su ordenador, pero hacerlo puede dar lugar a una funcionalidad reducida y a una experiencia de navegaci\u00f3n menos personalizada.   <\/p>\n<p>2. El Despacho puede solicitarle que facilite determinada informaci\u00f3n adicional sobre usted, incluida su nombre, informaci\u00f3n de contacto, la organizaci\u00f3n de la que procede y otra informaci\u00f3n que el Despacho pueda utilizar para identificarle. Si decide no facilitar dicha informaci\u00f3n, es posible que no se le permita acceder a determinadas funciones, contenidos o servicios del sitio web del Despacho. <\/p>\n<p><b>Uso de la informaci\u00f3n<\/b><\/p>\n<p>1. El Despacho utiliza la informaci\u00f3n que recopila sobre usted para mejorar su experiencia de navegaci\u00f3n personalizando los sitios web del Despacho seg\u00fan sus intereses, y tambi\u00e9n para ayudar al Despacho a seleccionar contenidos y servicios que puedan resultarle interesantes y \u00fatiles. La informaci\u00f3n sobre el contenido que visita y los servicios que utiliza puede emplearse de forma independiente o junto con informaci\u00f3n recopilada de otros usuarios para ayudar al Despacho a adaptar el sitio web del Despacho y sus otros productos y servicios a fin de ajustarlos mejor a las necesidades e intereses de usted y de otros usuarios. <\/p>\n<p>2. La informaci\u00f3n que usted facilite tambi\u00e9n puede utilizarse como parte del esfuerzo del Despacho por mantenerle informado sobre eventos y sobre productos y servicios seleccionados que puedan ser de su inter\u00e9s. En algunos casos, el Despacho puede ponerse en contacto con usted con informaci\u00f3n de terceros cuidadosamente seleccionados, pero el Despacho no facilitar\u00e1 informaci\u00f3n a terceros para tales fines. En otros casos, su informaci\u00f3n podr\u00eda compartirse con un tercero conforme a un proceso que contempla dicho intercambio, pero que usted inicia conscientemente.  <\/p>\n<p>3. El Despacho se reserva el derecho de divulgar cualquier informaci\u00f3n que obtenga a trav\u00e9s del sitio web del Despacho a las autoridades gubernamentales o reguladoras competentes, si as\u00ed lo exige la ley o cualquier organismo gubernamental.<\/p>\n<p><b>Transferencias de informaci\u00f3n<\/b><\/p>\n<p>De vez en cuando, el Despacho puede divulgar informaci\u00f3n sobre usted a proveedores de servicios cuidadosamente seleccionados a los que el Despacho pueda contratar para alojar el sitio web del Despacho o para prestar otros servicios. El Despacho exigir\u00e1 a todos esos proveedores de servicios que utilicen la informaci\u00f3n \u00fanicamente para prestar los servicios especificados y, por lo dem\u00e1s, que cumplan los requisitos de la presente Pol\u00edtica de privacidad. Salvo lo dispuesto en esta Pol\u00edtica de privacidad, el Despacho no facilitar\u00e1 su informaci\u00f3n a terceros para ning\u00fan otro fin, incluido el marketing.  <\/p>\n<p><b>Servicios adicionales<\/b><\/p>\n<p>De vez en cuando, el Despacho puede ofrecer servicios adicionales a trav\u00e9s del sitio web del Despacho. En algunos casos, los servicios adicionales pueden estar sujetos a condiciones de uso alternativas (seg\u00fan lo identifique el Despacho), y su uso de cualquiera de dichos servicios constituir\u00e1 su aceptaci\u00f3n de tales condiciones de uso alternativas. Salvo que se indique lo contrario, dichas condiciones de uso alternativas se aplicar\u00e1n como complemento del presente Acuerdo y, en caso de conflicto entre condiciones, el presente Acuerdo prevalecer\u00e1 respecto de los sitios web, contenidos y servicios del Despacho, exceptuando \u00fanicamente aquellos servicios que est\u00e9n expresamente cubiertos y solo en la medida en que lo est\u00e9n expresamente por dichas condiciones alternativas.  <\/p>\n<p><b>La informaci\u00f3n enviada a trav\u00e9s del sitio web no es segura<\/b><\/p>\n<p>Cualquier informaci\u00f3n enviada al despacho por correo electr\u00f3nico de Internet o a trav\u00e9s del sitio web no es segura y se realiza sin car\u00e1cter confidencial. Cualquier informaci\u00f3n que usted env\u00ede al Despacho a trav\u00e9s de Internet, ya sea mediante el sitio web del Despacho o por correo electr\u00f3nico, se env\u00eda bajo su propia responsabilidad. <\/p>\n<p><b>El env\u00edo de informaci\u00f3n no crea una relaci\u00f3n abogado-cliente<\/b><\/p>\n<p>La transmisi\u00f3n de informaci\u00f3n desde este sitio web no crea una relaci\u00f3n abogado-cliente entre usted y el despacho, ni pretende hacerlo. La transmisi\u00f3n del sitio web, total o parcial, y\/o cualquier comunicaci\u00f3n con nosotros por correo electr\u00f3nico de Internet a trav\u00e9s de este sitio no constituye ni crea una relaci\u00f3n abogado-cliente entre nosotros y ning\u00fan destinatario. <\/p>\n<p><b>Darse de baja<\/b><\/p>\n<p>Los usuarios que deseen darse de baja deben responder a cualquier comunicaci\u00f3n de marketing con el asunto \u201cunsubscribe\u201d.<\/p>\n","protected":false},"excerpt":{"rendered":"<p>El Despacho est\u00e1 comprometido con la protecci\u00f3n de su privacidad y tratar\u00e1 toda la informaci\u00f3n que usted facilite a trav\u00e9s del sitio web del Despacho, incluida su informaci\u00f3n de registro, con el m\u00e1ximo respeto. El Despacho trabaja diligentemente para garantizar que ha adoptado todas las medidas administrativas y t\u00e9cnicas adecuadas para evitar el uso no [&hellip;]<\/p>\n","protected":false},"author":5,"featured_media":0,"parent":0,"menu_order":0,"comment_status":"closed","ping_status":"closed","template":"","meta":{"_et_pb_use_builder":"","_et_pb_old_content":"","_et_gb_content_width":"","footnotes":""},"class_list":["post-90607","page","type-page","status-publish","hentry"],"_links":{"self":[{"href":"https:\/\/www.sanantonioaccidentlawyer.com\/es\/wp-json\/wp\/v2\/pages\/90607","targetHints":{"allow":["GET"]}}],"collection":[{"href":"https:\/\/www.sanantonioaccidentlawyer.com\/es\/wp-json\/wp\/v2\/pages"}],"about":[{"href":"https:\/\/www.sanantonioaccidentlawyer.com\/es\/wp-json\/wp\/v2\/types\/page"}],"author":[{"embeddable":true,"href":"https:\/\/www.sanantonioaccidentlawyer.com\/es\/wp-json\/wp\/v2\/users\/5"}],"replies":[{"embeddable":true,"href":"https:\/\/www.sanantonioaccidentlawyer.com\/es\/wp-json\/wp\/v2\/comments?post=90607"}],"version-history":[{"count":0,"href":"https:\/\/www.sanantonioaccidentlawyer.com\/es\/wp-json\/wp\/v2\/pages\/90607\/revisions"}],"wp:attachment":[{"href":"https:\/\/www.sanantonioaccidentlawyer.com\/es\/wp-json\/wp\/v2\/media?parent=90607"}],"curies":[{"name":"wp","href":"https:\/\/api.w.org\/{rel}","templated":true}]}}