{"id":90609,"date":"2026-03-14T03:05:50","date_gmt":"2026-03-14T03:05:50","guid":{"rendered":"https:\/\/www.sanantonioaccidentlawyer.com\/cobertura-de-motorista-sin-seguro\/"},"modified":"2026-03-14T03:06:02","modified_gmt":"2026-03-14T03:06:02","slug":"cobertura-de-motorista-sin-seguro","status":"publish","type":"page","link":"https:\/\/www.sanantonioaccidentlawyer.com\/es\/cobertura-de-motorista-sin-seguro\/","title":{"rendered":"Cobertura de motorista sin seguro"},"content":{"rendered":"<p>[et_pb_section fb_built=\u00bb1&#8243; fullwidth=\u00bbon\u00bb custom_padding_last_edited=\u00bbon|phone\u00bb _builder_version=\u00bb4.16&#8243; use_background_color_gradient=\u00bbon\u00bb background_color_gradient_stops=\u00bbrgba(9,19,46,0.9) 6%|rgba(9,19,46,0.81) 100%\u00bb background_color_gradient_overlays_image=\u00bbon\u00bb background_color_gradient_start=\u00bbrgba(9,19,46,0.9)\u00bb background_color_gradient_start_position=\u00bb6%\u00bb background_color_gradient_end=\u00bbrgba(9,19,46,0.81)\u00bb background_image=\u00bbhttps:\/\/www.sanantonioaccidentlawyer.com\/wp-content\/uploads\/2019\/08\/car-accidents-attorney.jpg\u00bb custom_margin=\u00bb-63px||||false|false\u00bb custom_padding=\u00bb200px||300px||false|false\u00bb custom_padding_tablet=\u00bb170px||260px||false|false\u00bb custom_padding_phone=\u00bb150px||230px||false|false\u00bb global_colors_info=\u00bb{}\u00bb][et_pb_fullwidth_header title=\u00bbCobertura de motorista sin seguro\u00bb admin_label=\u00bbFullwidth Header\u00bb _builder_version=\u00bb4.16&#8243; title_font=\u00bb|600|||||||\u00bb title_text_align=\u00bbcenter\u00bb title_font_size=\u00bb45px\u00bb background_enable_color=\u00bboff\u00bb background_enable_image=\u00bboff\u00bb custom_margin=\u00bb|0px|||false|false\u00bb custom_padding=\u00bb0px||0px||false|false\u00bb title_font_size_tablet=\u00bb38px\u00bb title_font_size_phone=\u00bb28px\u00bb title_font_size_last_edited=\u00bbon|phone\u00bb global_colors_info=\u00bb{}\u00bb background__hover_enabled=\u00bboff\u00bb][\/et_pb_fullwidth_header][\/et_pb_section][et_pb_section fb_built=\u00bb1&#8243; use_custom_gutter=\u00bbon\u00bb gutter_width=\u00bb2&#8243; specialty=\u00bbon\u00bb custom_padding_last_edited=\u00bbon|phone\u00bb padding_top_2=\u00bb35px\u00bb padding_right_2=\u00bb15px\u00bb padding_bottom_2=\u00bb15px\u00bb padding_left_2=\u00bb15px\u00bb padding_top_bottom_link_2=\u00bbfalse\u00bb padding_left_right_link_2=\u00bbfalse\u00bb module_id_2=\u00bbsidebar-sticky\u00bb module_class_1=\u00bbleft_section\u00bb module_class_2=\u00bbsingle_column_section fixedsticky\u00bb module_class=\u00bbmain_row\u00bb _builder_version=\u00bb4.16&#8243; width_tablet=\u00bb\u00bb width_phone=\u00bb\u00bb width_last_edited=\u00bbon|phone\u00bb max_width_tablet=\u00bb\u00bb max_width_phone=\u00bb\u00bb max_width_last_edited=\u00bbon|phone\u00bb inner_max_width=\u00bb1200px\u00bb inner_max_width_tablet=\u00bb100%\u00bb inner_max_width_phone=\u00bb\u00bb inner_max_width_last_edited=\u00bbon|phone\u00bb custom_padding=\u00bb0px||||false|false\u00bb custom_padding_tablet=\u00bb|15px|20px|15px|false|false\u00bb custom_padding_phone=\u00bb\u00bb locked=\u00bboff\u00bb global_colors_info=\u00bb{}\u00bb][et_pb_column type=\u00bb2_3&#8243; specialty_columns=\u00bb2&#8243; _builder_version=\u00bb4.16&#8243; custom_padding=\u00bb|||\u00bb global_colors_info=\u00bb{}\u00bb custom_padding__hover=\u00bb|||\u00bb][et_pb_row_inner custom_padding_last_edited=\u00bbon|phone\u00bb module_class=\u00bbinner_row\u00bb _builder_version=\u00bb4.16&#8243; background_color=\u00bb#fff\u00bb width=\u00bb100%\u00bb max_width=\u00bb1200px\u00bb custom_padding=\u00bb35px|35px|35px|35px|false|false\u00bb custom_padding_tablet=\u00bb25px|25px|25px|25px|true|true\u00bb custom_padding_phone=\u00bb20px|20px|20px|20px|true|true\u00bb collapsed=\u00bboff\u00bb global_colors_info=\u00bb{}\u00bb][et_pb_column_inner saved_specialty_column_type=\u00bb2_3&#8243; _builder_version=\u00bb4.16&#8243; global_colors_info=\u00bb{}\u00bb][et_pb_text _builder_version=\u00bb4.27.6&#8243; header_2_font=\u00bb|600|||||||\u00bb header_2_font_size=\u00bb30px\u00bb hover_enabled=\u00bb0&#8243; text_font_size_tablet=\u00bb16px\u00bb text_font_size_phone=\u00bb15px\u00bb text_font_size_last_edited=\u00bbon|phone\u00bb text_line_height_tablet=\u00bb1.5em\u00bb text_line_height_phone=\u00bb1.5em\u00bb text_line_height_last_edited=\u00bbon|phone\u00bb header_2_font_size_tablet=\u00bb26px\u00bb header_2_font_size_phone=\u00bb20px\u00bb header_2_font_size_last_edited=\u00bbon|phone\u00bb global_colors_info=\u00bb{}\u00bb header_2_font_size__hover_enabled=\u00bboff\u00bb sticky_enabled=\u00bb0&#8243;]<\/p>\n<h2>\u00bfQu\u00e9 es la cobertura de motorista sin seguro en Texas?<\/h2>\n<p>Las compa\u00f1\u00edas de seguros ofrecen un tipo de cobertura conocido como cobertura de motorista sin seguro, a menudo abreviado como UM o UIM. El prop\u00f3sito espec\u00edfico de este seguro es protegerle a usted y a sus pasajeros cuando se ve involucrado en un accidente con un conductor que no tiene seguro de responsabilidad civil o no tiene suficiente cobertura para pagar sus lesiones y da\u00f1os. En Texas, todas las p\u00f3lizas de seguro de autom\u00f3vil deben incluir cobertura de motorista sin seguro y con seguro insuficiente, a menos que el titular de la p\u00f3liza la rechace espec\u00edficamente por escrito.  <\/p>\n<h2>\u00bfPor qu\u00e9 necesita cobertura de motorista sin seguro?<\/h2>\n<p>El Departamento de Seguros de Texas estima que aproximadamente uno de cada cinco conductores en las carreteras de Texas no tiene seguro. En el \u00e1rea metropolitana de San Antonio, el porcentaje puede ser incluso mayor. Si un conductor sin seguro causa un accidente que le deja con lesiones graves, su falta de seguro significa que no hay una p\u00f3liza de responsabilidad civil para pagar sus <a href=\"https:\/\/www.sanantonioaccidentlawyer.com\/es\/accidentes-de-auto\/facturas-medicas\/\">facturas m\u00e9dicas<\/a>, <a href=\"https:\/\/www.sanantonioaccidentlawyer.com\/es\/accidentes-de-auto\/salarios-perdidos\/\">salarios perdidos<\/a> u otros da\u00f1os.  <\/p>\n<p>La cobertura de motorista con seguro insuficiente es igualmente importante. Texas solo exige que los conductores tengan l\u00edmites m\u00ednimos de responsabilidad civil de 30.000 $ por persona y 60.000 $ por accidente. Una sola visita a urgencias despu\u00e9s de un <a href=\"\/car-accidents\/\">accidente de coche<\/a> grave puede superar los 30.000 $, lo que le deja con una brecha significativa entre los l\u00edmites de la p\u00f3liza del conductor culpable y sus gastos reales. La cobertura UM\/UIM cubre esa brecha utilizando su propia p\u00f3liza.   <\/p>\n<h2>Tipos de cobertura de motorista sin seguro<\/h2>\n<p>Texas reconoce dos formas de protecci\u00f3n de motorista sin seguro:<\/p>\n<ul>\n<li>La <strong>cobertura de motorista sin seguro (UM)<\/strong> se aplica cuando el conductor culpable no tiene ning\u00fan seguro de responsabilidad civil para autom\u00f3viles. Tambi\u00e9n cubre los accidentes de atropello y fuga en los que no se puede identificar al otro conductor. <\/li>\n<li>La <strong>cobertura de motorista con seguro insuficiente (UIM)<\/strong> se aplica cuando el conductor culpable tiene seguro, pero los l\u00edmites de su p\u00f3liza no son suficientes para cubrir la totalidad de sus da\u00f1os.<\/li>\n<\/ul>\n<p>Ambos tipos pueden incluir protecci\u00f3n por lesiones corporales y, dependiendo de su p\u00f3liza, cobertura por da\u00f1os a la propiedad. La acumulaci\u00f3n es otra opci\u00f3n disponible en algunas p\u00f3lizas, que le permite combinar los l\u00edmites de UM\/UIM de varios veh\u00edculos en la misma p\u00f3liza para un pago total m\u00e1s alto. <\/p>\n<h2>Presentar una reclamaci\u00f3n de motorista sin seguro<\/h2>\n<p>Como ocurre con la mayor\u00eda de los problemas relacionados con las compa\u00f1\u00edas de seguros de autom\u00f3viles, el simple hecho de tener una p\u00f3liza de seguro de motorista sin seguro no es suficiente para garantizar que recibir\u00e1 una compensaci\u00f3n completa. Cuando presenta una reclamaci\u00f3n UM o UIM, est\u00e1 haciendo una demanda contra su propia compa\u00f1\u00eda de seguros. A pesar de que ha estado pagando primas para este escenario exacto, su aseguradora a\u00fan puede intentar minimizar o denegar su reclamaci\u00f3n.  <\/p>\n<p>Las t\u00e1cticas comunes incluyen disputar la gravedad de sus lesiones, argumentar que su tratamiento m\u00e9dico fue excesivo o afirmar que una condici\u00f3n preexistente es la responsable de sus s\u00edntomas. Dado que este tipo de denegaciones son m\u00e1s comunes de lo que la mayor\u00eda de la gente cree, es importante hablar con un abogado antes de aceptar cualquier oferta de acuerdo de su propia compa\u00f1\u00eda de seguros. <\/p>\n<h2>Qu\u00e9 hacer despu\u00e9s de un accidente con un conductor sin seguro<\/h2>\n<p>Si le atropella un conductor que no tiene seguro, siga los siguientes pasos para proteger su salud y sus derechos legales:<\/p>\n<ul>\n<li>Llame al 911 y solicite un informe policial que documente el accidente<\/li>\n<li><a href=\"\/car-accidents\/seek-medical-attention\/\">Busque atenci\u00f3n m\u00e9dica<\/a> de inmediato, incluso si sus lesiones parecen menores<\/li>\n<li>Recopile el nombre, la informaci\u00f3n de contacto y los detalles del veh\u00edculo del otro conductor<\/li>\n<li>Tome fotograf\u00edas del lugar del accidente, los da\u00f1os del veh\u00edculo y cualquier lesi\u00f3n visible<\/li>\n<li>Notifique a su propia compa\u00f1\u00eda de seguros que el conductor culpable no tiene seguro<\/li>\n<li>P\u00f3ngase en contacto con un <a href=\"https:\/\/www.sanantonioaccidentlawyer.com\/es\/accidentes-de-auto\/\">abogado de accidentes de coche<\/a> de San Antonio antes de dar una declaraci\u00f3n grabada<\/li>\n<\/ul>\n<h2>Compensaci\u00f3n disponible a trav\u00e9s de una reclamaci\u00f3n UM\/UIM<\/h2>\n<p>Una reclamaci\u00f3n de motorista sin seguro le permite recuperar los mismos tipos de da\u00f1os que perseguir\u00eda a trav\u00e9s de una reclamaci\u00f3n de responsabilidad civil de terceros. Dependiendo de los hechos de su caso y los l\u00edmites de su p\u00f3liza, puede tener derecho a una compensaci\u00f3n por gastos m\u00e9dicos, ingresos perdidos, dolor y sufrimiento, y disminuci\u00f3n de la calidad de vida. Si la conducta del conductor sin seguro fue particularmente imprudente, pueden estar disponibles da\u00f1os adicionales seg\u00fan la ley de Texas.  <\/p>\n<h2>C\u00f3mo puede ayudar un abogado de accidentes de coche de San Antonio<\/h2>\n<p>Uno de los mayores beneficios de la cobertura de motorista sin seguro es que le permite recuperar una compensaci\u00f3n incluso cuando el conductor culpable no tiene forma de pagar. Sin embargo, gestionar una reclamaci\u00f3n UM\/UIM contra su propia aseguradora requiere experiencia legal y un conocimiento profundo de la ley de seguros de Texas. <\/p>\n<p>En los <a href=\"\/\">Despachos de Abogados de Ronald A. Ramos, P.C.<\/a>, nuestros abogados tienen d\u00e9cadas de experiencia en la gesti\u00f3n de <a href=\"\/car-accidents\/insurance-bad-faith\/\">disputas de seguros<\/a> y reclamaciones de motoristas sin seguro en San Antonio y en todo el sur de Texas. Luchamos para asegurarnos de que nuestros clientes reciban cada euro al que su p\u00f3liza les da derecho. <a href=\"\/free-consultation\/\">P\u00f3ngase en contacto con nosotros hoy mismo<\/a> para una <a href=\"https:\/\/www.sanantonioaccidentlawyer.com\/free-consultation\/\">consulta gratuita<\/a>. <\/p>\n<p>[\/et_pb_text][\/et_pb_column_inner][\/et_pb_row_inner][\/et_pb_column][et_pb_column type=\u00bb1_3&#8243; _builder_version=\u00bb4.16&#8243; custom_padding=\u00bb|||\u00bb global_colors_info=\u00bb{}\u00bb custom_padding__hover=\u00bb|||\u00bb][et_pb_text module_class=\u00bbright-column-1 \u00bb _builder_version=\u00bb4.5.7&#8243; text_font_size=\u00bb28px\u00bb header_2_font=\u00bb|600|||||||\u00bb header_2_font_size=\u00bb30px\u00bb header_2_line_height=\u00bb1.2em\u00bb header_2_font_size_tablet=\u00bb26px\u00bb header_2_font_size_phone=\u00bb22px\u00bb header_2_font_size_last_edited=\u00bbon|phone\u00bb global_module=\u00bb1446&#8243; saved_tabs=\u00bball\u00bb global_colors_info=\u00bb{}\u00bb]<\/p>\n<p style=\"text-align: center;\"><strong>Contact Us Today<\/strong><\/p>\n<p>[\/et_pb_text][et_pb_image src=\u00bbhttps:\/\/www.sanantonioaccidentlawyer.com\/wp-content\/uploads\/2019\/09\/photo__2836231_attorney-ronald-ramos.jpg\u00bb align=\u00bbcenter\u00bb _builder_version=\u00bb4.5.3&#8243; global_module=\u00bb1460&#8243; saved_tabs=\u00bball\u00bb global_colors_info=\u00bb{}\u00bb][\/et_pb_image][et_pb_text _builder_version=\u00bb3.26.5&#8243; width=\u00bb97.4%\u00bb custom_margin=\u00bb28px|||||\u00bb global_module=\u00bb1461&#8243; saved_tabs=\u00bball\u00bb global_colors_info=\u00bb{}\u00bb]<\/p>\n<div class=\"wpforms-container wpforms-container-full\" id=\"wpforms-1433\"><form id=\"wpforms-form-1433\" class=\"wpforms-validate wpforms-form\" data-formid=\"1433\" method=\"post\" enctype=\"multipart\/form-data\" action=\"\/es\/wp-json\/wp\/v2\/pages\/90609\" data-token=\"fb6d76170ab667c01979158ba48e68fd\" data-token-time=\"1776519746\"><noscript class=\"wpforms-error-noscript\">Por favor, activa JavaScript en tu navegador para completar este formulario.<\/noscript><div class=\"wpforms-field-container\"><div id=\"wpforms-1433-field_0-container\" class=\"wpforms-field wpforms-field-name\" data-field-id=\"0\"><label class=\"wpforms-field-label wpforms-label-hide\" for=\"wpforms-1433-field_0\">Name <span class=\"wpforms-required-label\">*<\/span><\/label><input type=\"text\" id=\"wpforms-1433-field_0\" class=\"wpforms-field-large wpforms-field-required\" name=\"wpforms[fields][0]\" placeholder=\"Name (Required)\" required><\/div><div id=\"wpforms-1433-field_1-container\" class=\"wpforms-field wpforms-field-email\" data-field-id=\"1\"><label class=\"wpforms-field-label wpforms-label-hide\" for=\"wpforms-1433-field_1\">Email <span class=\"wpforms-required-label\">*<\/span><\/label><input type=\"email\" id=\"wpforms-1433-field_1\" class=\"wpforms-field-large wpforms-field-required\" name=\"wpforms[fields][1]\" placeholder=\"Email (Required)\" spellcheck=\"false\" required><\/div><div id=\"wpforms-1433-field_3-container\" class=\"wpforms-field wpforms-field-text\" data-field-id=\"3\"><label class=\"wpforms-field-label wpforms-label-hide\" for=\"wpforms-1433-field_3\">Phone <span class=\"wpforms-required-label\">*<\/span><\/label><input type=\"text\" id=\"wpforms-1433-field_3\" class=\"wpforms-field-large wpforms-field-required\" name=\"wpforms[fields][3]\" placeholder=\"Phone (Required)\" required><\/div><div id=\"wpforms-1433-field_5-container\" class=\"wpforms-field wpforms-field-select wpforms-field-select-style-classic\" data-field-id=\"5\"><label class=\"wpforms-field-label wpforms-label-hide\" for=\"wpforms-1433-field_5\">Preferred Contact Method<\/label><select id=\"wpforms-1433-field_5\" class=\"wpforms-field-large\" name=\"wpforms[fields][5]\"><option value=\"\" class=\"placeholder\" disabled  selected='selected'>Preferred Contact Method<\/option><option value=\"Call\"  class=\"choice-1 depth-1\"  >Call<\/option><option value=\"Text\"  class=\"choice-2 depth-1\"  >Text<\/option><option value=\"Email\"  class=\"choice-3 depth-1\"  >Email<\/option><\/select><\/div><div id=\"wpforms-1433-field_2-container\" class=\"wpforms-field wpforms-field-textarea\" data-field-id=\"2\"><label class=\"wpforms-field-label wpforms-label-hide\" for=\"wpforms-1433-field_2\">Comment or Message<\/label><textarea id=\"wpforms-1433-field_2\" class=\"wpforms-field-medium\" name=\"wpforms[fields][2]\" placeholder=\"Briefly Describe Your Legal Issue\" ><\/textarea><\/div><div id=\"wpforms-1433-field_6-container\" class=\"wpforms-field wpforms-field-captcha\" data-field-id=\"6\"><label class=\"wpforms-field-label\" for=\"wpforms-1433-field_6\">Captcha <span class=\"wpforms-required-label\">*<\/span><\/label><p id=\"wpforms-1433-field_6-question\" class=\"wpforms-captcha-question\">What is 7+3?<\/p>\n\t\t<input type=\"text\" id=\"wpforms-1433-field_6\" class=\"wpforms-field-medium wpforms-field-required a\" data-rule-wpf-captcha=\"qa\" data-is-wrapped-field=\"1\" data-a=\"10\" name=\"wpforms[fields][6][a]\" aria-describedby=\"wpforms-1433-field_6-question\" required>\n\t\t<input type=\"hidden\" name=\"wpforms[fields][6][q]\" value=\"2\">\n\n\t\t<\/div><\/div><!-- .wpforms-field-container --><div class=\"wpforms-recaptcha-container wpforms-is-recaptcha wpforms-is-recaptcha-type-v3\" ><input type=\"hidden\" name=\"wpforms[recaptcha]\" value=\"\"><\/div><div class=\"wpforms-submit-container\" ><input type=\"hidden\" name=\"wpforms[id]\" value=\"1433\"><input type=\"hidden\" name=\"page_title\" value=\"\"><input type=\"hidden\" name=\"page_url\" value=\"https:\/\/www.sanantonioaccidentlawyer.com\/es\/wp-json\/wp\/v2\/pages\/90609\"><input type=\"hidden\" name=\"url_referer\" value=\"\"><button type=\"submit\" name=\"wpforms[submit]\" id=\"wpforms-submit-1433\" class=\"wpforms-submit\" data-alt-text=\"Sending...\" data-submit-text=\"GET YOUR FREE CASE REVIEW\" aria-live=\"assertive\" value=\"wpforms-submit\">GET YOUR FREE CASE REVIEW<\/button><\/div><\/form><\/div>  <!-- .wpforms-container -->\n<p>[\/et_pb_text][\/et_pb_column][\/et_pb_section]<\/p>\n","protected":false},"excerpt":{"rendered":"<p>\u00bfQu\u00e9 es la cobertura de motorista sin seguro en Texas? Las compa\u00f1\u00edas de seguros ofrecen un tipo de cobertura conocido como cobertura de motorista sin seguro, a menudo abreviado como UM o UIM. El prop\u00f3sito espec\u00edfico de este seguro es protegerle a usted y a sus pasajeros cuando se ve involucrado en un accidente con [&hellip;]<\/p>\n","protected":false},"author":5,"featured_media":0,"parent":0,"menu_order":0,"comment_status":"closed","ping_status":"closed","template":"","meta":{"_et_pb_use_builder":"on","_et_pb_old_content":"","_et_gb_content_width":"","footnotes":""},"class_list":["post-90609","page","type-page","status-publish","hentry"],"_links":{"self":[{"href":"https:\/\/www.sanantonioaccidentlawyer.com\/es\/wp-json\/wp\/v2\/pages\/90609","targetHints":{"allow":["GET"]}}],"collection":[{"href":"https:\/\/www.sanantonioaccidentlawyer.com\/es\/wp-json\/wp\/v2\/pages"}],"about":[{"href":"https:\/\/www.sanantonioaccidentlawyer.com\/es\/wp-json\/wp\/v2\/types\/page"}],"author":[{"embeddable":true,"href":"https:\/\/www.sanantonioaccidentlawyer.com\/es\/wp-json\/wp\/v2\/users\/5"}],"replies":[{"embeddable":true,"href":"https:\/\/www.sanantonioaccidentlawyer.com\/es\/wp-json\/wp\/v2\/comments?post=90609"}],"version-history":[{"count":0,"href":"https:\/\/www.sanantonioaccidentlawyer.com\/es\/wp-json\/wp\/v2\/pages\/90609\/revisions"}],"wp:attachment":[{"href":"https:\/\/www.sanantonioaccidentlawyer.com\/es\/wp-json\/wp\/v2\/media?parent=90609"}],"curies":[{"name":"wp","href":"https:\/\/api.w.org\/{rel}","templated":true}]}}